{"id":10276,"date":"2024-05-21T11:01:06","date_gmt":"2024-05-21T09:01:06","guid":{"rendered":"https:\/\/www.portbase.com\/?page_id=10276"},"modified":"2024-12-09T14:27:18","modified_gmt":"2024-12-09T13:27:18","slug":"parken-bei-portbase","status":"publish","type":"page","link":"https:\/\/www.portbase.com\/de\/kontakt-3\/parken-bei-portbase\/","title":{"rendered":"Parken bei Portbase"},"content":{"rendered":"\n<div class=\"wp-block-group alignfull is-layout-constrained wp-block-group-is-layout-constrained\" style=\"padding-top:0;padding-bottom:0\">\n<div class=\"wp-block-group alignwide has-light-blue-background-color has-background is-layout-constrained wp-block-group-is-layout-constrained\" style=\"padding-top:var(--wp--preset--spacing--80);padding-bottom:var(--wp--preset--spacing--80)\">\n<div class=\"wp-block-group is-layout-constrained wp-container-core-group-is-layout-a099c240 wp-block-group-is-layout-constrained\">\n<p class=\"has-text-align-center has-blue-color has-text-color has-link-color wp-elements-17aab0ef2db5f9bff00a5a2b6569d34d\">Kontakt<\/p>\n\n\n\n<h1 class=\"wp-block-heading has-text-align-center\"><mark style=\"background-color:rgba(0, 0, 0, 0)\" class=\"has-inline-color has-orange-color\">Parken<\/mark> bei Portbase<\/h1>\n<\/div>\n<\/div>\n<\/div>\n\n\n\n<div class=\"wp-block-group alignfull has-white-background-color has-background is-layout-constrained wp-block-group-is-layout-constrained\" style=\"margin-top:50px;margin-bottom:50px;padding-top:0;padding-bottom:0\">\n<div class=\"wp-block-media-text alignwide has-media-on-the-right is-stacked-on-mobile has-light-blue-background-color has-background\"><div class=\"wp-block-media-text__content\">\n<p class=\"has-blue-color has-text-color has-link-color wp-elements-e2b9668a38303fa3a8d800a50fdddc84\">Parken <\/p>\n\n\n\n<h2 class=\"wp-block-heading\">So kommen Sie zu <mark style=\"background-color:rgba(0, 0, 0, 0)\" class=\"has-inline-color has-orange-color\">Portbase<\/mark><\/h2>\n\n\n\n<div class=\"wp-block-group is-content-justification-left is-layout-constrained wp-container-core-group-is-layout-1cfc8138 wp-block-group-is-layout-constrained\" style=\"margin-top:var(--wp--preset--spacing--40);margin-bottom:var(--wp--preset--spacing--40)\">\n<p>Der Eingang zur Tiefgarage befindet sich in der Wijnstraat (auf der R\u00fcckseite unseres B\u00fcrogeb\u00e4udes). Der einfachste Weg dorthin ist, wenn Sie von Blaak kommen, in die Zwartehondstraat einzubiegen und dann die erste Stra\u00dfe links zu nehmen (Wijnstraat). Nach 50 Metern sehen Sie den Eingang zur Tiefgarage auf Ihrer linken Seite. Von der Tiefgarage aus k\u00f6nnen Sie \u00fcber die 1. Parketage die zentrale Halle erreichen. In dieser zentralen Halle k\u00f6nnen Sie sich an der Rezeption anmelden. Wenn die Tiefgarage voll ist, k\u00f6nnen Sie (kostenpflichtig) in der Tiefgarage &#8222;Markthal&#8220; parken.<\/p>\n<\/div>\n<\/div><figure class=\"wp-block-media-text__media\"><img decoding=\"async\" width=\"1005\" height=\"534\" src=\"https:\/\/www.portbase.com\/wp-content\/uploads\/2024\/05\/Blaak-parkeren3.png\" alt=\"\" class=\"wp-image-10089 size-full\" srcset=\"https:\/\/www.portbase.com\/wp-content\/uploads\/2024\/05\/Blaak-parkeren3.png 1005w, https:\/\/www.portbase.com\/wp-content\/uploads\/2024\/05\/Blaak-parkeren3-300x159.png 300w, https:\/\/www.portbase.com\/wp-content\/uploads\/2024\/05\/Blaak-parkeren3-768x408.png 768w\" sizes=\"(max-width: 1005px) 100vw, 1005px\" \/><\/figure><\/div>\n<\/div>\n","protected":false},"excerpt":{"rendered":"<p>Kontakt Parken bei Portbase Parken So kommen Sie zu Portbase Der Eingang zur Tiefgarage befindet sich in der Wijnstraat (auf der R\u00fcckseite unseres B\u00fcrogeb\u00e4udes). Der einfachste Weg dorthin ist, wenn Sie von Blaak kommen, in die Zwartehondstraat einzubiegen und dann die erste Stra\u00dfe links zu nehmen (Wijnstraat). Nach 50 Metern sehen Sie den Eingang zur [&hellip;]<\/p>\n","protected":false},"author":1,"featured_media":0,"parent":11008,"menu_order":0,"comment_status":"closed","ping_status":"closed","template":"","meta":{"_acf_changed":false,"_searchwp_excluded":"","site-sidebar-layout":"default","site-content-layout":"","ast-site-content-layout":"default","site-content-style":"default","site-sidebar-style":"default","ast-global-header-display":"","ast-banner-title-visibility":"","ast-main-header-display":"","ast-hfb-above-header-display":"","ast-hfb-below-header-display":"","ast-hfb-mobile-header-display":"","site-post-title":"disabled","ast-breadcrumbs-content":"","ast-featured-img":"","footer-sml-layout":"","ast-disable-related-posts":"","theme-transparent-header-meta":"","adv-header-id-meta":"","stick-header-meta":"","header-above-stick-meta":"","header-main-stick-meta":"","header-below-stick-meta":"","astra-migrate-meta-layouts":"default","ast-page-background-enabled":"default","ast-page-background-meta":{"desktop":{"background-color":"var(--ast-global-color-4)","background-image":"","background-repeat":"repeat","background-position":"center center","background-size":"auto","background-attachment":"scroll","background-type":"","background-media":"","overlay-type":"","overlay-color":"","overlay-opacity":"","overlay-gradient":""},"tablet":{"background-color":"","background-image":"","background-repeat":"repeat","background-position":"center center","background-size":"auto","background-attachment":"scroll","background-type":"","background-media":"","overlay-type":"","overlay-color":"","overlay-opacity":"","overlay-gradient":""},"mobile":{"background-color":"","background-image":"","background-repeat":"repeat","background-position":"center center","background-size":"auto","background-attachment":"scroll","background-type":"","background-media":"","overlay-type":"","overlay-color":"","overlay-opacity":"","overlay-gradient":""}},"ast-content-background-meta":{"desktop":{"background-color":"var(--ast-global-color-5)","background-image":"","background-repeat":"repeat","background-position":"center center","background-size":"auto","background-attachment":"scroll","background-type":"","background-media":"","overlay-type":"","overlay-color":"","overlay-opacity":"","overlay-gradient":""},"tablet":{"background-color":"var(--ast-global-color-5)","background-image":"","background-repeat":"repeat","background-position":"center center","background-size":"auto","background-attachment":"scroll","background-type":"","background-media":"","overlay-type":"","overlay-color":"","overlay-opacity":"","overlay-gradient":""},"mobile":{"background-color":"var(--ast-global-color-5)","background-image":"","background-repeat":"repeat","background-position":"center center","background-size":"auto","background-attachment":"scroll","background-type":"","background-media":"","overlay-type":"","overlay-color":"","overlay-opacity":"","overlay-gradient":""}},"footnotes":""},"class_list":["post-10276","page","type-page","status-publish","hentry"],"acf":[],"yoast_head":"<!-- This site is optimized with the Yoast SEO plugin v27.3 - https:\/\/yoast.com\/product\/yoast-seo-wordpress\/ -->\n<title>Parken bei Portbase - Portbase<\/title>\n<meta name=\"description\" content=\"M\u00f6chtest du wissen, wo du bei Portbase parken kannst? Entdecke die Parkm\u00f6glichkeiten rund um unser B\u00fcro f\u00fcr einen einfachen und bequemen Zugang.\" \/>\n<meta name=\"robots\" content=\"index, follow, max-snippet:-1, max-image-preview:large, max-video-preview:-1\" \/>\n<link rel=\"canonical\" href=\"https:\/\/www.portbase.com\/de\/kontakt-3\/parken-bei-portbase\/\" \/>\n<meta property=\"og:locale\" content=\"de_DE\" \/>\n<meta property=\"og:type\" content=\"article\" \/>\n<meta property=\"og:title\" content=\"Parken bei Portbase - Portbase\" \/>\n<meta property=\"og:description\" content=\"M\u00f6chtest du wissen, wo du bei Portbase parken kannst? Entdecke die Parkm\u00f6glichkeiten rund um unser B\u00fcro f\u00fcr einen einfachen und bequemen Zugang.\" \/>\n<meta property=\"og:url\" content=\"https:\/\/www.portbase.com\/de\/kontakt-3\/parken-bei-portbase\/\" \/>\n<meta property=\"og:site_name\" content=\"Portbase\" \/>\n<meta property=\"article:publisher\" content=\"https:\/\/www.facebook.com\/portbase\" \/>\n<meta property=\"article:modified_time\" content=\"2024-12-09T13:27:18+00:00\" \/>\n<meta property=\"og:image\" content=\"https:\/\/www.portbase.com\/wp-content\/uploads\/2024\/05\/Blaak-parkeren3.png\" \/>\n<meta name=\"twitter:card\" content=\"summary_large_image\" \/>\n<meta name=\"twitter:label1\" content=\"Gesch\u00e4tzte Lesezeit\" \/>\n\t<meta name=\"twitter:data1\" content=\"1\u00a0Minute\" \/>\n<script type=\"application\/ld+json\" class=\"yoast-schema-graph\">{\"@context\":\"https:\\\/\\\/schema.org\",\"@graph\":[{\"@type\":\"WebPage\",\"@id\":\"https:\\\/\\\/www.portbase.com\\\/de\\\/kontakt-3\\\/parken-bei-portbase\\\/\",\"url\":\"https:\\\/\\\/www.portbase.com\\\/de\\\/kontakt-3\\\/parken-bei-portbase\\\/\",\"name\":\"Parken bei Portbase - Portbase\",\"isPartOf\":{\"@id\":\"https:\\\/\\\/www.portbase.com\\\/de\\\/#website\"},\"primaryImageOfPage\":{\"@id\":\"https:\\\/\\\/www.portbase.com\\\/de\\\/kontakt-3\\\/parken-bei-portbase\\\/#primaryimage\"},\"image\":{\"@id\":\"https:\\\/\\\/www.portbase.com\\\/de\\\/kontakt-3\\\/parken-bei-portbase\\\/#primaryimage\"},\"thumbnailUrl\":\"https:\\\/\\\/www.portbase.com\\\/wp-content\\\/uploads\\\/2024\\\/05\\\/Blaak-parkeren3.png\",\"datePublished\":\"2024-05-21T09:01:06+00:00\",\"dateModified\":\"2024-12-09T13:27:18+00:00\",\"description\":\"M\u00f6chtest du wissen, wo du bei Portbase parken kannst? Entdecke die Parkm\u00f6glichkeiten rund um unser B\u00fcro f\u00fcr einen einfachen und bequemen Zugang.\",\"breadcrumb\":{\"@id\":\"https:\\\/\\\/www.portbase.com\\\/de\\\/kontakt-3\\\/parken-bei-portbase\\\/#breadcrumb\"},\"inLanguage\":\"de\",\"potentialAction\":[{\"@type\":\"ReadAction\",\"target\":[\"https:\\\/\\\/www.portbase.com\\\/de\\\/kontakt-3\\\/parken-bei-portbase\\\/\"]}]},{\"@type\":\"ImageObject\",\"inLanguage\":\"de\",\"@id\":\"https:\\\/\\\/www.portbase.com\\\/de\\\/kontakt-3\\\/parken-bei-portbase\\\/#primaryimage\",\"url\":\"https:\\\/\\\/www.portbase.com\\\/wp-content\\\/uploads\\\/2024\\\/05\\\/Blaak-parkeren3.png\",\"contentUrl\":\"https:\\\/\\\/www.portbase.com\\\/wp-content\\\/uploads\\\/2024\\\/05\\\/Blaak-parkeren3.png\"},{\"@type\":\"BreadcrumbList\",\"@id\":\"https:\\\/\\\/www.portbase.com\\\/de\\\/kontakt-3\\\/parken-bei-portbase\\\/#breadcrumb\",\"itemListElement\":[{\"@type\":\"ListItem\",\"position\":1,\"name\":\"Home\",\"item\":\"https:\\\/\\\/www.portbase.com\\\/de\\\/\"},{\"@type\":\"ListItem\",\"position\":2,\"name\":\"Kontakt &#8211; Vertrieb\",\"item\":\"https:\\\/\\\/www.portbase.com\\\/de\\\/kontakt-3\\\/\"},{\"@type\":\"ListItem\",\"position\":3,\"name\":\"Parken bei Portbase\"}]},{\"@type\":\"WebSite\",\"@id\":\"https:\\\/\\\/www.portbase.com\\\/de\\\/#website\",\"url\":\"https:\\\/\\\/www.portbase.com\\\/de\\\/\",\"name\":\"Portbase\",\"description\":\"\",\"publisher\":{\"@id\":\"https:\\\/\\\/www.portbase.com\\\/de\\\/#organization\"},\"potentialAction\":[{\"@type\":\"SearchAction\",\"target\":{\"@type\":\"EntryPoint\",\"urlTemplate\":\"https:\\\/\\\/www.portbase.com\\\/de\\\/?s={search_term_string}\"},\"query-input\":{\"@type\":\"PropertyValueSpecification\",\"valueRequired\":true,\"valueName\":\"search_term_string\"}}],\"inLanguage\":\"de\"},{\"@type\":\"Organization\",\"@id\":\"https:\\\/\\\/www.portbase.com\\\/de\\\/#organization\",\"name\":\"Portbase\",\"url\":\"https:\\\/\\\/www.portbase.com\\\/de\\\/\",\"logo\":{\"@type\":\"ImageObject\",\"inLanguage\":\"de\",\"@id\":\"https:\\\/\\\/www.portbase.com\\\/de\\\/#\\\/schema\\\/logo\\\/image\\\/\",\"url\":\"https:\\\/\\\/www.portbase.com\\\/wp-content\\\/uploads\\\/2024\\\/03\\\/portbase-logo.svg\",\"contentUrl\":\"https:\\\/\\\/www.portbase.com\\\/wp-content\\\/uploads\\\/2024\\\/03\\\/portbase-logo.svg\",\"width\":1,\"height\":1,\"caption\":\"Portbase\"},\"image\":{\"@id\":\"https:\\\/\\\/www.portbase.com\\\/de\\\/#\\\/schema\\\/logo\\\/image\\\/\"},\"sameAs\":[\"https:\\\/\\\/www.facebook.com\\\/portbase\",\"https:\\\/\\\/www.linkedin.com\\\/company\\\/portbase\",\"https:\\\/\\\/www.instagram.com\\\/portbase\\\/\",\"https:\\\/\\\/www.youtube.com\\\/user\\\/PortbaseOnline\"]}]}<\/script>\n<!-- \/ Yoast SEO plugin. -->","yoast_head_json":{"title":"Parken bei Portbase - Portbase","description":"M\u00f6chtest du wissen, wo du bei Portbase parken kannst? Entdecke die Parkm\u00f6glichkeiten rund um unser B\u00fcro f\u00fcr einen einfachen und bequemen Zugang.","robots":{"index":"index","follow":"follow","max-snippet":"max-snippet:-1","max-image-preview":"max-image-preview:large","max-video-preview":"max-video-preview:-1"},"canonical":"https:\/\/www.portbase.com\/de\/kontakt-3\/parken-bei-portbase\/","og_locale":"de_DE","og_type":"article","og_title":"Parken bei Portbase - Portbase","og_description":"M\u00f6chtest du wissen, wo du bei Portbase parken kannst? Entdecke die Parkm\u00f6glichkeiten rund um unser B\u00fcro f\u00fcr einen einfachen und bequemen Zugang.","og_url":"https:\/\/www.portbase.com\/de\/kontakt-3\/parken-bei-portbase\/","og_site_name":"Portbase","article_publisher":"https:\/\/www.facebook.com\/portbase","article_modified_time":"2024-12-09T13:27:18+00:00","og_image":[{"url":"https:\/\/www.portbase.com\/wp-content\/uploads\/2024\/05\/Blaak-parkeren3.png","type":"","width":"","height":""}],"twitter_card":"summary_large_image","twitter_misc":{"Gesch\u00e4tzte Lesezeit":"1\u00a0Minute"},"schema":{"@context":"https:\/\/schema.org","@graph":[{"@type":"WebPage","@id":"https:\/\/www.portbase.com\/de\/kontakt-3\/parken-bei-portbase\/","url":"https:\/\/www.portbase.com\/de\/kontakt-3\/parken-bei-portbase\/","name":"Parken bei Portbase - Portbase","isPartOf":{"@id":"https:\/\/www.portbase.com\/de\/#website"},"primaryImageOfPage":{"@id":"https:\/\/www.portbase.com\/de\/kontakt-3\/parken-bei-portbase\/#primaryimage"},"image":{"@id":"https:\/\/www.portbase.com\/de\/kontakt-3\/parken-bei-portbase\/#primaryimage"},"thumbnailUrl":"https:\/\/www.portbase.com\/wp-content\/uploads\/2024\/05\/Blaak-parkeren3.png","datePublished":"2024-05-21T09:01:06+00:00","dateModified":"2024-12-09T13:27:18+00:00","description":"M\u00f6chtest du wissen, wo du bei Portbase parken kannst? Entdecke die Parkm\u00f6glichkeiten rund um unser B\u00fcro f\u00fcr einen einfachen und bequemen Zugang.","breadcrumb":{"@id":"https:\/\/www.portbase.com\/de\/kontakt-3\/parken-bei-portbase\/#breadcrumb"},"inLanguage":"de","potentialAction":[{"@type":"ReadAction","target":["https:\/\/www.portbase.com\/de\/kontakt-3\/parken-bei-portbase\/"]}]},{"@type":"ImageObject","inLanguage":"de","@id":"https:\/\/www.portbase.com\/de\/kontakt-3\/parken-bei-portbase\/#primaryimage","url":"https:\/\/www.portbase.com\/wp-content\/uploads\/2024\/05\/Blaak-parkeren3.png","contentUrl":"https:\/\/www.portbase.com\/wp-content\/uploads\/2024\/05\/Blaak-parkeren3.png"},{"@type":"BreadcrumbList","@id":"https:\/\/www.portbase.com\/de\/kontakt-3\/parken-bei-portbase\/#breadcrumb","itemListElement":[{"@type":"ListItem","position":1,"name":"Home","item":"https:\/\/www.portbase.com\/de\/"},{"@type":"ListItem","position":2,"name":"Kontakt &#8211; Vertrieb","item":"https:\/\/www.portbase.com\/de\/kontakt-3\/"},{"@type":"ListItem","position":3,"name":"Parken bei Portbase"}]},{"@type":"WebSite","@id":"https:\/\/www.portbase.com\/de\/#website","url":"https:\/\/www.portbase.com\/de\/","name":"Portbase","description":"","publisher":{"@id":"https:\/\/www.portbase.com\/de\/#organization"},"potentialAction":[{"@type":"SearchAction","target":{"@type":"EntryPoint","urlTemplate":"https:\/\/www.portbase.com\/de\/?s={search_term_string}"},"query-input":{"@type":"PropertyValueSpecification","valueRequired":true,"valueName":"search_term_string"}}],"inLanguage":"de"},{"@type":"Organization","@id":"https:\/\/www.portbase.com\/de\/#organization","name":"Portbase","url":"https:\/\/www.portbase.com\/de\/","logo":{"@type":"ImageObject","inLanguage":"de","@id":"https:\/\/www.portbase.com\/de\/#\/schema\/logo\/image\/","url":"https:\/\/www.portbase.com\/wp-content\/uploads\/2024\/03\/portbase-logo.svg","contentUrl":"https:\/\/www.portbase.com\/wp-content\/uploads\/2024\/03\/portbase-logo.svg","width":1,"height":1,"caption":"Portbase"},"image":{"@id":"https:\/\/www.portbase.com\/de\/#\/schema\/logo\/image\/"},"sameAs":["https:\/\/www.facebook.com\/portbase","https:\/\/www.linkedin.com\/company\/portbase","https:\/\/www.instagram.com\/portbase\/","https:\/\/www.youtube.com\/user\/PortbaseOnline"]}]}},"_links":{"self":[{"href":"https:\/\/www.portbase.com\/de\/wp-json\/wp\/v2\/pages\/10276","targetHints":{"allow":["GET"]}}],"collection":[{"href":"https:\/\/www.portbase.com\/de\/wp-json\/wp\/v2\/pages"}],"about":[{"href":"https:\/\/www.portbase.com\/de\/wp-json\/wp\/v2\/types\/page"}],"author":[{"embeddable":true,"href":"https:\/\/www.portbase.com\/de\/wp-json\/wp\/v2\/users\/1"}],"replies":[{"embeddable":true,"href":"https:\/\/www.portbase.com\/de\/wp-json\/wp\/v2\/comments?post=10276"}],"version-history":[{"count":5,"href":"https:\/\/www.portbase.com\/de\/wp-json\/wp\/v2\/pages\/10276\/revisions"}],"predecessor-version":[{"id":16212,"href":"https:\/\/www.portbase.com\/de\/wp-json\/wp\/v2\/pages\/10276\/revisions\/16212"}],"up":[{"embeddable":true,"href":"https:\/\/www.portbase.com\/de\/wp-json\/wp\/v2\/pages\/11008"}],"wp:attachment":[{"href":"https:\/\/www.portbase.com\/de\/wp-json\/wp\/v2\/media?parent=10276"}],"curies":[{"name":"wp","href":"https:\/\/api.w.org\/{rel}","templated":true}]}}