{"id":10884,"date":"2024-04-22T11:50:07","date_gmt":"2024-04-22T09:50:07","guid":{"rendered":"https:\/\/www.portbase.com\/cookie-richtlinie\/"},"modified":"2026-01-28T11:17:04","modified_gmt":"2026-01-28T10:17:04","slug":"cookie-richtlinie","status":"publish","type":"page","link":"https:\/\/www.portbase.com\/de\/cookie-richtlinie\/","title":{"rendered":"Cookie-Richtlinie"},"content":{"rendered":"\n<div class=\"wp-block-group alignfull has-white-background-color has-background is-layout-constrained wp-block-group-is-layout-constrained\" style=\"padding-top:0\">\n<div class=\"wp-block-cover alignwide is-style-default has-dark-blue-color has-text-color has-link-color wp-elements-1784d8902cab7683e2996e24def8b823\" style=\"min-height:45vh;aspect-ratio:unset;\"><img decoding=\"async\" width=\"2560\" height=\"1707\" class=\"wp-block-cover__image-background wp-image-8131\" alt=\"\" src=\"https:\/\/www.portbase.com\/wp-content\/uploads\/2024\/04\/20180206-_H4A8907-1-scaled.jpg\" data-object-fit=\"cover\" srcset=\"https:\/\/www.portbase.com\/wp-content\/uploads\/2024\/04\/20180206-_H4A8907-1-scaled.jpg 2560w, https:\/\/www.portbase.com\/wp-content\/uploads\/2024\/04\/20180206-_H4A8907-1-300x200.jpg 300w, https:\/\/www.portbase.com\/wp-content\/uploads\/2024\/04\/20180206-_H4A8907-1-1024x683.jpg 1024w, https:\/\/www.portbase.com\/wp-content\/uploads\/2024\/04\/20180206-_H4A8907-1-768x512.jpg 768w, https:\/\/www.portbase.com\/wp-content\/uploads\/2024\/04\/20180206-_H4A8907-1-1536x1024.jpg 1536w, https:\/\/www.portbase.com\/wp-content\/uploads\/2024\/04\/20180206-_H4A8907-1-2048x1365.jpg 2048w\" sizes=\"(max-width: 2560px) 100vw, 2560px\" \/><span aria-hidden=\"true\" class=\"wp-block-cover__background has-dark-blue-background-color has-background-dim-80 has-background-dim\"><\/span><div class=\"wp-block-cover__inner-container is-layout-constrained wp-container-core-cover-is-layout-18af65a0 wp-block-cover-is-layout-constrained\">\n<h1 class=\"wp-block-heading has-text-align-center has-blue-color has-text-color has-link-color wp-elements-edc0c74dc8402f6eac0060190a219887\"><mark style=\"background-color:rgba(0, 0, 0, 0)\" class=\"has-inline-color has-white-color\">Cookie-Richtlinie<\/mark><\/h1>\n<\/div><\/div>\n<\/div>\n\n\n\n<div class=\"wp-block-group alignfull has-white-background-color has-background is-layout-constrained wp-container-core-group-is-layout-a7c27be1 wp-block-group-is-layout-constrained\">\n<div class=\"wp-block-group alignfull is-content-justification-center is-layout-constrained wp-block-group-is-layout-constrained\" style=\"padding-top:0;padding-bottom:0\">\n<p class=\"has-text-align-left\">Nachfolgend finden Sie eine Erl\u00e4uterung der von Portbase verwendeten Arten von Cookies und deren Funktion (Version Januar 2025). Einige dieser Informationen finden Sie auch auf der Seite \u201eDatenschutzeinstellungen\u201c am Fu\u00df der Website(s) von Portbase (<a href=\"https:\/\/www.portbase.com\/de\/\">www.portbase.com<\/a>,\u202f<a href=\"https:\/\/developer.portbase.com\/\" target=\"_blank\" rel=\"noreferrer noopener\">developer.portbase.com<\/a>,\u202f<a href=\"https:\/\/support.portbase.com\/hc\/de\" target=\"_blank\" rel=\"noreferrer noopener\">support.portbase.com<\/a>,\u202f <a href=\"https:\/\/werkenbij.portbase.com\/\" target=\"_blank\" rel=\"noreferrer noopener\">werkenbij.portbase.com<\/a>\u202fund\u202f<a href=\"https:\/\/www.iamconnected.eu\/\" target=\"_blank\" rel=\"noreferrer noopener\">www.iamconnected.eu<\/a>). Obwohl unsere Technologien aktualisiert werden k\u00f6nnen, bieten die folgenden Informationen eine kurze Beschreibung der wichtigsten auf den Websites verwendeten Technologien.\u00a0<\/p>\n\n\n\n<p class=\"has-text-align-left\"><\/p>\n<\/div>\n\n\n\n<hr class=\"wp-block-separator has-alpha-channel-opacity\"\/>\n\n\n\n<h2 class=\"wp-block-heading\">Unsere <mark style=\"background-color:rgba(0, 0, 0, 0)\" class=\"has-inline-color has-orange-color\">Cookie-Richtlinie<\/mark><\/h2>\n\n\n\n<h5 class=\"wp-block-heading\"><strong>Datenschutz&nbsp;<\/strong><\/h5>\n\n\n\n<p>Personenbezogene Daten, die auf der Grundlage der gesetzten Cookies verarbeitet werden k\u00f6nnen, unterliegen unserer Datenschutzerkl\u00e4rung. Diese finden Sie auf unserer Website bzw. unseren Websites.&nbsp;<\/p>\n\n\n\n<h5 class=\"wp-block-heading\"><strong>\u00c4nderungen&nbsp;<\/strong><\/h5>\n\n\n\n<p>Portbase beh\u00e4lt sich das Recht vor, diese Cookie-Richtlinie zu \u00e4ndern. \u00c4nderungen an dieser Cookie-Richtlinie treten in Kraft, sobald sie auf der\/den Website(s) ver\u00f6ffentlicht werden. Portbase empfiehlt, diese Cookie-Richtlinie regelm\u00e4\u00dfig zu konsultieren, damit Sie stets \u00fcber den Inhalt der geltenden Cookie-Richtlinie informiert sind. Wenn diese \u00c4nderungen f\u00fcr die Beteiligten von gro\u00dfer Bedeutung sind, wird Portbase Sie stets dar\u00fcber informieren.&nbsp;Haben Sie Fragen zu dieser Cookie-Richtlinie? Dann wenden Sie sich bitte an die Kundendienstabteilung von Portbase unter\u202f\u202f\u202f<a href=\"mailto:customerservice@portbase.com\" target=\"_blank\" rel=\"noreferrer noopener\">customerservice@portbase.com<\/a>.&nbsp;<\/p>\n\n\n\n<h5 class=\"wp-block-heading\"><strong>Cookie-\u00dcbersicht&nbsp;&nbsp;<\/strong><\/h5>\n\n\n\n<p>Diese Website verwendet Cookies. Cookies sind kleine Textdateien, die von Websites verwendet werden k\u00f6nnen, um die Benutzererfahrung effizienter zu gestalten. Portbase verwendet Cookies, um unseren Besuchern die Nutzung unserer Website(s) zu erleichtern. Portbase verwendet funktionale Cookies, damit Besucher auf der\/den Website(s) navigieren und die angebotenen Dienste in Anspruch nehmen k\u00f6nnen. Portbase verwendet auch Analyse-Cookies, um Informationen \u00fcber das Besucherverhalten auf der\/den Website(s) zu sammeln. Portbase verwendet ebenfalls Marketing-Cookies, um Besucher \u00fcber verschiedene Websites hinweg zu verfolgen. Ziel ist es, gezielte Werbung anzuzeigen, die f\u00fcr den einzelnen Nutzer relevant ist.<\/p>\n\n\n\n<p>Diese Cookies speichern keine Daten, die dazu verwendet werden k\u00f6nnten, Ihre Identit\u00e4t festzustellen, und die Besucherdaten bleiben anonym. Wenn Sie unsere Website(s) weiter nutzen, stimmen Sie diesen Cookies zu.&nbsp;&nbsp;&nbsp;<\/p>\n\n\n\n<p>Laut Gesetz d\u00fcrfen wir Cookies auf Ihrem Ger\u00e4t speichern, wenn diese f\u00fcr den Betrieb dieser Website unbedingt erforderlich sind. F\u00fcr alle anderen Arten von Cookies ben\u00f6tigen wir Ihre Einwilligung. Das bedeutet, dass Cookies, die als notwendig eingestuft werden, auf der Grundlage von Art. 6 (1) (f) DSGVO verarbeitet werden. Alle anderen Cookies, d.h. Pr\u00e4ferenz- und Marketing-Cookies, werden auf der Grundlage von Art. 6 (1) (a) DSGVO verarbeitet.&nbsp;&nbsp;<\/p>\n\n\n\n<p>Diese Website verwendet verschiedene Arten von Cookies. Einige Cookies werden von Diensten Dritter gesetzt, die auf unseren Seiten erscheinen.&nbsp;&nbsp;&nbsp;<\/p>\n\n\n\n<p>Sie k\u00f6nnen Ihre Einwilligung zur Verwendung von Cookies jederzeit auf unserer\/unseren Website(s) oder durch \u00c4nderung der Einstellungen Ihres Browsers \u00e4ndern oder widerrufen. Wenn Sie diese Funktion jedoch deaktivieren, kann dies Ihr Erlebnis auf der\/den Website(s) beeintr\u00e4chtigen und dazu f\u00fchren, dass einige Funktionen nicht wie beabsichtigt funktionieren.&nbsp;<\/p>\n\n\n\n<ul class=\"wp-block-list\">\n<li><strong>Notwendige Cookies<\/strong>: Notwendige Cookies helfen dabei, eine Webseite nutzbar zu machen, indem sie Grundfunktionen wie Seitennavigation und Zugriff auf sichere Bereiche der Webseite erm\u00f6glichen. Die Webseite kann ohne diese Cookies nicht richtig funktionieren.&nbsp;<\/li>\n\n\n\n<li><strong>Pr\u00e4ferenz-Cookies<\/strong>: Pr\u00e4ferenz-Cookies erm\u00f6glichen einer Webseite sich an Informationen zu erinnern, die die Art beeinflussen, wie sich eine Webseite verh\u00e4lt oder aussieht, wie z. B. Ihre bevorzugte Sprache oder die Region in der Sie sich befinden.&nbsp;<\/li>\n\n\n\n<li><strong>Statistik-Cookies<\/strong>: Statistik-Cookies helfen Webseiten-Besitzern zu verstehen, wie Besucher mit Webseiten interagieren, indem Informationen anonym gesammelt und gemeldet werden. M\u00f6chten Sie keine Google Analytics-Cookies?&nbsp;Dann k\u00f6nnen Sie das Google Analytics Opt-out Browser-Add-on f\u00fcr den Webbrowser unter\u202f\u202f<a href=\"https:\/\/tools.google.com\/dlpage\/gaoptout\" target=\"_blank\" rel=\"noreferrer noopener\">https:\/\/tools.google.com\/dlpage\/gaoptout<\/a>. installieren. Dieses Tool verhindert, dass Google Analytics Daten sammelt und verwendet.&nbsp;<\/li>\n\n\n\n<li><strong>Marketing-Cookies<\/strong>: Marketing-Cookies werden verwendet, um Besuchern auf Webseiten zu folgen. Die Absicht ist, Anzeigen zu zeigen, die relevant und ansprechend f\u00fcr den einzelnen Benutzer sind und daher wertvoller f\u00fcr Publisher und werbetreibende Drittparteien sind.&nbsp;<\/li>\n\n\n\n<li><strong>Nicht klassifizierte Cookies<\/strong>: Nicht klassifizierte Cookies sind Cookies, die wir gerade versuchen zu klassifizieren, zusammen mit Anbietern von individuellen Cookies.&nbsp;<\/li>\n<\/ul>\n\n\n\n<p>Die vollst\u00e4ndige Liste der Cookies finden Sie\u202fhier.&nbsp;<\/p>\n\n\n\n<script id=\"CookieDeclaration\" src=\"https:\/\/consent.cookiebot.com\/07a600b9-da88-4065-9201-71d8f4160ec6\/cd.js\" type=\"text\/javascript\" async><\/script>\n\n\n\n<hr class=\"wp-block-separator has-alpha-channel-opacity\"\/>\n<\/div>\n","protected":false},"excerpt":{"rendered":"<p>Nachfolgend finden Sie eine Erl\u00e4uterung der von Portbase verwendeten Arten von Cookies und deren Funktion (Version Januar 2025). Einige dieser Informationen finden Sie auch auf der Seite \u201eDatenschutzeinstellungen\u201c am Fu\u00df der Website(s) von Portbase (www.portbase.com,\u202fdeveloper.portbase.com,\u202fsupport.portbase.com,\u202f werkenbij.portbase.com\u202fund\u202fwww.iamconnected.eu). Obwohl unsere Technologien aktualisiert werden k\u00f6nnen, bieten die folgenden Informationen eine kurze Beschreibung der wichtigsten auf den Websites verwendeten [&hellip;]<\/p>\n","protected":false},"author":15,"featured_media":0,"parent":0,"menu_order":0,"comment_status":"closed","ping_status":"closed","template":"","meta":{"_acf_changed":false,"_searchwp_excluded":"","site-sidebar-layout":"default","site-content-layout":"","ast-site-content-layout":"default","site-content-style":"default","site-sidebar-style":"default","ast-global-header-display":"","ast-banner-title-visibility":"","ast-main-header-display":"","ast-hfb-above-header-display":"","ast-hfb-below-header-display":"","ast-hfb-mobile-header-display":"","site-post-title":"","ast-breadcrumbs-content":"","ast-featured-img":"","footer-sml-layout":"","ast-disable-related-posts":"","theme-transparent-header-meta":"","adv-header-id-meta":"","stick-header-meta":"","header-above-stick-meta":"","header-main-stick-meta":"","header-below-stick-meta":"","astra-migrate-meta-layouts":"default","ast-page-background-enabled":"default","ast-page-background-meta":{"desktop":{"background-color":"var(--ast-global-color-4)","background-image":"","background-repeat":"repeat","background-position":"center center","background-size":"auto","background-attachment":"scroll","background-type":"","background-media":"","overlay-type":"","overlay-color":"","overlay-opacity":"","overlay-gradient":""},"tablet":{"background-color":"","background-image":"","background-repeat":"repeat","background-position":"center center","background-size":"auto","background-attachment":"scroll","background-type":"","background-media":"","overlay-type":"","overlay-color":"","overlay-opacity":"","overlay-gradient":""},"mobile":{"background-color":"","background-image":"","background-repeat":"repeat","background-position":"center center","background-size":"auto","background-attachment":"scroll","background-type":"","background-media":"","overlay-type":"","overlay-color":"","overlay-opacity":"","overlay-gradient":""}},"ast-content-background-meta":{"desktop":{"background-color":"var(--ast-global-color-5)","background-image":"","background-repeat":"repeat","background-position":"center center","background-size":"auto","background-attachment":"scroll","background-type":"","background-media":"","overlay-type":"","overlay-color":"","overlay-opacity":"","overlay-gradient":""},"tablet":{"background-color":"var(--ast-global-color-5)","background-image":"","background-repeat":"repeat","background-position":"center center","background-size":"auto","background-attachment":"scroll","background-type":"","background-media":"","overlay-type":"","overlay-color":"","overlay-opacity":"","overlay-gradient":""},"mobile":{"background-color":"var(--ast-global-color-5)","background-image":"","background-repeat":"repeat","background-position":"center center","background-size":"auto","background-attachment":"scroll","background-type":"","background-media":"","overlay-type":"","overlay-color":"","overlay-opacity":"","overlay-gradient":""}},"footnotes":""},"class_list":["post-10884","page","type-page","status-publish","hentry"],"acf":[],"yoast_head":"<!-- This site is optimized with the Yoast SEO plugin v27.3 - https:\/\/yoast.com\/product\/yoast-seo-wordpress\/ -->\n<title>Cookie-Richtlinie - Portbase<\/title>\n<meta name=\"description\" content=\"Portbase sammelt Daten von Besuchern, die gespeichert werden. Informationen dar\u00fcber, welche Daten Portbase genau sammelt und was Portbase damit macht.\" \/>\n<meta name=\"robots\" content=\"index, follow, max-snippet:-1, max-image-preview:large, max-video-preview:-1\" \/>\n<link rel=\"canonical\" href=\"https:\/\/www.portbase.com\/de\/cookie-richtlinie\/\" \/>\n<meta property=\"og:locale\" content=\"de_DE\" \/>\n<meta property=\"og:type\" content=\"article\" \/>\n<meta property=\"og:title\" content=\"Cookie-Richtlinie - Portbase\" \/>\n<meta property=\"og:description\" content=\"Portbase sammelt Daten von Besuchern, die gespeichert werden. Informationen dar\u00fcber, welche Daten Portbase genau sammelt und was Portbase damit macht.\" \/>\n<meta property=\"og:url\" content=\"https:\/\/www.portbase.com\/de\/cookie-richtlinie\/\" \/>\n<meta property=\"og:site_name\" content=\"Portbase\" \/>\n<meta property=\"article:publisher\" content=\"https:\/\/www.facebook.com\/portbase\" \/>\n<meta property=\"article:modified_time\" content=\"2026-01-28T10:17:04+00:00\" \/>\n<meta property=\"og:image\" content=\"https:\/\/www.portbase.com\/wp-content\/uploads\/2024\/04\/20180206-_H4A8907-1-scaled.jpg\" \/>\n\t<meta property=\"og:image:width\" content=\"2560\" \/>\n\t<meta property=\"og:image:height\" content=\"1707\" \/>\n\t<meta property=\"og:image:type\" content=\"image\/jpeg\" \/>\n<meta name=\"twitter:card\" content=\"summary_large_image\" \/>\n<meta name=\"twitter:label1\" content=\"Gesch\u00e4tzte Lesezeit\" \/>\n\t<meta name=\"twitter:data1\" content=\"4\u00a0Minuten\" \/>\n<script type=\"application\/ld+json\" class=\"yoast-schema-graph\">{\"@context\":\"https:\\\/\\\/schema.org\",\"@graph\":[{\"@type\":\"WebPage\",\"@id\":\"https:\\\/\\\/www.portbase.com\\\/de\\\/cookie-richtlinie\\\/\",\"url\":\"https:\\\/\\\/www.portbase.com\\\/de\\\/cookie-richtlinie\\\/\",\"name\":\"Cookie-Richtlinie - Portbase\",\"isPartOf\":{\"@id\":\"https:\\\/\\\/www.portbase.com\\\/de\\\/#website\"},\"primaryImageOfPage\":{\"@id\":\"https:\\\/\\\/www.portbase.com\\\/de\\\/cookie-richtlinie\\\/#primaryimage\"},\"image\":{\"@id\":\"https:\\\/\\\/www.portbase.com\\\/de\\\/cookie-richtlinie\\\/#primaryimage\"},\"thumbnailUrl\":\"https:\\\/\\\/www.portbase.com\\\/wp-content\\\/uploads\\\/2024\\\/04\\\/20180206-_H4A8907-1-scaled.jpg\",\"datePublished\":\"2024-04-22T09:50:07+00:00\",\"dateModified\":\"2026-01-28T10:17:04+00:00\",\"description\":\"Portbase sammelt Daten von Besuchern, die gespeichert werden. Informationen dar\u00fcber, welche Daten Portbase genau sammelt und was Portbase damit macht.\",\"breadcrumb\":{\"@id\":\"https:\\\/\\\/www.portbase.com\\\/de\\\/cookie-richtlinie\\\/#breadcrumb\"},\"inLanguage\":\"de\",\"potentialAction\":[{\"@type\":\"ReadAction\",\"target\":[\"https:\\\/\\\/www.portbase.com\\\/de\\\/cookie-richtlinie\\\/\"]}]},{\"@type\":\"ImageObject\",\"inLanguage\":\"de\",\"@id\":\"https:\\\/\\\/www.portbase.com\\\/de\\\/cookie-richtlinie\\\/#primaryimage\",\"url\":\"https:\\\/\\\/www.portbase.com\\\/wp-content\\\/uploads\\\/2024\\\/04\\\/20180206-_H4A8907-1-scaled.jpg\",\"contentUrl\":\"https:\\\/\\\/www.portbase.com\\\/wp-content\\\/uploads\\\/2024\\\/04\\\/20180206-_H4A8907-1-scaled.jpg\"},{\"@type\":\"BreadcrumbList\",\"@id\":\"https:\\\/\\\/www.portbase.com\\\/de\\\/cookie-richtlinie\\\/#breadcrumb\",\"itemListElement\":[{\"@type\":\"ListItem\",\"position\":1,\"name\":\"Home\",\"item\":\"https:\\\/\\\/www.portbase.com\\\/de\\\/\"},{\"@type\":\"ListItem\",\"position\":2,\"name\":\"Cookie-Richtlinie\"}]},{\"@type\":\"WebSite\",\"@id\":\"https:\\\/\\\/www.portbase.com\\\/de\\\/#website\",\"url\":\"https:\\\/\\\/www.portbase.com\\\/de\\\/\",\"name\":\"Portbase\",\"description\":\"\",\"publisher\":{\"@id\":\"https:\\\/\\\/www.portbase.com\\\/de\\\/#organization\"},\"potentialAction\":[{\"@type\":\"SearchAction\",\"target\":{\"@type\":\"EntryPoint\",\"urlTemplate\":\"https:\\\/\\\/www.portbase.com\\\/de\\\/?s={search_term_string}\"},\"query-input\":{\"@type\":\"PropertyValueSpecification\",\"valueRequired\":true,\"valueName\":\"search_term_string\"}}],\"inLanguage\":\"de\"},{\"@type\":\"Organization\",\"@id\":\"https:\\\/\\\/www.portbase.com\\\/de\\\/#organization\",\"name\":\"Portbase\",\"url\":\"https:\\\/\\\/www.portbase.com\\\/de\\\/\",\"logo\":{\"@type\":\"ImageObject\",\"inLanguage\":\"de\",\"@id\":\"https:\\\/\\\/www.portbase.com\\\/de\\\/#\\\/schema\\\/logo\\\/image\\\/\",\"url\":\"https:\\\/\\\/www.portbase.com\\\/wp-content\\\/uploads\\\/2024\\\/03\\\/portbase-logo.svg\",\"contentUrl\":\"https:\\\/\\\/www.portbase.com\\\/wp-content\\\/uploads\\\/2024\\\/03\\\/portbase-logo.svg\",\"width\":1,\"height\":1,\"caption\":\"Portbase\"},\"image\":{\"@id\":\"https:\\\/\\\/www.portbase.com\\\/de\\\/#\\\/schema\\\/logo\\\/image\\\/\"},\"sameAs\":[\"https:\\\/\\\/www.facebook.com\\\/portbase\",\"https:\\\/\\\/www.linkedin.com\\\/company\\\/portbase\",\"https:\\\/\\\/www.instagram.com\\\/portbase\\\/\",\"https:\\\/\\\/www.youtube.com\\\/user\\\/PortbaseOnline\"]}]}<\/script>\n<!-- \/ Yoast SEO plugin. -->","yoast_head_json":{"title":"Cookie-Richtlinie - Portbase","description":"Portbase sammelt Daten von Besuchern, die gespeichert werden. Informationen dar\u00fcber, welche Daten Portbase genau sammelt und was Portbase damit macht.","robots":{"index":"index","follow":"follow","max-snippet":"max-snippet:-1","max-image-preview":"max-image-preview:large","max-video-preview":"max-video-preview:-1"},"canonical":"https:\/\/www.portbase.com\/de\/cookie-richtlinie\/","og_locale":"de_DE","og_type":"article","og_title":"Cookie-Richtlinie - Portbase","og_description":"Portbase sammelt Daten von Besuchern, die gespeichert werden. Informationen dar\u00fcber, welche Daten Portbase genau sammelt und was Portbase damit macht.","og_url":"https:\/\/www.portbase.com\/de\/cookie-richtlinie\/","og_site_name":"Portbase","article_publisher":"https:\/\/www.facebook.com\/portbase","article_modified_time":"2026-01-28T10:17:04+00:00","og_image":[{"width":2560,"height":1707,"url":"https:\/\/www.portbase.com\/wp-content\/uploads\/2024\/04\/20180206-_H4A8907-1-scaled.jpg","type":"image\/jpeg"}],"twitter_card":"summary_large_image","twitter_misc":{"Gesch\u00e4tzte Lesezeit":"4\u00a0Minuten"},"schema":{"@context":"https:\/\/schema.org","@graph":[{"@type":"WebPage","@id":"https:\/\/www.portbase.com\/de\/cookie-richtlinie\/","url":"https:\/\/www.portbase.com\/de\/cookie-richtlinie\/","name":"Cookie-Richtlinie - Portbase","isPartOf":{"@id":"https:\/\/www.portbase.com\/de\/#website"},"primaryImageOfPage":{"@id":"https:\/\/www.portbase.com\/de\/cookie-richtlinie\/#primaryimage"},"image":{"@id":"https:\/\/www.portbase.com\/de\/cookie-richtlinie\/#primaryimage"},"thumbnailUrl":"https:\/\/www.portbase.com\/wp-content\/uploads\/2024\/04\/20180206-_H4A8907-1-scaled.jpg","datePublished":"2024-04-22T09:50:07+00:00","dateModified":"2026-01-28T10:17:04+00:00","description":"Portbase sammelt Daten von Besuchern, die gespeichert werden. Informationen dar\u00fcber, welche Daten Portbase genau sammelt und was Portbase damit macht.","breadcrumb":{"@id":"https:\/\/www.portbase.com\/de\/cookie-richtlinie\/#breadcrumb"},"inLanguage":"de","potentialAction":[{"@type":"ReadAction","target":["https:\/\/www.portbase.com\/de\/cookie-richtlinie\/"]}]},{"@type":"ImageObject","inLanguage":"de","@id":"https:\/\/www.portbase.com\/de\/cookie-richtlinie\/#primaryimage","url":"https:\/\/www.portbase.com\/wp-content\/uploads\/2024\/04\/20180206-_H4A8907-1-scaled.jpg","contentUrl":"https:\/\/www.portbase.com\/wp-content\/uploads\/2024\/04\/20180206-_H4A8907-1-scaled.jpg"},{"@type":"BreadcrumbList","@id":"https:\/\/www.portbase.com\/de\/cookie-richtlinie\/#breadcrumb","itemListElement":[{"@type":"ListItem","position":1,"name":"Home","item":"https:\/\/www.portbase.com\/de\/"},{"@type":"ListItem","position":2,"name":"Cookie-Richtlinie"}]},{"@type":"WebSite","@id":"https:\/\/www.portbase.com\/de\/#website","url":"https:\/\/www.portbase.com\/de\/","name":"Portbase","description":"","publisher":{"@id":"https:\/\/www.portbase.com\/de\/#organization"},"potentialAction":[{"@type":"SearchAction","target":{"@type":"EntryPoint","urlTemplate":"https:\/\/www.portbase.com\/de\/?s={search_term_string}"},"query-input":{"@type":"PropertyValueSpecification","valueRequired":true,"valueName":"search_term_string"}}],"inLanguage":"de"},{"@type":"Organization","@id":"https:\/\/www.portbase.com\/de\/#organization","name":"Portbase","url":"https:\/\/www.portbase.com\/de\/","logo":{"@type":"ImageObject","inLanguage":"de","@id":"https:\/\/www.portbase.com\/de\/#\/schema\/logo\/image\/","url":"https:\/\/www.portbase.com\/wp-content\/uploads\/2024\/03\/portbase-logo.svg","contentUrl":"https:\/\/www.portbase.com\/wp-content\/uploads\/2024\/03\/portbase-logo.svg","width":1,"height":1,"caption":"Portbase"},"image":{"@id":"https:\/\/www.portbase.com\/de\/#\/schema\/logo\/image\/"},"sameAs":["https:\/\/www.facebook.com\/portbase","https:\/\/www.linkedin.com\/company\/portbase","https:\/\/www.instagram.com\/portbase\/","https:\/\/www.youtube.com\/user\/PortbaseOnline"]}]}},"_links":{"self":[{"href":"https:\/\/www.portbase.com\/de\/wp-json\/wp\/v2\/pages\/10884","targetHints":{"allow":["GET"]}}],"collection":[{"href":"https:\/\/www.portbase.com\/de\/wp-json\/wp\/v2\/pages"}],"about":[{"href":"https:\/\/www.portbase.com\/de\/wp-json\/wp\/v2\/types\/page"}],"author":[{"embeddable":true,"href":"https:\/\/www.portbase.com\/de\/wp-json\/wp\/v2\/users\/15"}],"replies":[{"embeddable":true,"href":"https:\/\/www.portbase.com\/de\/wp-json\/wp\/v2\/comments?post=10884"}],"version-history":[{"count":6,"href":"https:\/\/www.portbase.com\/de\/wp-json\/wp\/v2\/pages\/10884\/revisions"}],"predecessor-version":[{"id":26517,"href":"https:\/\/www.portbase.com\/de\/wp-json\/wp\/v2\/pages\/10884\/revisions\/26517"}],"wp:attachment":[{"href":"https:\/\/www.portbase.com\/de\/wp-json\/wp\/v2\/media?parent=10884"}],"curies":[{"name":"wp","href":"https:\/\/api.w.org\/{rel}","templated":true}]}}