{"id":10894,"date":"2024-04-29T16:22:29","date_gmt":"2024-04-29T14:22:29","guid":{"rendered":"https:\/\/www.portbase.com\/allgemeine-geschaeftsbedingungen\/"},"modified":"2025-09-04T13:27:16","modified_gmt":"2025-09-04T11:27:16","slug":"allgemeine-geschaeftsbedingungen","status":"publish","type":"page","link":"https:\/\/www.portbase.com\/de\/allgemeine-geschaeftsbedingungen\/","title":{"rendered":"Allgemeine Gesch\u00e4ftsbedingungen"},"content":{"rendered":"\n<div class=\"wp-block-group alignfull has-white-background-color has-background is-layout-constrained wp-block-group-is-layout-constrained\" style=\"padding-top:0\">\n<div class=\"wp-block-cover alignwide has-dark-blue-color has-text-color has-link-color wp-elements-05cf5b443f9374d0975a0f4c15595b10\" style=\"min-height:45vh;aspect-ratio:unset;\"><img decoding=\"async\" width=\"2560\" height=\"1707\" class=\"wp-block-cover__image-background wp-image-8131\" alt=\"\" src=\"https:\/\/www.portbase.com\/wp-content\/uploads\/2024\/04\/20180206-_H4A8907-1-scaled.jpg\" data-object-fit=\"cover\" srcset=\"https:\/\/www.portbase.com\/wp-content\/uploads\/2024\/04\/20180206-_H4A8907-1-scaled.jpg 2560w, https:\/\/www.portbase.com\/wp-content\/uploads\/2024\/04\/20180206-_H4A8907-1-300x200.jpg 300w, https:\/\/www.portbase.com\/wp-content\/uploads\/2024\/04\/20180206-_H4A8907-1-1024x683.jpg 1024w, https:\/\/www.portbase.com\/wp-content\/uploads\/2024\/04\/20180206-_H4A8907-1-768x512.jpg 768w, https:\/\/www.portbase.com\/wp-content\/uploads\/2024\/04\/20180206-_H4A8907-1-1536x1024.jpg 1536w, https:\/\/www.portbase.com\/wp-content\/uploads\/2024\/04\/20180206-_H4A8907-1-2048x1365.jpg 2048w\" sizes=\"(max-width: 2560px) 100vw, 2560px\" \/><span aria-hidden=\"true\" class=\"wp-block-cover__background has-dark-blue-background-color has-background-dim-80 has-background-dim\"><\/span><div class=\"wp-block-cover__inner-container is-layout-constrained wp-container-core-cover-is-layout-18af65a0 wp-block-cover-is-layout-constrained\">\n<h1 class=\"wp-block-heading has-text-align-center has-white-color has-text-color has-link-color wp-elements-7b590bb9b9c9edf8c8e3878d4834886a\">Allgemeine Gesch\u00e4ftsbedingungen<\/h1>\n<\/div><\/div>\n<\/div>\n\n\n\n<div class=\"wp-block-group alignfull has-white-background-color has-background is-layout-constrained wp-container-core-group-is-layout-a7c27be1 wp-block-group-is-layout-constrained\">\n<p class=\"has-text-align-center\"><strong><strong>Auf dieser Seite finden Sie die Allgemeinen Gesch\u00e4ftsbedingungen der Portbase B.V.<\/strong><br>Diese gelten f\u00fcr alle Produkte, Dienstleistungen und Aktivit\u00e4ten von Portbase. Bitte lesen Sie diese Dokumente sorgf\u00e4ltig durch, bevor Sie einen unserer Dienste in Anspruch nehmen.<\/strong><\/p>\n\n\n\n<hr class=\"wp-block-separator has-alpha-channel-opacity\"\/>\n\n\n\n<div class=\"wp-block-columns is-layout-flex wp-container-core-columns-is-layout-28f84493 wp-block-columns-is-layout-flex\">\n<div class=\"wp-block-column is-layout-flow wp-block-column-is-layout-flow\">\n<h2 class=\"wp-block-heading has-text-align-center has-h-3-font-size\">Allgemeine Gesch\u00e4ftsbedingungen Portbase B.V.<br><\/h2>\n\n\n\n<div class=\"wp-block-buttons is-content-justification-center is-layout-flex wp-container-core-buttons-is-layout-a89b3969 wp-block-buttons-is-layout-flex\">\n<div class=\"wp-block-button\"><a class=\"wp-block-button__link wp-element-button\" href=\"https:\/\/www.portbase.com\/wp-content\/uploads\/2025\/02\/Allgemeine-Geschaftsbedingungen-Portbase-1.pdf\" target=\"_blank\" rel=\"noreferrer noopener\">Download <\/a><\/div>\n<\/div>\n<\/div>\n\n\n\n<div class=\"wp-block-column is-layout-flow wp-block-column-is-layout-flow\">\n<h2 class=\"wp-block-heading has-text-align-center has-h-3-font-size\">Teilnahmebedingungen IAMconnected Portbase B.V.<\/h2>\n\n\n\n<div class=\"wp-block-buttons is-content-justification-center is-layout-flex wp-container-core-buttons-is-layout-a89b3969 wp-block-buttons-is-layout-flex\">\n<div class=\"wp-block-button\"><a class=\"wp-block-button__link wp-element-button\" href=\"https:\/\/www.portbase.com\/wp-content\/uploads\/2025\/04\/1205-Teilnahmebedingungen-IAMconnected-3.pdf\" target=\"_blank\" rel=\"noreferrer noopener\">Download <\/a><\/div>\n<\/div>\n<\/div>\n<\/div>\n\n\n\n<hr class=\"wp-block-separator has-alpha-channel-opacity\"\/>\n<\/div>\n","protected":false},"excerpt":{"rendered":"<p>Auf dieser Seite finden Sie die Allgemeinen Gesch\u00e4ftsbedingungen der Portbase B.V.Diese gelten f\u00fcr alle Produkte, Dienstleistungen und Aktivit\u00e4ten von Portbase. Bitte lesen Sie diese Dokumente sorgf\u00e4ltig durch, bevor Sie einen unserer Dienste in Anspruch nehmen. Allgemeine Gesch\u00e4ftsbedingungen Portbase B.V. Teilnahmebedingungen IAMconnected Portbase B.V.<\/p>\n","protected":false},"author":15,"featured_media":0,"parent":0,"menu_order":0,"comment_status":"closed","ping_status":"closed","template":"","meta":{"_acf_changed":false,"_searchwp_excluded":"","site-sidebar-layout":"default","site-content-layout":"","ast-site-content-layout":"default","site-content-style":"default","site-sidebar-style":"default","ast-global-header-display":"","ast-banner-title-visibility":"","ast-main-header-display":"","ast-hfb-above-header-display":"","ast-hfb-below-header-display":"","ast-hfb-mobile-header-display":"","site-post-title":"","ast-breadcrumbs-content":"","ast-featured-img":"","footer-sml-layout":"","ast-disable-related-posts":"","theme-transparent-header-meta":"","adv-header-id-meta":"","stick-header-meta":"","header-above-stick-meta":"","header-main-stick-meta":"","header-below-stick-meta":"","astra-migrate-meta-layouts":"default","ast-page-background-enabled":"default","ast-page-background-meta":{"desktop":{"background-color":"var(--ast-global-color-4)","background-image":"","background-repeat":"repeat","background-position":"center center","background-size":"auto","background-attachment":"scroll","background-type":"","background-media":"","overlay-type":"","overlay-color":"","overlay-opacity":"","overlay-gradient":""},"tablet":{"background-color":"","background-image":"","background-repeat":"repeat","background-position":"center center","background-size":"auto","background-attachment":"scroll","background-type":"","background-media":"","overlay-type":"","overlay-color":"","overlay-opacity":"","overlay-gradient":""},"mobile":{"background-color":"","background-image":"","background-repeat":"repeat","background-position":"center center","background-size":"auto","background-attachment":"scroll","background-type":"","background-media":"","overlay-type":"","overlay-color":"","overlay-opacity":"","overlay-gradient":""}},"ast-content-background-meta":{"desktop":{"background-color":"var(--ast-global-color-5)","background-image":"","background-repeat":"repeat","background-position":"center center","background-size":"auto","background-attachment":"scroll","background-type":"","background-media":"","overlay-type":"","overlay-color":"","overlay-opacity":"","overlay-gradient":""},"tablet":{"background-color":"var(--ast-global-color-5)","background-image":"","background-repeat":"repeat","background-position":"center center","background-size":"auto","background-attachment":"scroll","background-type":"","background-media":"","overlay-type":"","overlay-color":"","overlay-opacity":"","overlay-gradient":""},"mobile":{"background-color":"var(--ast-global-color-5)","background-image":"","background-repeat":"repeat","background-position":"center center","background-size":"auto","background-attachment":"scroll","background-type":"","background-media":"","overlay-type":"","overlay-color":"","overlay-opacity":"","overlay-gradient":""}},"footnotes":""},"class_list":["post-10894","page","type-page","status-publish","hentry"],"acf":[],"yoast_head":"<!-- This site is optimized with the Yoast SEO plugin v27.3 - https:\/\/yoast.com\/product\/yoast-seo-wordpress\/ -->\n<title>Allgemeine Gesch\u00e4ftsbedingungen - Portbase<\/title>\n<meta name=\"description\" content=\"Auf dieser Seite finden Sie die Allgemeinen Gesch\u00e4ftsbedingungen von Portbase B.V.. Diese gelten f\u00fcr alle Produkte, Dienste und Aktivit\u00e4ten von Portbase.\" \/>\n<meta name=\"robots\" content=\"index, follow, max-snippet:-1, max-image-preview:large, max-video-preview:-1\" \/>\n<link rel=\"canonical\" href=\"https:\/\/www.portbase.com\/de\/allgemeine-geschaeftsbedingungen\/\" \/>\n<meta property=\"og:locale\" content=\"de_DE\" \/>\n<meta property=\"og:type\" content=\"article\" \/>\n<meta property=\"og:title\" content=\"Allgemeine Gesch\u00e4ftsbedingungen - Portbase\" \/>\n<meta property=\"og:description\" content=\"Auf dieser Seite finden Sie die Allgemeinen Gesch\u00e4ftsbedingungen von Portbase B.V.. Diese gelten f\u00fcr alle Produkte, Dienste und Aktivit\u00e4ten von Portbase.\" \/>\n<meta property=\"og:url\" content=\"https:\/\/www.portbase.com\/de\/allgemeine-geschaeftsbedingungen\/\" \/>\n<meta property=\"og:site_name\" content=\"Portbase\" \/>\n<meta property=\"article:publisher\" content=\"https:\/\/www.facebook.com\/portbase\" \/>\n<meta property=\"article:modified_time\" content=\"2025-09-04T11:27:16+00:00\" \/>\n<meta property=\"og:image\" content=\"https:\/\/www.portbase.com\/wp-content\/uploads\/2024\/04\/20180206-_H4A8907-1-scaled.jpg\" \/>\n\t<meta property=\"og:image:width\" content=\"2560\" \/>\n\t<meta property=\"og:image:height\" content=\"1707\" \/>\n\t<meta property=\"og:image:type\" content=\"image\/jpeg\" \/>\n<meta name=\"twitter:card\" content=\"summary_large_image\" \/>\n<meta name=\"twitter:label1\" content=\"Gesch\u00e4tzte Lesezeit\" \/>\n\t<meta name=\"twitter:data1\" content=\"1\u00a0Minute\" \/>\n<script type=\"application\/ld+json\" class=\"yoast-schema-graph\">{\"@context\":\"https:\\\/\\\/schema.org\",\"@graph\":[{\"@type\":\"WebPage\",\"@id\":\"https:\\\/\\\/www.portbase.com\\\/de\\\/allgemeine-geschaeftsbedingungen\\\/\",\"url\":\"https:\\\/\\\/www.portbase.com\\\/de\\\/allgemeine-geschaeftsbedingungen\\\/\",\"name\":\"Allgemeine Gesch\u00e4ftsbedingungen - Portbase\",\"isPartOf\":{\"@id\":\"https:\\\/\\\/www.portbase.com\\\/de\\\/#website\"},\"primaryImageOfPage\":{\"@id\":\"https:\\\/\\\/www.portbase.com\\\/de\\\/allgemeine-geschaeftsbedingungen\\\/#primaryimage\"},\"image\":{\"@id\":\"https:\\\/\\\/www.portbase.com\\\/de\\\/allgemeine-geschaeftsbedingungen\\\/#primaryimage\"},\"thumbnailUrl\":\"https:\\\/\\\/www.portbase.com\\\/wp-content\\\/uploads\\\/2024\\\/04\\\/20180206-_H4A8907-1-scaled.jpg\",\"datePublished\":\"2024-04-29T14:22:29+00:00\",\"dateModified\":\"2025-09-04T11:27:16+00:00\",\"description\":\"Auf dieser Seite finden Sie die Allgemeinen Gesch\u00e4ftsbedingungen von Portbase B.V.. Diese gelten f\u00fcr alle Produkte, Dienste und Aktivit\u00e4ten von Portbase.\",\"breadcrumb\":{\"@id\":\"https:\\\/\\\/www.portbase.com\\\/de\\\/allgemeine-geschaeftsbedingungen\\\/#breadcrumb\"},\"inLanguage\":\"de\",\"potentialAction\":[{\"@type\":\"ReadAction\",\"target\":[\"https:\\\/\\\/www.portbase.com\\\/de\\\/allgemeine-geschaeftsbedingungen\\\/\"]}]},{\"@type\":\"ImageObject\",\"inLanguage\":\"de\",\"@id\":\"https:\\\/\\\/www.portbase.com\\\/de\\\/allgemeine-geschaeftsbedingungen\\\/#primaryimage\",\"url\":\"https:\\\/\\\/www.portbase.com\\\/wp-content\\\/uploads\\\/2024\\\/04\\\/20180206-_H4A8907-1-scaled.jpg\",\"contentUrl\":\"https:\\\/\\\/www.portbase.com\\\/wp-content\\\/uploads\\\/2024\\\/04\\\/20180206-_H4A8907-1-scaled.jpg\"},{\"@type\":\"BreadcrumbList\",\"@id\":\"https:\\\/\\\/www.portbase.com\\\/de\\\/allgemeine-geschaeftsbedingungen\\\/#breadcrumb\",\"itemListElement\":[{\"@type\":\"ListItem\",\"position\":1,\"name\":\"Home\",\"item\":\"https:\\\/\\\/www.portbase.com\\\/de\\\/\"},{\"@type\":\"ListItem\",\"position\":2,\"name\":\"Allgemeine Gesch\u00e4ftsbedingungen\"}]},{\"@type\":\"WebSite\",\"@id\":\"https:\\\/\\\/www.portbase.com\\\/de\\\/#website\",\"url\":\"https:\\\/\\\/www.portbase.com\\\/de\\\/\",\"name\":\"Portbase\",\"description\":\"\",\"publisher\":{\"@id\":\"https:\\\/\\\/www.portbase.com\\\/de\\\/#organization\"},\"potentialAction\":[{\"@type\":\"SearchAction\",\"target\":{\"@type\":\"EntryPoint\",\"urlTemplate\":\"https:\\\/\\\/www.portbase.com\\\/de\\\/?s={search_term_string}\"},\"query-input\":{\"@type\":\"PropertyValueSpecification\",\"valueRequired\":true,\"valueName\":\"search_term_string\"}}],\"inLanguage\":\"de\"},{\"@type\":\"Organization\",\"@id\":\"https:\\\/\\\/www.portbase.com\\\/de\\\/#organization\",\"name\":\"Portbase\",\"url\":\"https:\\\/\\\/www.portbase.com\\\/de\\\/\",\"logo\":{\"@type\":\"ImageObject\",\"inLanguage\":\"de\",\"@id\":\"https:\\\/\\\/www.portbase.com\\\/de\\\/#\\\/schema\\\/logo\\\/image\\\/\",\"url\":\"https:\\\/\\\/www.portbase.com\\\/wp-content\\\/uploads\\\/2024\\\/03\\\/portbase-logo.svg\",\"contentUrl\":\"https:\\\/\\\/www.portbase.com\\\/wp-content\\\/uploads\\\/2024\\\/03\\\/portbase-logo.svg\",\"width\":1,\"height\":1,\"caption\":\"Portbase\"},\"image\":{\"@id\":\"https:\\\/\\\/www.portbase.com\\\/de\\\/#\\\/schema\\\/logo\\\/image\\\/\"},\"sameAs\":[\"https:\\\/\\\/www.facebook.com\\\/portbase\",\"https:\\\/\\\/www.linkedin.com\\\/company\\\/portbase\",\"https:\\\/\\\/www.instagram.com\\\/portbase\\\/\",\"https:\\\/\\\/www.youtube.com\\\/user\\\/PortbaseOnline\"]}]}<\/script>\n<!-- \/ Yoast SEO plugin. -->","yoast_head_json":{"title":"Allgemeine Gesch\u00e4ftsbedingungen - Portbase","description":"Auf dieser Seite finden Sie die Allgemeinen Gesch\u00e4ftsbedingungen von Portbase B.V.. Diese gelten f\u00fcr alle Produkte, Dienste und Aktivit\u00e4ten von Portbase.","robots":{"index":"index","follow":"follow","max-snippet":"max-snippet:-1","max-image-preview":"max-image-preview:large","max-video-preview":"max-video-preview:-1"},"canonical":"https:\/\/www.portbase.com\/de\/allgemeine-geschaeftsbedingungen\/","og_locale":"de_DE","og_type":"article","og_title":"Allgemeine Gesch\u00e4ftsbedingungen - Portbase","og_description":"Auf dieser Seite finden Sie die Allgemeinen Gesch\u00e4ftsbedingungen von Portbase B.V.. Diese gelten f\u00fcr alle Produkte, Dienste und Aktivit\u00e4ten von Portbase.","og_url":"https:\/\/www.portbase.com\/de\/allgemeine-geschaeftsbedingungen\/","og_site_name":"Portbase","article_publisher":"https:\/\/www.facebook.com\/portbase","article_modified_time":"2025-09-04T11:27:16+00:00","og_image":[{"width":2560,"height":1707,"url":"https:\/\/www.portbase.com\/wp-content\/uploads\/2024\/04\/20180206-_H4A8907-1-scaled.jpg","type":"image\/jpeg"}],"twitter_card":"summary_large_image","twitter_misc":{"Gesch\u00e4tzte Lesezeit":"1\u00a0Minute"},"schema":{"@context":"https:\/\/schema.org","@graph":[{"@type":"WebPage","@id":"https:\/\/www.portbase.com\/de\/allgemeine-geschaeftsbedingungen\/","url":"https:\/\/www.portbase.com\/de\/allgemeine-geschaeftsbedingungen\/","name":"Allgemeine Gesch\u00e4ftsbedingungen - Portbase","isPartOf":{"@id":"https:\/\/www.portbase.com\/de\/#website"},"primaryImageOfPage":{"@id":"https:\/\/www.portbase.com\/de\/allgemeine-geschaeftsbedingungen\/#primaryimage"},"image":{"@id":"https:\/\/www.portbase.com\/de\/allgemeine-geschaeftsbedingungen\/#primaryimage"},"thumbnailUrl":"https:\/\/www.portbase.com\/wp-content\/uploads\/2024\/04\/20180206-_H4A8907-1-scaled.jpg","datePublished":"2024-04-29T14:22:29+00:00","dateModified":"2025-09-04T11:27:16+00:00","description":"Auf dieser Seite finden Sie die Allgemeinen Gesch\u00e4ftsbedingungen von Portbase B.V.. Diese gelten f\u00fcr alle Produkte, Dienste und Aktivit\u00e4ten von Portbase.","breadcrumb":{"@id":"https:\/\/www.portbase.com\/de\/allgemeine-geschaeftsbedingungen\/#breadcrumb"},"inLanguage":"de","potentialAction":[{"@type":"ReadAction","target":["https:\/\/www.portbase.com\/de\/allgemeine-geschaeftsbedingungen\/"]}]},{"@type":"ImageObject","inLanguage":"de","@id":"https:\/\/www.portbase.com\/de\/allgemeine-geschaeftsbedingungen\/#primaryimage","url":"https:\/\/www.portbase.com\/wp-content\/uploads\/2024\/04\/20180206-_H4A8907-1-scaled.jpg","contentUrl":"https:\/\/www.portbase.com\/wp-content\/uploads\/2024\/04\/20180206-_H4A8907-1-scaled.jpg"},{"@type":"BreadcrumbList","@id":"https:\/\/www.portbase.com\/de\/allgemeine-geschaeftsbedingungen\/#breadcrumb","itemListElement":[{"@type":"ListItem","position":1,"name":"Home","item":"https:\/\/www.portbase.com\/de\/"},{"@type":"ListItem","position":2,"name":"Allgemeine Gesch\u00e4ftsbedingungen"}]},{"@type":"WebSite","@id":"https:\/\/www.portbase.com\/de\/#website","url":"https:\/\/www.portbase.com\/de\/","name":"Portbase","description":"","publisher":{"@id":"https:\/\/www.portbase.com\/de\/#organization"},"potentialAction":[{"@type":"SearchAction","target":{"@type":"EntryPoint","urlTemplate":"https:\/\/www.portbase.com\/de\/?s={search_term_string}"},"query-input":{"@type":"PropertyValueSpecification","valueRequired":true,"valueName":"search_term_string"}}],"inLanguage":"de"},{"@type":"Organization","@id":"https:\/\/www.portbase.com\/de\/#organization","name":"Portbase","url":"https:\/\/www.portbase.com\/de\/","logo":{"@type":"ImageObject","inLanguage":"de","@id":"https:\/\/www.portbase.com\/de\/#\/schema\/logo\/image\/","url":"https:\/\/www.portbase.com\/wp-content\/uploads\/2024\/03\/portbase-logo.svg","contentUrl":"https:\/\/www.portbase.com\/wp-content\/uploads\/2024\/03\/portbase-logo.svg","width":1,"height":1,"caption":"Portbase"},"image":{"@id":"https:\/\/www.portbase.com\/de\/#\/schema\/logo\/image\/"},"sameAs":["https:\/\/www.facebook.com\/portbase","https:\/\/www.linkedin.com\/company\/portbase","https:\/\/www.instagram.com\/portbase\/","https:\/\/www.youtube.com\/user\/PortbaseOnline"]}]}},"_links":{"self":[{"href":"https:\/\/www.portbase.com\/de\/wp-json\/wp\/v2\/pages\/10894","targetHints":{"allow":["GET"]}}],"collection":[{"href":"https:\/\/www.portbase.com\/de\/wp-json\/wp\/v2\/pages"}],"about":[{"href":"https:\/\/www.portbase.com\/de\/wp-json\/wp\/v2\/types\/page"}],"author":[{"embeddable":true,"href":"https:\/\/www.portbase.com\/de\/wp-json\/wp\/v2\/users\/15"}],"replies":[{"embeddable":true,"href":"https:\/\/www.portbase.com\/de\/wp-json\/wp\/v2\/comments?post=10894"}],"version-history":[{"count":6,"href":"https:\/\/www.portbase.com\/de\/wp-json\/wp\/v2\/pages\/10894\/revisions"}],"predecessor-version":[{"id":22817,"href":"https:\/\/www.portbase.com\/de\/wp-json\/wp\/v2\/pages\/10894\/revisions\/22817"}],"wp:attachment":[{"href":"https:\/\/www.portbase.com\/de\/wp-json\/wp\/v2\/media?parent=10894"}],"curies":[{"name":"wp","href":"https:\/\/api.w.org\/{rel}","templated":true}]}}