{"id":13381,"date":"2024-07-01T13:59:22","date_gmt":"2024-07-01T11:59:22","guid":{"rendered":"https:\/\/www.portbase.com\/?page_id=13381"},"modified":"2024-10-01T13:55:25","modified_gmt":"2024-10-01T11:55:25","slug":"ty-pc","status":"publish","type":"page","link":"https:\/\/www.portbase.com\/de\/ty-pc\/","title":{"rendered":"Vielen Dank &#8211; Pr\u00e4ferenzen"},"content":{"rendered":"\n<div class=\"wp-block-group alignfull has-white-background-color has-background is-layout-constrained wp-block-group-is-layout-constrained\" style=\"padding-top:0\">\n<div class=\"wp-block-cover alignwide banner\" style=\"padding-top:var(--wp--preset--spacing--60);padding-right:var(--wp--preset--spacing--60);padding-bottom:var(--wp--preset--spacing--60);padding-left:var(--wp--preset--spacing--60);min-height:50px;aspect-ratio:unset;\"><span aria-hidden=\"true\" class=\"wp-block-cover__background has-background-dim wp-block-cover__gradient-background has-background-gradient has-linear-lightblue-to-alpha-gradient-background\"><\/span><img decoding=\"async\" width=\"800\" height=\"500\" class=\"wp-block-cover__image-background wp-image-1636\" alt=\"\" src=\"https:\/\/www.portbase.com\/wp-content\/uploads\/2024\/02\/example-image.png\" data-object-fit=\"cover\" srcset=\"https:\/\/www.portbase.com\/wp-content\/uploads\/2024\/02\/example-image.png 800w, https:\/\/www.portbase.com\/wp-content\/uploads\/2024\/02\/example-image-300x188.png 300w, https:\/\/www.portbase.com\/wp-content\/uploads\/2024\/02\/example-image-768x480.png 768w\" sizes=\"(max-width: 800px) 100vw, 800px\" \/><div class=\"wp-block-cover__inner-container is-layout-constrained wp-container-core-cover-is-layout-db32e940 wp-block-cover-is-layout-constrained\">\n<div class=\"wp-block-columns alignwide is-layout-flex wp-container-core-columns-is-layout-28f84493 wp-block-columns-is-layout-flex\">\n<div class=\"wp-block-column is-layout-flow wp-block-column-is-layout-flow\">\n<h1 class=\"wp-block-heading has-text-align-left\"><mark style=\"background-color:rgba(0, 0, 0, 0)\" class=\"has-inline-color has-orange-color\">Vielen Dank f\u00fcr die Angabe Ihrer Pr\u00e4ferenzen!<\/mark><\/h1>\n\n\n\n<p class=\"has-mid-grey-color has-text-color has-link-color wp-elements-74feff415fa1601df223c1c168bde624\">Ihre Daten wurden aktualisiert. Von nun an werden Sie Informationen erhalten, die Ihren Pr\u00e4ferenzen entsprechen.<\/p>\n<\/div>\n\n\n\n<div class=\"wp-block-column is-vertically-aligned-center is-layout-flow wp-block-column-is-layout-flow\" style=\"flex-basis:35%\"><\/div>\n<\/div>\n<\/div><\/div>\n\n\n\n<div style=\"height:20px\" aria-hidden=\"true\" class=\"wp-block-spacer\"><\/div>\n\n\n\n<div style=\"--columns: 3;\" class=\"wp-block-sowmedia-listing listing is-post-type-page is-view-banner align alignwide wp-block-sowmedia-listing\">\n\n    \n    <div class=\"listing__header\" style=\"margin-bottom: 40px;\">\n\n                    <h2 class=\"listing__title wp-block-heading has-default-font-size\">Mehr von Portbase<\/h2>\n                    \n        \n    <\/div>\n\n    \n    \n                <ul class=\"listing__posts\">\n                                                        \n                <li class=\"listing__post\">\n                    \n<article class=\"listing-item has-stretched-link is-light has-bottom-image hide-image-overlay post-9865 page type-page status-publish has-post-thumbnail hentry\">\n \n    <div class=\"listing-item__content\">\n\n        <h3 class=\"listing-item__title has-h-4-font-size\">\n                            <a href=\"https:\/\/www.portbase.com\/de\/services\/\" target=\"_self\">\n                            Dienste                            <\/a>\n                    <\/h3>\n\n        \n        <div class=\"listing-item__excerpt\">\n            Welche Dienste ben\u00f6tige ich? Unsere Dienste unterst\u00fctzen Sie, indem sie einen einfachen und effizienten Informationsaustausch erm\u00f6glichen. Nachstehend finden Sie die wichtigsten Dienste, die Sie entsprechend Ihrer Rolle nutzen k\u00f6nnen. Klicken Sie auf Ihre Rolle und finden Sie Ihre Dienste: Schnell den richtigen Service finden? Verlader oder Spediteure Importladung Um an der Secure Chain teilzunehmen, ben\u00f6tigen [&hellip;]        <\/div>\n\n        \n        \n        <div class=\"listing-item__button wp-block-button is-style-text\">\n            <a href=\"https:\/\/www.portbase.com\/de\/services\/\" class=\"wp-block-button__link\" target=\"_self\">\n                Dienste            <\/a>\n        <\/div>\n\n        \n    <\/div>\n\n    \n    <div class=\"listing-item__image\">\n        <img decoding=\"async\" width=\"2355\" height=\"2365\" src=\"https:\/\/www.portbase.com\/wp-content\/uploads\/2024\/05\/Frame-marketplace-1.png\" class=\"attachment-post-thumbnail size-post-thumbnail wp-post-image\" alt=\"Frame marketplace Wietse design\" srcset=\"https:\/\/www.portbase.com\/wp-content\/uploads\/2024\/05\/Frame-marketplace-1.png 2355w, https:\/\/www.portbase.com\/wp-content\/uploads\/2024\/05\/Frame-marketplace-1-300x300.png 300w, https:\/\/www.portbase.com\/wp-content\/uploads\/2024\/05\/Frame-marketplace-1-1020x1024.png 1020w, https:\/\/www.portbase.com\/wp-content\/uploads\/2024\/05\/Frame-marketplace-1-150x150.png 150w, https:\/\/www.portbase.com\/wp-content\/uploads\/2024\/05\/Frame-marketplace-1-768x771.png 768w, https:\/\/www.portbase.com\/wp-content\/uploads\/2024\/05\/Frame-marketplace-1-1530x1536.png 1530w, https:\/\/www.portbase.com\/wp-content\/uploads\/2024\/05\/Frame-marketplace-1-2039x2048.png 2039w\" sizes=\"(max-width: 2355px) 100vw, 2355px\" \/>    <\/div>\n\n    \n<\/article>                                    <\/li>\n                                                                \n                <li class=\"listing__post\">\n                    \n<article class=\"listing-item has-stretched-link is-light has-bottom-image hide-image-overlay post-10874 page type-page status-publish has-post-thumbnail hentry\">\n \n    <div class=\"listing-item__content\">\n\n        <h3 class=\"listing-item__title has-h-4-font-size\">\n                            <a href=\"https:\/\/www.portbase.com\/de\/uber-uns\/\" target=\"_self\">\n                            \u00dcber uns                            <\/a>\n                    <\/h3>\n\n        \n        <div class=\"listing-item__excerpt\">\n            Wir arbeiten intensiv daran, die niederl\u00e4ndischen H\u00e4fen zu den intelligentesten in Europa zu machen, aber das k\u00f6nnen wir nicht allein. Deshalb wurde Portbase von und f\u00fcr die Hafencommunity entwickelt.        <\/div>\n\n        \n        \n        <div class=\"listing-item__button wp-block-button is-style-text\">\n            <a href=\"https:\/\/www.portbase.com\/de\/uber-uns\/\" class=\"wp-block-button__link\" target=\"_self\">\n                \u00dcber uns            <\/a>\n        <\/div>\n\n        \n    <\/div>\n\n    \n    <div class=\"listing-item__image\">\n        <img decoding=\"async\" width=\"2560\" height=\"1707\" src=\"https:\/\/www.portbase.com\/wp-content\/uploads\/2024\/04\/20180206-_H4A8907-1-scaled.jpg\" class=\"attachment-post-thumbnail size-post-thumbnail wp-post-image\" alt=\"\" srcset=\"https:\/\/www.portbase.com\/wp-content\/uploads\/2024\/04\/20180206-_H4A8907-1-scaled.jpg 2560w, https:\/\/www.portbase.com\/wp-content\/uploads\/2024\/04\/20180206-_H4A8907-1-300x200.jpg 300w, https:\/\/www.portbase.com\/wp-content\/uploads\/2024\/04\/20180206-_H4A8907-1-1024x683.jpg 1024w, https:\/\/www.portbase.com\/wp-content\/uploads\/2024\/04\/20180206-_H4A8907-1-768x512.jpg 768w, https:\/\/www.portbase.com\/wp-content\/uploads\/2024\/04\/20180206-_H4A8907-1-1536x1024.jpg 1536w, https:\/\/www.portbase.com\/wp-content\/uploads\/2024\/04\/20180206-_H4A8907-1-2048x1365.jpg 2048w\" sizes=\"(max-width: 2560px) 100vw, 2560px\" \/>    <\/div>\n\n    \n<\/article>                                    <\/li>\n                                                                \n                <li class=\"listing__post\">\n                    \n<article class=\"listing-item has-stretched-link is-light has-bottom-image hide-image-overlay post-10882 page type-page status-publish has-post-thumbnail hentry\">\n \n    <div class=\"listing-item__content\">\n\n        <h3 class=\"listing-item__title has-h-4-font-size\">\n                            <a href=\"https:\/\/www.portbase.com\/de\/unsere-community\/\" target=\"_self\">\n                            Unsere Community                            <\/a>\n                    <\/h3>\n\n        \n        <div class=\"listing-item__excerpt\">\n            Gemeinsam bauen wir intelligente Plattformen und Communitys auf, die H\u00e4fen und Logistikketten nahtlos, nachhaltig und sicher machen.\u200b\u202f Gemeinsam bauen wir die intelligentesten Hafencommunitys &#8211; das ist unsere Mission. Ein wichtiges Wort in dieser Mission ist \u201egemeinsam\u201c, denn Portbase setzt sich f\u00fcr alle Organisationen in unserer Community ein. Das bedeutet, dass wir eine neutrale Position im [&hellip;]        <\/div>\n\n        \n        \n        <div class=\"listing-item__button wp-block-button is-style-text\">\n            <a href=\"https:\/\/www.portbase.com\/de\/unsere-community\/\" class=\"wp-block-button__link\" target=\"_self\">\n                Unsere Community            <\/a>\n        <\/div>\n\n        \n    <\/div>\n\n    \n    <div class=\"listing-item__image\">\n        <img decoding=\"async\" width=\"2560\" height=\"1438\" src=\"https:\/\/www.portbase.com\/wp-content\/uploads\/2024\/03\/p2-shutterstock_1620689938-scaled-1.jpg\" class=\"attachment-post-thumbnail size-post-thumbnail wp-post-image\" alt=\"\" srcset=\"https:\/\/www.portbase.com\/wp-content\/uploads\/2024\/03\/p2-shutterstock_1620689938-scaled-1.jpg 2560w, https:\/\/www.portbase.com\/wp-content\/uploads\/2024\/03\/p2-shutterstock_1620689938-scaled-1-300x169.jpg 300w, https:\/\/www.portbase.com\/wp-content\/uploads\/2024\/03\/p2-shutterstock_1620689938-scaled-1-1024x575.jpg 1024w, https:\/\/www.portbase.com\/wp-content\/uploads\/2024\/03\/p2-shutterstock_1620689938-scaled-1-768x431.jpg 768w, https:\/\/www.portbase.com\/wp-content\/uploads\/2024\/03\/p2-shutterstock_1620689938-scaled-1-1536x863.jpg 1536w, https:\/\/www.portbase.com\/wp-content\/uploads\/2024\/03\/p2-shutterstock_1620689938-scaled-1-2048x1150.jpg 2048w\" sizes=\"(max-width: 2560px) 100vw, 2560px\" \/>    <\/div>\n\n    \n<\/article>                                    <\/li>\n                                                        <\/ul>\n            \n    \n    \n<\/div>\n\n<\/div>\n","protected":false},"excerpt":{"rendered":"","protected":false},"author":15,"featured_media":5298,"parent":0,"menu_order":0,"comment_status":"closed","ping_status":"closed","template":"","meta":{"_acf_changed":false,"_searchwp_excluded":"1","site-sidebar-layout":"default","site-content-layout":"","ast-site-content-layout":"default","site-content-style":"default","site-sidebar-style":"default","ast-global-header-display":"","ast-banner-title-visibility":"","ast-main-header-display":"","ast-hfb-above-header-display":"","ast-hfb-below-header-display":"","ast-hfb-mobile-header-display":"","site-post-title":"","ast-breadcrumbs-content":"","ast-featured-img":"","footer-sml-layout":"","ast-disable-related-posts":"","theme-transparent-header-meta":"","adv-header-id-meta":"","stick-header-meta":"","header-above-stick-meta":"","header-main-stick-meta":"","header-below-stick-meta":"","astra-migrate-meta-layouts":"default","ast-page-background-enabled":"default","ast-page-background-meta":{"desktop":{"background-color":"var(--ast-global-color-4)","background-image":"","background-repeat":"repeat","background-position":"center center","background-size":"auto","background-attachment":"scroll","background-type":"","background-media":"","overlay-type":"","overlay-color":"","overlay-opacity":"","overlay-gradient":""},"tablet":{"background-color":"","background-image":"","background-repeat":"repeat","background-position":"center center","background-size":"auto","background-attachment":"scroll","background-type":"","background-media":"","overlay-type":"","overlay-color":"","overlay-opacity":"","overlay-gradient":""},"mobile":{"background-color":"","background-image":"","background-repeat":"repeat","background-position":"center center","background-size":"auto","background-attachment":"scroll","background-type":"","background-media":"","overlay-type":"","overlay-color":"","overlay-opacity":"","overlay-gradient":""}},"ast-content-background-meta":{"desktop":{"background-color":"var(--ast-global-color-5)","background-image":"","background-repeat":"repeat","background-position":"center center","background-size":"auto","background-attachment":"scroll","background-type":"","background-media":"","overlay-type":"","overlay-color":"","overlay-opacity":"","overlay-gradient":""},"tablet":{"background-color":"var(--ast-global-color-5)","background-image":"","background-repeat":"repeat","background-position":"center center","background-size":"auto","background-attachment":"scroll","background-type":"","background-media":"","overlay-type":"","overlay-color":"","overlay-opacity":"","overlay-gradient":""},"mobile":{"background-color":"var(--ast-global-color-5)","background-image":"","background-repeat":"repeat","background-position":"center center","background-size":"auto","background-attachment":"scroll","background-type":"","background-media":"","overlay-type":"","overlay-color":"","overlay-opacity":"","overlay-gradient":""}},"footnotes":""},"class_list":["post-13381","page","type-page","status-publish","has-post-thumbnail","hentry"],"acf":[],"yoast_head":"<!-- This site is optimized with the Yoast SEO plugin v27.2 - https:\/\/yoast.com\/product\/yoast-seo-wordpress\/ -->\n<title>Vielen Dank - Pr\u00e4ferenzen - Portbase<\/title>\n<meta name=\"description\" content=\"Fordern Sie eine Demo f\u00fcr einen der Portbase-Dienste an.\" \/>\n<meta name=\"robots\" content=\"noindex, follow\" \/>\n<meta property=\"og:locale\" content=\"de_DE\" \/>\n<meta property=\"og:type\" content=\"article\" \/>\n<meta property=\"og:title\" content=\"Vielen Dank - Pr\u00e4ferenzen - Portbase\" \/>\n<meta property=\"og:description\" content=\"Fordern Sie eine Demo f\u00fcr einen der Portbase-Dienste an.\" \/>\n<meta property=\"og:url\" content=\"https:\/\/www.portbase.com\/de\/ty-pc\/\" \/>\n<meta property=\"og:site_name\" content=\"Portbase\" \/>\n<meta property=\"article:publisher\" content=\"https:\/\/www.facebook.com\/portbase\" \/>\n<meta property=\"article:modified_time\" content=\"2024-10-01T11:55:25+00:00\" \/>\n<meta property=\"og:image\" content=\"https:\/\/www.portbase.com\/wp-content\/uploads\/2024\/03\/p2-shutterstock_1620689938-scaled-1.jpg\" \/>\n\t<meta property=\"og:image:width\" content=\"2560\" \/>\n\t<meta property=\"og:image:height\" content=\"1438\" \/>\n\t<meta property=\"og:image:type\" content=\"image\/jpeg\" \/>\n<meta name=\"twitter:card\" content=\"summary_large_image\" \/>\n<meta name=\"twitter:label1\" content=\"Gesch\u00e4tzte Lesezeit\" \/>\n\t<meta name=\"twitter:data1\" content=\"1\u00a0Minute\" \/>\n<script type=\"application\/ld+json\" class=\"yoast-schema-graph\">{\"@context\":\"https:\/\/schema.org\",\"@graph\":[{\"@type\":\"WebPage\",\"@id\":\"https:\/\/www.portbase.com\/de\/ty-pc\/\",\"url\":\"https:\/\/www.portbase.com\/de\/ty-pc\/\",\"name\":\"Vielen Dank - Pr\u00e4ferenzen - Portbase\",\"isPartOf\":{\"@id\":\"https:\/\/www.portbase.com\/de\/#website\"},\"primaryImageOfPage\":{\"@id\":\"https:\/\/www.portbase.com\/de\/ty-pc\/#primaryimage\"},\"image\":{\"@id\":\"https:\/\/www.portbase.com\/de\/ty-pc\/#primaryimage\"},\"thumbnailUrl\":\"https:\/\/www.portbase.com\/wp-content\/uploads\/2024\/03\/p2-shutterstock_1620689938-scaled-1.jpg\",\"datePublished\":\"2024-07-01T11:59:22+00:00\",\"dateModified\":\"2024-10-01T11:55:25+00:00\",\"description\":\"Fordern Sie eine Demo f\u00fcr einen der Portbase-Dienste an.\",\"breadcrumb\":{\"@id\":\"https:\/\/www.portbase.com\/de\/ty-pc\/#breadcrumb\"},\"inLanguage\":\"de\",\"potentialAction\":[{\"@type\":\"ReadAction\",\"target\":[\"https:\/\/www.portbase.com\/de\/ty-pc\/\"]}]},{\"@type\":\"ImageObject\",\"inLanguage\":\"de\",\"@id\":\"https:\/\/www.portbase.com\/de\/ty-pc\/#primaryimage\",\"url\":\"https:\/\/www.portbase.com\/wp-content\/uploads\/2024\/03\/p2-shutterstock_1620689938-scaled-1.jpg\",\"contentUrl\":\"https:\/\/www.portbase.com\/wp-content\/uploads\/2024\/03\/p2-shutterstock_1620689938-scaled-1.jpg\",\"width\":2560,\"height\":1438},{\"@type\":\"BreadcrumbList\",\"@id\":\"https:\/\/www.portbase.com\/de\/ty-pc\/#breadcrumb\",\"itemListElement\":[{\"@type\":\"ListItem\",\"position\":1,\"name\":\"Home\",\"item\":\"https:\/\/www.portbase.com\/de\/\"},{\"@type\":\"ListItem\",\"position\":2,\"name\":\"Vielen Dank &#8211; Pr\u00e4ferenzen\"}]},{\"@type\":\"WebSite\",\"@id\":\"https:\/\/www.portbase.com\/de\/#website\",\"url\":\"https:\/\/www.portbase.com\/de\/\",\"name\":\"Portbase\",\"description\":\"\",\"publisher\":{\"@id\":\"https:\/\/www.portbase.com\/de\/#organization\"},\"potentialAction\":[{\"@type\":\"SearchAction\",\"target\":{\"@type\":\"EntryPoint\",\"urlTemplate\":\"https:\/\/www.portbase.com\/de\/?s={search_term_string}\"},\"query-input\":{\"@type\":\"PropertyValueSpecification\",\"valueRequired\":true,\"valueName\":\"search_term_string\"}}],\"inLanguage\":\"de\"},{\"@type\":\"Organization\",\"@id\":\"https:\/\/www.portbase.com\/de\/#organization\",\"name\":\"Portbase\",\"url\":\"https:\/\/www.portbase.com\/de\/\",\"logo\":{\"@type\":\"ImageObject\",\"inLanguage\":\"de\",\"@id\":\"https:\/\/www.portbase.com\/de\/#\/schema\/logo\/image\/\",\"url\":\"https:\/\/www.portbase.com\/wp-content\/uploads\/2024\/03\/portbase-logo.svg\",\"contentUrl\":\"https:\/\/www.portbase.com\/wp-content\/uploads\/2024\/03\/portbase-logo.svg\",\"width\":1,\"height\":1,\"caption\":\"Portbase\"},\"image\":{\"@id\":\"https:\/\/www.portbase.com\/de\/#\/schema\/logo\/image\/\"},\"sameAs\":[\"https:\/\/www.facebook.com\/portbase\",\"https:\/\/www.linkedin.com\/company\/portbase\",\"https:\/\/www.instagram.com\/portbase\/\",\"https:\/\/www.youtube.com\/user\/PortbaseOnline\"]}]}<\/script>\n<!-- \/ Yoast SEO plugin. -->","yoast_head_json":{"title":"Vielen Dank - Pr\u00e4ferenzen - Portbase","description":"Fordern Sie eine Demo f\u00fcr einen der Portbase-Dienste an.","robots":{"index":"noindex","follow":"follow"},"og_locale":"de_DE","og_type":"article","og_title":"Vielen Dank - Pr\u00e4ferenzen - Portbase","og_description":"Fordern Sie eine Demo f\u00fcr einen der Portbase-Dienste an.","og_url":"https:\/\/www.portbase.com\/de\/ty-pc\/","og_site_name":"Portbase","article_publisher":"https:\/\/www.facebook.com\/portbase","article_modified_time":"2024-10-01T11:55:25+00:00","og_image":[{"width":2560,"height":1438,"url":"https:\/\/www.portbase.com\/wp-content\/uploads\/2024\/03\/p2-shutterstock_1620689938-scaled-1.jpg","type":"image\/jpeg"}],"twitter_card":"summary_large_image","twitter_misc":{"Gesch\u00e4tzte Lesezeit":"1\u00a0Minute"},"schema":{"@context":"https:\/\/schema.org","@graph":[{"@type":"WebPage","@id":"https:\/\/www.portbase.com\/de\/ty-pc\/","url":"https:\/\/www.portbase.com\/de\/ty-pc\/","name":"Vielen Dank - Pr\u00e4ferenzen - Portbase","isPartOf":{"@id":"https:\/\/www.portbase.com\/de\/#website"},"primaryImageOfPage":{"@id":"https:\/\/www.portbase.com\/de\/ty-pc\/#primaryimage"},"image":{"@id":"https:\/\/www.portbase.com\/de\/ty-pc\/#primaryimage"},"thumbnailUrl":"https:\/\/www.portbase.com\/wp-content\/uploads\/2024\/03\/p2-shutterstock_1620689938-scaled-1.jpg","datePublished":"2024-07-01T11:59:22+00:00","dateModified":"2024-10-01T11:55:25+00:00","description":"Fordern Sie eine Demo f\u00fcr einen der Portbase-Dienste an.","breadcrumb":{"@id":"https:\/\/www.portbase.com\/de\/ty-pc\/#breadcrumb"},"inLanguage":"de","potentialAction":[{"@type":"ReadAction","target":["https:\/\/www.portbase.com\/de\/ty-pc\/"]}]},{"@type":"ImageObject","inLanguage":"de","@id":"https:\/\/www.portbase.com\/de\/ty-pc\/#primaryimage","url":"https:\/\/www.portbase.com\/wp-content\/uploads\/2024\/03\/p2-shutterstock_1620689938-scaled-1.jpg","contentUrl":"https:\/\/www.portbase.com\/wp-content\/uploads\/2024\/03\/p2-shutterstock_1620689938-scaled-1.jpg","width":2560,"height":1438},{"@type":"BreadcrumbList","@id":"https:\/\/www.portbase.com\/de\/ty-pc\/#breadcrumb","itemListElement":[{"@type":"ListItem","position":1,"name":"Home","item":"https:\/\/www.portbase.com\/de\/"},{"@type":"ListItem","position":2,"name":"Vielen Dank &#8211; Pr\u00e4ferenzen"}]},{"@type":"WebSite","@id":"https:\/\/www.portbase.com\/de\/#website","url":"https:\/\/www.portbase.com\/de\/","name":"Portbase","description":"","publisher":{"@id":"https:\/\/www.portbase.com\/de\/#organization"},"potentialAction":[{"@type":"SearchAction","target":{"@type":"EntryPoint","urlTemplate":"https:\/\/www.portbase.com\/de\/?s={search_term_string}"},"query-input":{"@type":"PropertyValueSpecification","valueRequired":true,"valueName":"search_term_string"}}],"inLanguage":"de"},{"@type":"Organization","@id":"https:\/\/www.portbase.com\/de\/#organization","name":"Portbase","url":"https:\/\/www.portbase.com\/de\/","logo":{"@type":"ImageObject","inLanguage":"de","@id":"https:\/\/www.portbase.com\/de\/#\/schema\/logo\/image\/","url":"https:\/\/www.portbase.com\/wp-content\/uploads\/2024\/03\/portbase-logo.svg","contentUrl":"https:\/\/www.portbase.com\/wp-content\/uploads\/2024\/03\/portbase-logo.svg","width":1,"height":1,"caption":"Portbase"},"image":{"@id":"https:\/\/www.portbase.com\/de\/#\/schema\/logo\/image\/"},"sameAs":["https:\/\/www.facebook.com\/portbase","https:\/\/www.linkedin.com\/company\/portbase","https:\/\/www.instagram.com\/portbase\/","https:\/\/www.youtube.com\/user\/PortbaseOnline"]}]}},"_links":{"self":[{"href":"https:\/\/www.portbase.com\/de\/wp-json\/wp\/v2\/pages\/13381","targetHints":{"allow":["GET"]}}],"collection":[{"href":"https:\/\/www.portbase.com\/de\/wp-json\/wp\/v2\/pages"}],"about":[{"href":"https:\/\/www.portbase.com\/de\/wp-json\/wp\/v2\/types\/page"}],"author":[{"embeddable":true,"href":"https:\/\/www.portbase.com\/de\/wp-json\/wp\/v2\/users\/15"}],"replies":[{"embeddable":true,"href":"https:\/\/www.portbase.com\/de\/wp-json\/wp\/v2\/comments?post=13381"}],"version-history":[{"count":4,"href":"https:\/\/www.portbase.com\/de\/wp-json\/wp\/v2\/pages\/13381\/revisions"}],"predecessor-version":[{"id":15866,"href":"https:\/\/www.portbase.com\/de\/wp-json\/wp\/v2\/pages\/13381\/revisions\/15866"}],"wp:featuredmedia":[{"embeddable":true,"href":"https:\/\/www.portbase.com\/de\/wp-json\/wp\/v2\/media\/5298"}],"wp:attachment":[{"href":"https:\/\/www.portbase.com\/de\/wp-json\/wp\/v2\/media?parent=13381"}],"curies":[{"name":"wp","href":"https:\/\/api.w.org\/{rel}","templated":true}]}}