{"id":14280,"date":"2024-07-30T11:19:59","date_gmt":"2024-07-30T09:19:59","guid":{"rendered":"https:\/\/www.portbase.com\/?page_id=14280"},"modified":"2026-02-19T11:51:29","modified_gmt":"2026-02-19T10:51:29","slug":"haftungsausschluss","status":"publish","type":"page","link":"https:\/\/www.portbase.com\/de\/haftungsausschluss\/","title":{"rendered":"Haftungsausschluss\u00a0"},"content":{"rendered":"\n<div class=\"wp-block-group alignfull has-white-background-color has-background is-layout-constrained wp-block-group-is-layout-constrained\" style=\"padding-top:0\">\n<div class=\"wp-block-cover alignwide has-dark-blue-color has-text-color has-link-color wp-elements-dd8db0270d084a94d323918740bc3d4c\" style=\"min-height:45vh;aspect-ratio:unset;\"><img decoding=\"async\" width=\"2560\" height=\"1707\" class=\"wp-block-cover__image-background wp-image-8131\" alt=\"\" src=\"https:\/\/www.portbase.com\/wp-content\/uploads\/2024\/04\/20180206-_H4A8907-1-scaled.jpg\" data-object-fit=\"cover\" srcset=\"https:\/\/www.portbase.com\/wp-content\/uploads\/2024\/04\/20180206-_H4A8907-1-scaled.jpg 2560w, https:\/\/www.portbase.com\/wp-content\/uploads\/2024\/04\/20180206-_H4A8907-1-300x200.jpg 300w, https:\/\/www.portbase.com\/wp-content\/uploads\/2024\/04\/20180206-_H4A8907-1-1024x683.jpg 1024w, https:\/\/www.portbase.com\/wp-content\/uploads\/2024\/04\/20180206-_H4A8907-1-768x512.jpg 768w, https:\/\/www.portbase.com\/wp-content\/uploads\/2024\/04\/20180206-_H4A8907-1-1536x1024.jpg 1536w, https:\/\/www.portbase.com\/wp-content\/uploads\/2024\/04\/20180206-_H4A8907-1-2048x1365.jpg 2048w\" sizes=\"(max-width: 2560px) 100vw, 2560px\" \/><span aria-hidden=\"true\" class=\"wp-block-cover__background has-dark-blue-background-color has-background-dim-80 has-background-dim\"><\/span><div class=\"wp-block-cover__inner-container is-layout-constrained wp-container-core-cover-is-layout-18af65a0 wp-block-cover-is-layout-constrained\">\n<h1 class=\"wp-block-heading has-text-align-center has-blue-color has-text-color has-link-color wp-elements-c8726aabc65d0461c7c2d1fdb57b320a\"><mark style=\"background-color:rgba(0, 0, 0, 0)\" class=\"has-inline-color has-white-color\"><strong>Haftungsausschluss<\/strong>&nbsp;<\/mark><\/h1>\n<\/div><\/div>\n<\/div>\n\n\n\n<div class=\"wp-block-group alignfull has-white-background-color has-background is-layout-constrained wp-container-core-group-is-layout-a7c27be1 wp-block-group-is-layout-constrained\">\n<div class=\"wp-block-group alignfull is-content-justification-center is-layout-constrained wp-block-group-is-layout-constrained\" style=\"padding-top:0;padding-bottom:0\">\n<h5 class=\"wp-block-heading\"><strong>Nutzung der Website und Links<\/strong>&nbsp;<\/h5>\n\n\n\n<p>Wenn Sie unsere Website <a href=\"https:\/\/www.portbase.com\/de\/\">www.portbase.com<\/a>, \u202f<a href=\"https:\/\/developer.portbase.com\/\" target=\"_blank\" rel=\"noreferrer noopener\">developer.portbase.com<\/a>,\u202f <a href=\"https:\/\/support.portbase.com\/hc\/de\" target=\"_blank\" rel=\"noreferrer noopener\">support.portbase.com<\/a>,\u202f<a href=\"https:\/\/werkenbij.portbase.com\/\" target=\"_blank\" rel=\"noreferrer noopener\">werkenbij.portbase.com<\/a> und\u202f<a href=\"https:\/\/www.iamconnected.eu\/\" target=\"_blank\" rel=\"noreferrer noopener\">www.iamconnected.eu<\/a>\u202f(im Folgenden: \u201c<strong>Website(s)<\/strong>\u201d) besucht oder die auf diese Website(s) angebotenen Informationen nutzt, erkl\u00e4ren Sie sich mit der Anwendbarkeit dieses Haftungsausschlusses und den darin enthaltenen Bedingungen und Vorbehalten einverstanden.\u00a0<\/p>\n\n\n\n<p>Portbase stellt die Informationen auf dieser(n) Website(s) mit Sorgfalt zusammen, kann jedoch nicht f\u00fcr deren Richtigkeit und Vollst\u00e4ndigkeit garantieren. Sie k\u00f6nnen aus den Informationen oder Teilen davon, die wir auf dieser(n) Website(s) zeigen, keine Rechte ableiten.&nbsp;&nbsp;<\/p>\n\n\n\n<p>Wir \u00fcbernehmen keine Haftung f\u00fcr die Folgen der Nutzung der auf unseren Website(s) bereitgestellten Informationen, f\u00fcr die unterbrochene oder verz\u00f6gerte Verf\u00fcgbarkeit dieser Website(s) oder von Links zu Websites Dritter. Die Nutzung solcher Links erfolgt auf eigene Risiko.&nbsp;<\/p>\n\n\n\n<h5 class=\"wp-block-heading\"><strong>Geistige Eigentumsrechte<\/strong>&nbsp;<\/h5>\n\n\n\n<p>Diese Website(s) und alle Informationen, die auf oder \u00fcber die Website(s) zur Verf\u00fcgung gestellt werden, sind Eigentum von Portbase oder an Portbase lizenziert oder werden mit Genehmigung des rechtm\u00e4\u00dfigen Eigent\u00fcmers verwendet. Zu diesen Informationen geh\u00f6ren: Texte, Bilder und Illustrationen, (Handels-)Namen, Logos und Marken. Diese Informationen sind durch das Datenbankrecht, das Urheberrecht, das Markenrecht und\/oder jedes andere Recht an geistigem Eigentum gesch\u00fctzt.&nbsp;<\/p>\n\n\n\n<p>Teile der Informationen dieser Website(s), wie Texte oder grafische Bilder, d\u00fcrfen nur mit ausdr\u00fccklicher schriftlicher Genehmigung von Portbase ver\u00f6ffentlicht, verbreitet und\/oder vervielf\u00e4ltigt werden.&nbsp;<\/p>\n\n\n\n<h5 class=\"wp-block-heading\"><strong>Anwendbares Recht<\/strong>&nbsp;&nbsp;<\/h5>\n\n\n\n<p>F\u00fcr diesen Haftungsausschluss gilt niederl\u00e4ndisches Recht. Alle Streitigkeiten, die sich aus oder im Zusammenhang mit diesem Haftungsausschluss und\/oder der Nutzung der Website(s) ergeben, werden ausschlie\u00dflich dem zust\u00e4ndigen Gericht in Rotterdam vorgelegt.&nbsp;<\/p>\n\n\n\n<p>Sollten \u00fcbersetzte Versionen dieses Haftungsausschlusses zu unterschiedlichen Auslegungen f\u00fchren, ist die Version in niederl\u00e4ndischer Sprache ma\u00dfgeblich. Versionen dieses Haftungsausschlusses zu unterschiedlichen Auslegungen f\u00fchren, so ist die Version in niederl\u00e4ndischer Sprache ma\u00dfgebend.&nbsp;<\/p>\n\n\n\n<h5 class=\"wp-block-heading\"><strong>Kontakt<\/strong>&nbsp;<\/h5>\n\n\n\n<p>Anfragen oder Beschwerden k\u00f6nnen \u00fcber die Customer Service abteilung von Portbase unter der Telefonnummer <a href=\"tel: +31(0)88 625 25 25\">+31(0)88 625 25 25<\/a> oder \u00fcber <a href=\"mailto:customerservice@portbase.com\" target=\"_blank\" rel=\"noreferrer noopener\">customerservice@portbase.com<\/a>.&nbsp;<\/p>\n\n\n\n<p class=\"has-text-align-left\">\u00a9 Portbase, version Juli 2024&nbsp;<\/p>\n\n\n\n<p><\/p>\n<\/div>\n\n\n\n<hr class=\"wp-block-separator has-alpha-channel-opacity\"\/>\n<\/div>\n","protected":false},"excerpt":{"rendered":"<p>Nutzung der Website und Links&nbsp; Wenn Sie unsere Website www.portbase.com, \u202fdeveloper.portbase.com,\u202f support.portbase.com,\u202fwerkenbij.portbase.com und\u202fwww.iamconnected.eu\u202f(im Folgenden: \u201cWebsite(s)\u201d) besucht oder die auf diese Website(s) angebotenen Informationen nutzt, erkl\u00e4ren Sie sich mit der Anwendbarkeit dieses Haftungsausschlusses und den darin enthaltenen Bedingungen und Vorbehalten einverstanden.\u00a0 Portbase stellt die Informationen auf dieser(n) Website(s) mit Sorgfalt zusammen, kann jedoch nicht f\u00fcr deren [&hellip;]<\/p>\n","protected":false},"author":15,"featured_media":0,"parent":0,"menu_order":0,"comment_status":"closed","ping_status":"closed","template":"","meta":{"_acf_changed":false,"_searchwp_excluded":"","site-sidebar-layout":"default","site-content-layout":"","ast-site-content-layout":"default","site-content-style":"default","site-sidebar-style":"default","ast-global-header-display":"","ast-banner-title-visibility":"","ast-main-header-display":"","ast-hfb-above-header-display":"","ast-hfb-below-header-display":"","ast-hfb-mobile-header-display":"","site-post-title":"","ast-breadcrumbs-content":"","ast-featured-img":"","footer-sml-layout":"","ast-disable-related-posts":"","theme-transparent-header-meta":"","adv-header-id-meta":"","stick-header-meta":"","header-above-stick-meta":"","header-main-stick-meta":"","header-below-stick-meta":"","astra-migrate-meta-layouts":"default","ast-page-background-enabled":"default","ast-page-background-meta":{"desktop":{"background-color":"var(--ast-global-color-4)","background-image":"","background-repeat":"repeat","background-position":"center center","background-size":"auto","background-attachment":"scroll","background-type":"","background-media":"","overlay-type":"","overlay-color":"","overlay-opacity":"","overlay-gradient":""},"tablet":{"background-color":"","background-image":"","background-repeat":"repeat","background-position":"center center","background-size":"auto","background-attachment":"scroll","background-type":"","background-media":"","overlay-type":"","overlay-color":"","overlay-opacity":"","overlay-gradient":""},"mobile":{"background-color":"","background-image":"","background-repeat":"repeat","background-position":"center center","background-size":"auto","background-attachment":"scroll","background-type":"","background-media":"","overlay-type":"","overlay-color":"","overlay-opacity":"","overlay-gradient":""}},"ast-content-background-meta":{"desktop":{"background-color":"var(--ast-global-color-5)","background-image":"","background-repeat":"repeat","background-position":"center center","background-size":"auto","background-attachment":"scroll","background-type":"","background-media":"","overlay-type":"","overlay-color":"","overlay-opacity":"","overlay-gradient":""},"tablet":{"background-color":"var(--ast-global-color-5)","background-image":"","background-repeat":"repeat","background-position":"center center","background-size":"auto","background-attachment":"scroll","background-type":"","background-media":"","overlay-type":"","overlay-color":"","overlay-opacity":"","overlay-gradient":""},"mobile":{"background-color":"var(--ast-global-color-5)","background-image":"","background-repeat":"repeat","background-position":"center center","background-size":"auto","background-attachment":"scroll","background-type":"","background-media":"","overlay-type":"","overlay-color":"","overlay-opacity":"","overlay-gradient":""}},"footnotes":""},"class_list":["post-14280","page","type-page","status-publish","hentry"],"acf":[],"yoast_head":"<!-- This site is optimized with the Yoast SEO plugin v27.3 - https:\/\/yoast.com\/product\/yoast-seo-wordpress\/ -->\n<title>Haftungsausschluss\u00a0 - Portbase<\/title>\n<meta name=\"description\" content=\"Wenn Sie die Portbase-Website besuchen, erkl\u00e4ren Sie sich mit unserem Haftungsausschluss einverstanden. Dieser ist hier dargelegt.\" \/>\n<meta name=\"robots\" content=\"index, follow, max-snippet:-1, max-image-preview:large, max-video-preview:-1\" \/>\n<link rel=\"canonical\" href=\"https:\/\/www.portbase.com\/de\/haftungsausschluss\/\" \/>\n<meta property=\"og:locale\" content=\"de_DE\" \/>\n<meta property=\"og:type\" content=\"article\" \/>\n<meta property=\"og:title\" content=\"Haftungsausschluss\u00a0 - Portbase\" \/>\n<meta property=\"og:description\" content=\"Wenn Sie die Portbase-Website besuchen, erkl\u00e4ren Sie sich mit unserem Haftungsausschluss einverstanden. Dieser ist hier dargelegt.\" \/>\n<meta property=\"og:url\" content=\"https:\/\/www.portbase.com\/de\/haftungsausschluss\/\" \/>\n<meta property=\"og:site_name\" content=\"Portbase\" \/>\n<meta property=\"article:publisher\" content=\"https:\/\/www.facebook.com\/portbase\" \/>\n<meta property=\"article:modified_time\" content=\"2026-02-19T10:51:29+00:00\" \/>\n<meta property=\"og:image\" content=\"https:\/\/www.portbase.com\/wp-content\/uploads\/2024\/04\/20180206-_H4A8907-1-scaled.jpg\" \/>\n\t<meta property=\"og:image:width\" content=\"2560\" \/>\n\t<meta property=\"og:image:height\" content=\"1707\" \/>\n\t<meta property=\"og:image:type\" content=\"image\/jpeg\" \/>\n<meta name=\"twitter:card\" content=\"summary_large_image\" \/>\n<meta name=\"twitter:label1\" content=\"Gesch\u00e4tzte Lesezeit\" \/>\n\t<meta name=\"twitter:data1\" content=\"2\u00a0Minuten\" \/>\n<script type=\"application\/ld+json\" class=\"yoast-schema-graph\">{\"@context\":\"https:\\\/\\\/schema.org\",\"@graph\":[{\"@type\":\"WebPage\",\"@id\":\"https:\\\/\\\/www.portbase.com\\\/de\\\/haftungsausschluss\\\/\",\"url\":\"https:\\\/\\\/www.portbase.com\\\/de\\\/haftungsausschluss\\\/\",\"name\":\"Haftungsausschluss\u00a0 - Portbase\",\"isPartOf\":{\"@id\":\"https:\\\/\\\/www.portbase.com\\\/de\\\/#website\"},\"primaryImageOfPage\":{\"@id\":\"https:\\\/\\\/www.portbase.com\\\/de\\\/haftungsausschluss\\\/#primaryimage\"},\"image\":{\"@id\":\"https:\\\/\\\/www.portbase.com\\\/de\\\/haftungsausschluss\\\/#primaryimage\"},\"thumbnailUrl\":\"https:\\\/\\\/www.portbase.com\\\/wp-content\\\/uploads\\\/2024\\\/04\\\/20180206-_H4A8907-1-scaled.jpg\",\"datePublished\":\"2024-07-30T09:19:59+00:00\",\"dateModified\":\"2026-02-19T10:51:29+00:00\",\"description\":\"Wenn Sie die Portbase-Website besuchen, erkl\u00e4ren Sie sich mit unserem Haftungsausschluss einverstanden. Dieser ist hier dargelegt.\",\"breadcrumb\":{\"@id\":\"https:\\\/\\\/www.portbase.com\\\/de\\\/haftungsausschluss\\\/#breadcrumb\"},\"inLanguage\":\"de\",\"potentialAction\":[{\"@type\":\"ReadAction\",\"target\":[\"https:\\\/\\\/www.portbase.com\\\/de\\\/haftungsausschluss\\\/\"]}]},{\"@type\":\"ImageObject\",\"inLanguage\":\"de\",\"@id\":\"https:\\\/\\\/www.portbase.com\\\/de\\\/haftungsausschluss\\\/#primaryimage\",\"url\":\"https:\\\/\\\/www.portbase.com\\\/wp-content\\\/uploads\\\/2024\\\/04\\\/20180206-_H4A8907-1-scaled.jpg\",\"contentUrl\":\"https:\\\/\\\/www.portbase.com\\\/wp-content\\\/uploads\\\/2024\\\/04\\\/20180206-_H4A8907-1-scaled.jpg\"},{\"@type\":\"BreadcrumbList\",\"@id\":\"https:\\\/\\\/www.portbase.com\\\/de\\\/haftungsausschluss\\\/#breadcrumb\",\"itemListElement\":[{\"@type\":\"ListItem\",\"position\":1,\"name\":\"Home\",\"item\":\"https:\\\/\\\/www.portbase.com\\\/de\\\/\"},{\"@type\":\"ListItem\",\"position\":2,\"name\":\"Haftungsausschluss\u00a0\"}]},{\"@type\":\"WebSite\",\"@id\":\"https:\\\/\\\/www.portbase.com\\\/de\\\/#website\",\"url\":\"https:\\\/\\\/www.portbase.com\\\/de\\\/\",\"name\":\"Portbase\",\"description\":\"\",\"publisher\":{\"@id\":\"https:\\\/\\\/www.portbase.com\\\/de\\\/#organization\"},\"potentialAction\":[{\"@type\":\"SearchAction\",\"target\":{\"@type\":\"EntryPoint\",\"urlTemplate\":\"https:\\\/\\\/www.portbase.com\\\/de\\\/?s={search_term_string}\"},\"query-input\":{\"@type\":\"PropertyValueSpecification\",\"valueRequired\":true,\"valueName\":\"search_term_string\"}}],\"inLanguage\":\"de\"},{\"@type\":\"Organization\",\"@id\":\"https:\\\/\\\/www.portbase.com\\\/de\\\/#organization\",\"name\":\"Portbase\",\"url\":\"https:\\\/\\\/www.portbase.com\\\/de\\\/\",\"logo\":{\"@type\":\"ImageObject\",\"inLanguage\":\"de\",\"@id\":\"https:\\\/\\\/www.portbase.com\\\/de\\\/#\\\/schema\\\/logo\\\/image\\\/\",\"url\":\"https:\\\/\\\/www.portbase.com\\\/wp-content\\\/uploads\\\/2024\\\/03\\\/portbase-logo.svg\",\"contentUrl\":\"https:\\\/\\\/www.portbase.com\\\/wp-content\\\/uploads\\\/2024\\\/03\\\/portbase-logo.svg\",\"width\":1,\"height\":1,\"caption\":\"Portbase\"},\"image\":{\"@id\":\"https:\\\/\\\/www.portbase.com\\\/de\\\/#\\\/schema\\\/logo\\\/image\\\/\"},\"sameAs\":[\"https:\\\/\\\/www.facebook.com\\\/portbase\",\"https:\\\/\\\/www.linkedin.com\\\/company\\\/portbase\",\"https:\\\/\\\/www.instagram.com\\\/portbase\\\/\",\"https:\\\/\\\/www.youtube.com\\\/user\\\/PortbaseOnline\"]}]}<\/script>\n<!-- \/ Yoast SEO plugin. -->","yoast_head_json":{"title":"Haftungsausschluss\u00a0 - Portbase","description":"Wenn Sie die Portbase-Website besuchen, erkl\u00e4ren Sie sich mit unserem Haftungsausschluss einverstanden. Dieser ist hier dargelegt.","robots":{"index":"index","follow":"follow","max-snippet":"max-snippet:-1","max-image-preview":"max-image-preview:large","max-video-preview":"max-video-preview:-1"},"canonical":"https:\/\/www.portbase.com\/de\/haftungsausschluss\/","og_locale":"de_DE","og_type":"article","og_title":"Haftungsausschluss\u00a0 - Portbase","og_description":"Wenn Sie die Portbase-Website besuchen, erkl\u00e4ren Sie sich mit unserem Haftungsausschluss einverstanden. Dieser ist hier dargelegt.","og_url":"https:\/\/www.portbase.com\/de\/haftungsausschluss\/","og_site_name":"Portbase","article_publisher":"https:\/\/www.facebook.com\/portbase","article_modified_time":"2026-02-19T10:51:29+00:00","og_image":[{"width":2560,"height":1707,"url":"https:\/\/www.portbase.com\/wp-content\/uploads\/2024\/04\/20180206-_H4A8907-1-scaled.jpg","type":"image\/jpeg"}],"twitter_card":"summary_large_image","twitter_misc":{"Gesch\u00e4tzte Lesezeit":"2\u00a0Minuten"},"schema":{"@context":"https:\/\/schema.org","@graph":[{"@type":"WebPage","@id":"https:\/\/www.portbase.com\/de\/haftungsausschluss\/","url":"https:\/\/www.portbase.com\/de\/haftungsausschluss\/","name":"Haftungsausschluss\u00a0 - Portbase","isPartOf":{"@id":"https:\/\/www.portbase.com\/de\/#website"},"primaryImageOfPage":{"@id":"https:\/\/www.portbase.com\/de\/haftungsausschluss\/#primaryimage"},"image":{"@id":"https:\/\/www.portbase.com\/de\/haftungsausschluss\/#primaryimage"},"thumbnailUrl":"https:\/\/www.portbase.com\/wp-content\/uploads\/2024\/04\/20180206-_H4A8907-1-scaled.jpg","datePublished":"2024-07-30T09:19:59+00:00","dateModified":"2026-02-19T10:51:29+00:00","description":"Wenn Sie die Portbase-Website besuchen, erkl\u00e4ren Sie sich mit unserem Haftungsausschluss einverstanden. Dieser ist hier dargelegt.","breadcrumb":{"@id":"https:\/\/www.portbase.com\/de\/haftungsausschluss\/#breadcrumb"},"inLanguage":"de","potentialAction":[{"@type":"ReadAction","target":["https:\/\/www.portbase.com\/de\/haftungsausschluss\/"]}]},{"@type":"ImageObject","inLanguage":"de","@id":"https:\/\/www.portbase.com\/de\/haftungsausschluss\/#primaryimage","url":"https:\/\/www.portbase.com\/wp-content\/uploads\/2024\/04\/20180206-_H4A8907-1-scaled.jpg","contentUrl":"https:\/\/www.portbase.com\/wp-content\/uploads\/2024\/04\/20180206-_H4A8907-1-scaled.jpg"},{"@type":"BreadcrumbList","@id":"https:\/\/www.portbase.com\/de\/haftungsausschluss\/#breadcrumb","itemListElement":[{"@type":"ListItem","position":1,"name":"Home","item":"https:\/\/www.portbase.com\/de\/"},{"@type":"ListItem","position":2,"name":"Haftungsausschluss\u00a0"}]},{"@type":"WebSite","@id":"https:\/\/www.portbase.com\/de\/#website","url":"https:\/\/www.portbase.com\/de\/","name":"Portbase","description":"","publisher":{"@id":"https:\/\/www.portbase.com\/de\/#organization"},"potentialAction":[{"@type":"SearchAction","target":{"@type":"EntryPoint","urlTemplate":"https:\/\/www.portbase.com\/de\/?s={search_term_string}"},"query-input":{"@type":"PropertyValueSpecification","valueRequired":true,"valueName":"search_term_string"}}],"inLanguage":"de"},{"@type":"Organization","@id":"https:\/\/www.portbase.com\/de\/#organization","name":"Portbase","url":"https:\/\/www.portbase.com\/de\/","logo":{"@type":"ImageObject","inLanguage":"de","@id":"https:\/\/www.portbase.com\/de\/#\/schema\/logo\/image\/","url":"https:\/\/www.portbase.com\/wp-content\/uploads\/2024\/03\/portbase-logo.svg","contentUrl":"https:\/\/www.portbase.com\/wp-content\/uploads\/2024\/03\/portbase-logo.svg","width":1,"height":1,"caption":"Portbase"},"image":{"@id":"https:\/\/www.portbase.com\/de\/#\/schema\/logo\/image\/"},"sameAs":["https:\/\/www.facebook.com\/portbase","https:\/\/www.linkedin.com\/company\/portbase","https:\/\/www.instagram.com\/portbase\/","https:\/\/www.youtube.com\/user\/PortbaseOnline"]}]}},"_links":{"self":[{"href":"https:\/\/www.portbase.com\/de\/wp-json\/wp\/v2\/pages\/14280","targetHints":{"allow":["GET"]}}],"collection":[{"href":"https:\/\/www.portbase.com\/de\/wp-json\/wp\/v2\/pages"}],"about":[{"href":"https:\/\/www.portbase.com\/de\/wp-json\/wp\/v2\/types\/page"}],"author":[{"embeddable":true,"href":"https:\/\/www.portbase.com\/de\/wp-json\/wp\/v2\/users\/15"}],"replies":[{"embeddable":true,"href":"https:\/\/www.portbase.com\/de\/wp-json\/wp\/v2\/comments?post=14280"}],"version-history":[{"count":6,"href":"https:\/\/www.portbase.com\/de\/wp-json\/wp\/v2\/pages\/14280\/revisions"}],"predecessor-version":[{"id":27414,"href":"https:\/\/www.portbase.com\/de\/wp-json\/wp\/v2\/pages\/14280\/revisions\/27414"}],"wp:attachment":[{"href":"https:\/\/www.portbase.com\/de\/wp-json\/wp\/v2\/media?parent=14280"}],"curies":[{"name":"wp","href":"https:\/\/api.w.org\/{rel}","templated":true}]}}