{"id":15371,"date":"2024-09-05T09:39:39","date_gmt":"2024-09-05T07:39:39","guid":{"rendered":"https:\/\/www.portbase.com\/?page_id=15371"},"modified":"2024-10-25T16:37:55","modified_gmt":"2024-10-25T14:37:55","slug":"responsible-disclosure","status":"publish","type":"page","link":"https:\/\/www.portbase.com\/de\/responsible-disclosure\/","title":{"rendered":"Responsible Disclosure"},"content":{"rendered":"\n<div class=\"wp-block-group alignfull has-white-background-color has-background is-layout-constrained wp-block-group-is-layout-constrained\" style=\"padding-top:0\">\n<div class=\"wp-block-cover alignwide has-dark-blue-color has-text-color has-link-color wp-elements-17b54e0993b047a8a2703808cdc5d539\" style=\"min-height:45vh;aspect-ratio:unset;\"><span aria-hidden=\"true\" class=\"wp-block-cover__background has-dark-blue-background-color has-background-dim-80 has-background-dim\"><\/span><img decoding=\"async\" width=\"2560\" height=\"1707\" class=\"wp-block-cover__image-background wp-image-8131\" alt=\"\" src=\"https:\/\/www.portbase.com\/wp-content\/uploads\/2024\/04\/20180206-_H4A8907-1-scaled.jpg\" data-object-fit=\"cover\" srcset=\"https:\/\/www.portbase.com\/wp-content\/uploads\/2024\/04\/20180206-_H4A8907-1-scaled.jpg 2560w, https:\/\/www.portbase.com\/wp-content\/uploads\/2024\/04\/20180206-_H4A8907-1-300x200.jpg 300w, https:\/\/www.portbase.com\/wp-content\/uploads\/2024\/04\/20180206-_H4A8907-1-1024x683.jpg 1024w, https:\/\/www.portbase.com\/wp-content\/uploads\/2024\/04\/20180206-_H4A8907-1-768x512.jpg 768w, https:\/\/www.portbase.com\/wp-content\/uploads\/2024\/04\/20180206-_H4A8907-1-1536x1024.jpg 1536w, https:\/\/www.portbase.com\/wp-content\/uploads\/2024\/04\/20180206-_H4A8907-1-2048x1365.jpg 2048w\" sizes=\"(max-width: 2560px) 100vw, 2560px\" \/><div class=\"wp-block-cover__inner-container is-layout-constrained wp-container-core-cover-is-layout-18af65a0 wp-block-cover-is-layout-constrained\">\n<h1 class=\"wp-block-heading has-text-align-center has-blue-color has-text-color has-link-color wp-elements-ca2f566b0858239dd0000ac53e3d2dcf\"><mark style=\"background-color:rgba(0, 0, 0, 0)\" class=\"has-inline-color has-white-color\">Responsible Disclosure<\/mark><\/h1>\n<\/div><\/div>\n<\/div>\n\n\n\n<div class=\"wp-block-group alignfull has-white-background-color has-background is-layout-constrained wp-container-core-group-is-layout-a7c27be1 wp-block-group-is-layout-constrained\">\n<div class=\"wp-block-group alignfull is-content-justification-center is-layout-constrained wp-block-group-is-layout-constrained\" style=\"padding-top:0;padding-bottom:0\">\n<p>Bei Portbase hat die Sicherheit unserer Systeme h\u00f6chste Priorit\u00e4t. Trotz unserer Bem\u00fchungen, unsere Systeme sicher zu halten, k\u00f6nnen Schwachstellen auftreten. Schlie\u00dflich \u00e4ndern sich digitale Technologien und Erkenntnisse t\u00e4glich. Sollten Sie eine Schwachstelle in unseren Systemen entdecken, w\u00fcrden wir uns freuen, wenn Sie uns dies mitteilen. Auf diese Weise k\u00f6nnen wir sofort geeignete Ma\u00dfnahmen ergreifen und eine sichere digitale Umgebung f\u00fcr unsere Kunden und uns gew\u00e4hrleisten.<\/p>\n\n\n\n<h5 class=\"wp-block-heading\"><strong><strong><strong><strong>Wir bitten Sie:<\/strong><\/strong><\/strong><\/strong><\/h5>\n\n\n\n<ul class=\"wp-block-list\">\n<li>Senden Sie Ihre Erkenntnisse per E-Mail an security@portbase.com. Sichern oder verschl\u00fcsseln Sie Ihre Erkenntnisse, damit die Informationen nicht in die falschen H\u00e4nde geraten;<\/li>\n\n\n\n<li>Mit der gefundenen Schwachstelle verantwortungsvoll umzugehen und sie in keiner Weise zu missbrauchen, indem Sie beispielsweise nicht mehr Daten als n\u00f6tig herunterladen und keine Daten Dritter einsehen, l\u00f6schen oder ver\u00e4ndern;<\/li>\n\n\n\n<li>Ihre Erkenntnisse nicht an andere weiterzugeben, bis die Schwachstelle behoben ist, und alle vertraulichen Daten, die durch die Sicherheitsl\u00fccke erlangt wurden, sofort nach deren Behebung zu l\u00f6schen;<\/li>\n\n\n\n<li>keine physischen Sicherheitsangriffe, Social Engineering, Distributed Denial of Service, Spam oder Anwendungen Dritter zu verwenden; und;<\/li>\n\n\n\n<li>Stellen Sie ausreichende Informationen zur Verf\u00fcgung, um das Problem zu reproduzieren, damit wir es so schnell wie m\u00f6glich beheben k\u00f6nnen. In der Regel reichen die IP-Adresse oder die URL des betroffenen Systems und eine Beschreibung der Schwachstelle aus, aber bei komplexeren Schwachstellen k\u00f6nnen weitere Informationen erforderlich sein;<\/li>\n\n\n\n<li>Geben Sie gen\u00fcgend Details an, damit wir Sie kontaktieren k\u00f6nnen. Bitte geben Sie mindestens Ihre E-Mail-Adresse und vorzugsweise Ihre Telefonnummer an. Wir werden Ihre Daten vertraulich behandeln.<\/li>\n<\/ul>\n\n\n\n<h5 class=\"wp-block-heading\"><strong><strong>Was wir versprechen:<\/strong><\/strong><\/h5>\n\n\n\n<ul class=\"wp-block-list\">\n<li>Wir antworten innerhalb von drei (3) Arbeitstagen auf Ihre Meldung mit einer Empfangsbest\u00e4tigung. Wir werden innerhalb von drei\u00dfig (30) Arbeitstagen auf den Inhalt Ihrer Meldung antworten. Diese inhaltliche Mitteilung gibt auch Aufschluss \u00fcber den voraussichtlichen L\u00f6sungstermin.<\/li>\n\n\n\n<li>Wir behandeln Ihre Meldung vertraulich und geben Ihre personenbezogenen Daten nicht ohne Ihre Zustimmung an Dritte weiter, es sei denn, dies ist zur Erf\u00fcllung einer gesetzlichen Verpflichtung erforderlich. Die Meldung unter einem Pseudonym ist m\u00f6glich.<\/li>\n\n\n\n<li>keine rechtlichen Schritte gegen Sie aufgrund Ihrer Meldung einleiten, wenn Sie die vorgenannten Bedingungen erf\u00fcllt haben.<\/li>\n\n\n\n<li>Sie auf Wunsch \u00fcber den Fortschritt der L\u00f6sung auf dem Laufenden halten.<\/li>\n\n\n\n<li>Bei der Meldung des gemeldeten Problems werden wir, falls gew\u00fcnscht, Ihren Namen als Entdecker erw\u00e4hnen.<\/li>\n\n\n\n<li>Um Ihnen f\u00fcr Ihre Hilfe zu danken, bieten wir Ihnen f\u00fcr jede Meldung eines uns noch unbekannten Sicherheitsproblems eine spielerische\/angemessene Belohnung. Die H\u00f6he der Belohnung richtet sich nach der Schwere des Lecks und der Qualit\u00e4t der Meldung.<\/li>\n<\/ul>\n\n\n\n<p>Wir bem\u00fchen uns, alle Probleme so schnell wie m\u00f6glich zu l\u00f6sen, und w\u00fcrden uns freuen, wenn wir nach der L\u00f6sung des Problems an einer Ver\u00f6ffentlichung dar\u00fcber beteiligt werden.<\/p>\n\n\n\n<p>Diese verantwortungsvolle Ver\u00f6ffentlichungspolitik basiert auf einem von Floor Terra verfassten Beispiel und den Offenlegungsrichtlinien des NCSCs.<\/p>\n\n\n\n<p>\u00a9 Portbase, version August 2024<\/p>\n\n\n\n<p><\/p>\n<\/div>\n\n\n\n<hr class=\"wp-block-separator has-alpha-channel-opacity\"\/>\n<\/div>\n","protected":false},"excerpt":{"rendered":"<p>Lesen Sie hier die verantwortungsvolle Offenlegung von Portbase. Bei Portbase hat die Sicherheit unserer Systeme h\u00f6chste Priorit\u00e4t. <\/p>\n","protected":false},"author":15,"featured_media":0,"parent":0,"menu_order":0,"comment_status":"closed","ping_status":"closed","template":"","meta":{"_acf_changed":false,"_searchwp_excluded":"","site-sidebar-layout":"default","site-content-layout":"","ast-site-content-layout":"default","site-content-style":"default","site-sidebar-style":"default","ast-global-header-display":"","ast-banner-title-visibility":"","ast-main-header-display":"","ast-hfb-above-header-display":"","ast-hfb-below-header-display":"","ast-hfb-mobile-header-display":"","site-post-title":"","ast-breadcrumbs-content":"","ast-featured-img":"","footer-sml-layout":"","ast-disable-related-posts":"","theme-transparent-header-meta":"","adv-header-id-meta":"","stick-header-meta":"","header-above-stick-meta":"","header-main-stick-meta":"","header-below-stick-meta":"","astra-migrate-meta-layouts":"default","ast-page-background-enabled":"default","ast-page-background-meta":{"desktop":{"background-color":"var(--ast-global-color-4)","background-image":"","background-repeat":"repeat","background-position":"center center","background-size":"auto","background-attachment":"scroll","background-type":"","background-media":"","overlay-type":"","overlay-color":"","overlay-opacity":"","overlay-gradient":""},"tablet":{"background-color":"","background-image":"","background-repeat":"repeat","background-position":"center center","background-size":"auto","background-attachment":"scroll","background-type":"","background-media":"","overlay-type":"","overlay-color":"","overlay-opacity":"","overlay-gradient":""},"mobile":{"background-color":"","background-image":"","background-repeat":"repeat","background-position":"center center","background-size":"auto","background-attachment":"scroll","background-type":"","background-media":"","overlay-type":"","overlay-color":"","overlay-opacity":"","overlay-gradient":""}},"ast-content-background-meta":{"desktop":{"background-color":"var(--ast-global-color-5)","background-image":"","background-repeat":"repeat","background-position":"center center","background-size":"auto","background-attachment":"scroll","background-type":"","background-media":"","overlay-type":"","overlay-color":"","overlay-opacity":"","overlay-gradient":""},"tablet":{"background-color":"var(--ast-global-color-5)","background-image":"","background-repeat":"repeat","background-position":"center center","background-size":"auto","background-attachment":"scroll","background-type":"","background-media":"","overlay-type":"","overlay-color":"","overlay-opacity":"","overlay-gradient":""},"mobile":{"background-color":"var(--ast-global-color-5)","background-image":"","background-repeat":"repeat","background-position":"center center","background-size":"auto","background-attachment":"scroll","background-type":"","background-media":"","overlay-type":"","overlay-color":"","overlay-opacity":"","overlay-gradient":""}},"footnotes":""},"class_list":["post-15371","page","type-page","status-publish","hentry"],"acf":[],"yoast_head":"<!-- This site is optimized with the Yoast SEO plugin v27.3 - https:\/\/yoast.com\/product\/yoast-seo-wordpress\/ -->\n<title>Responsible Disclosure - Portbase<\/title>\n<meta name=\"description\" content=\"Bei Portbase hat die Sicherheit unserer Systeme h\u00f6chste Priorit\u00e4t. Lesen Sie hier unsere vollst\u00e4ndige Responsible disclosure.\" \/>\n<meta name=\"robots\" content=\"index, follow, max-snippet:-1, max-image-preview:large, max-video-preview:-1\" \/>\n<link rel=\"canonical\" href=\"https:\/\/www.portbase.com\/de\/responsible-disclosure\/\" \/>\n<meta property=\"og:locale\" content=\"de_DE\" \/>\n<meta property=\"og:type\" content=\"article\" \/>\n<meta property=\"og:title\" content=\"Responsible Disclosure - Portbase\" \/>\n<meta property=\"og:description\" content=\"Bei Portbase hat die Sicherheit unserer Systeme h\u00f6chste Priorit\u00e4t. Lesen Sie hier unsere vollst\u00e4ndige Responsible disclosure.\" \/>\n<meta property=\"og:url\" content=\"https:\/\/www.portbase.com\/de\/responsible-disclosure\/\" \/>\n<meta property=\"og:site_name\" content=\"Portbase\" \/>\n<meta property=\"article:publisher\" content=\"https:\/\/www.facebook.com\/portbase\" \/>\n<meta property=\"article:modified_time\" content=\"2024-10-25T14:37:55+00:00\" \/>\n<meta property=\"og:image\" content=\"https:\/\/www.portbase.com\/wp-content\/uploads\/2024\/04\/20180206-_H4A8907-1-scaled.jpg\" \/>\n<meta name=\"twitter:card\" content=\"summary_large_image\" \/>\n<meta name=\"twitter:label1\" content=\"Gesch\u00e4tzte Lesezeit\" \/>\n\t<meta name=\"twitter:data1\" content=\"3\u00a0Minuten\" \/>\n<script type=\"application\/ld+json\" class=\"yoast-schema-graph\">{\"@context\":\"https:\\\/\\\/schema.org\",\"@graph\":[{\"@type\":\"WebPage\",\"@id\":\"https:\\\/\\\/www.portbase.com\\\/de\\\/responsible-disclosure\\\/\",\"url\":\"https:\\\/\\\/www.portbase.com\\\/de\\\/responsible-disclosure\\\/\",\"name\":\"Responsible Disclosure - Portbase\",\"isPartOf\":{\"@id\":\"https:\\\/\\\/www.portbase.com\\\/de\\\/#website\"},\"primaryImageOfPage\":{\"@id\":\"https:\\\/\\\/www.portbase.com\\\/de\\\/responsible-disclosure\\\/#primaryimage\"},\"image\":{\"@id\":\"https:\\\/\\\/www.portbase.com\\\/de\\\/responsible-disclosure\\\/#primaryimage\"},\"thumbnailUrl\":\"https:\\\/\\\/www.portbase.com\\\/wp-content\\\/uploads\\\/2024\\\/04\\\/20180206-_H4A8907-1-scaled.jpg\",\"datePublished\":\"2024-09-05T07:39:39+00:00\",\"dateModified\":\"2024-10-25T14:37:55+00:00\",\"description\":\"Bei Portbase hat die Sicherheit unserer Systeme h\u00f6chste Priorit\u00e4t. Lesen Sie hier unsere vollst\u00e4ndige Responsible disclosure.\",\"breadcrumb\":{\"@id\":\"https:\\\/\\\/www.portbase.com\\\/de\\\/responsible-disclosure\\\/#breadcrumb\"},\"inLanguage\":\"de\",\"potentialAction\":[{\"@type\":\"ReadAction\",\"target\":[\"https:\\\/\\\/www.portbase.com\\\/de\\\/responsible-disclosure\\\/\"]}]},{\"@type\":\"ImageObject\",\"inLanguage\":\"de\",\"@id\":\"https:\\\/\\\/www.portbase.com\\\/de\\\/responsible-disclosure\\\/#primaryimage\",\"url\":\"https:\\\/\\\/www.portbase.com\\\/wp-content\\\/uploads\\\/2024\\\/04\\\/20180206-_H4A8907-1-scaled.jpg\",\"contentUrl\":\"https:\\\/\\\/www.portbase.com\\\/wp-content\\\/uploads\\\/2024\\\/04\\\/20180206-_H4A8907-1-scaled.jpg\"},{\"@type\":\"BreadcrumbList\",\"@id\":\"https:\\\/\\\/www.portbase.com\\\/de\\\/responsible-disclosure\\\/#breadcrumb\",\"itemListElement\":[{\"@type\":\"ListItem\",\"position\":1,\"name\":\"Home\",\"item\":\"https:\\\/\\\/www.portbase.com\\\/de\\\/\"},{\"@type\":\"ListItem\",\"position\":2,\"name\":\"Responsible Disclosure\"}]},{\"@type\":\"WebSite\",\"@id\":\"https:\\\/\\\/www.portbase.com\\\/de\\\/#website\",\"url\":\"https:\\\/\\\/www.portbase.com\\\/de\\\/\",\"name\":\"Portbase\",\"description\":\"\",\"publisher\":{\"@id\":\"https:\\\/\\\/www.portbase.com\\\/de\\\/#organization\"},\"potentialAction\":[{\"@type\":\"SearchAction\",\"target\":{\"@type\":\"EntryPoint\",\"urlTemplate\":\"https:\\\/\\\/www.portbase.com\\\/de\\\/?s={search_term_string}\"},\"query-input\":{\"@type\":\"PropertyValueSpecification\",\"valueRequired\":true,\"valueName\":\"search_term_string\"}}],\"inLanguage\":\"de\"},{\"@type\":\"Organization\",\"@id\":\"https:\\\/\\\/www.portbase.com\\\/de\\\/#organization\",\"name\":\"Portbase\",\"url\":\"https:\\\/\\\/www.portbase.com\\\/de\\\/\",\"logo\":{\"@type\":\"ImageObject\",\"inLanguage\":\"de\",\"@id\":\"https:\\\/\\\/www.portbase.com\\\/de\\\/#\\\/schema\\\/logo\\\/image\\\/\",\"url\":\"https:\\\/\\\/www.portbase.com\\\/wp-content\\\/uploads\\\/2024\\\/03\\\/portbase-logo.svg\",\"contentUrl\":\"https:\\\/\\\/www.portbase.com\\\/wp-content\\\/uploads\\\/2024\\\/03\\\/portbase-logo.svg\",\"width\":1,\"height\":1,\"caption\":\"Portbase\"},\"image\":{\"@id\":\"https:\\\/\\\/www.portbase.com\\\/de\\\/#\\\/schema\\\/logo\\\/image\\\/\"},\"sameAs\":[\"https:\\\/\\\/www.facebook.com\\\/portbase\",\"https:\\\/\\\/www.linkedin.com\\\/company\\\/portbase\",\"https:\\\/\\\/www.instagram.com\\\/portbase\\\/\",\"https:\\\/\\\/www.youtube.com\\\/user\\\/PortbaseOnline\"]}]}<\/script>\n<!-- \/ Yoast SEO plugin. -->","yoast_head_json":{"title":"Responsible Disclosure - Portbase","description":"Bei Portbase hat die Sicherheit unserer Systeme h\u00f6chste Priorit\u00e4t. Lesen Sie hier unsere vollst\u00e4ndige Responsible disclosure.","robots":{"index":"index","follow":"follow","max-snippet":"max-snippet:-1","max-image-preview":"max-image-preview:large","max-video-preview":"max-video-preview:-1"},"canonical":"https:\/\/www.portbase.com\/de\/responsible-disclosure\/","og_locale":"de_DE","og_type":"article","og_title":"Responsible Disclosure - Portbase","og_description":"Bei Portbase hat die Sicherheit unserer Systeme h\u00f6chste Priorit\u00e4t. Lesen Sie hier unsere vollst\u00e4ndige Responsible disclosure.","og_url":"https:\/\/www.portbase.com\/de\/responsible-disclosure\/","og_site_name":"Portbase","article_publisher":"https:\/\/www.facebook.com\/portbase","article_modified_time":"2024-10-25T14:37:55+00:00","og_image":[{"url":"https:\/\/www.portbase.com\/wp-content\/uploads\/2024\/04\/20180206-_H4A8907-1-scaled.jpg","type":"","width":"","height":""}],"twitter_card":"summary_large_image","twitter_misc":{"Gesch\u00e4tzte Lesezeit":"3\u00a0Minuten"},"schema":{"@context":"https:\/\/schema.org","@graph":[{"@type":"WebPage","@id":"https:\/\/www.portbase.com\/de\/responsible-disclosure\/","url":"https:\/\/www.portbase.com\/de\/responsible-disclosure\/","name":"Responsible Disclosure - Portbase","isPartOf":{"@id":"https:\/\/www.portbase.com\/de\/#website"},"primaryImageOfPage":{"@id":"https:\/\/www.portbase.com\/de\/responsible-disclosure\/#primaryimage"},"image":{"@id":"https:\/\/www.portbase.com\/de\/responsible-disclosure\/#primaryimage"},"thumbnailUrl":"https:\/\/www.portbase.com\/wp-content\/uploads\/2024\/04\/20180206-_H4A8907-1-scaled.jpg","datePublished":"2024-09-05T07:39:39+00:00","dateModified":"2024-10-25T14:37:55+00:00","description":"Bei Portbase hat die Sicherheit unserer Systeme h\u00f6chste Priorit\u00e4t. Lesen Sie hier unsere vollst\u00e4ndige Responsible disclosure.","breadcrumb":{"@id":"https:\/\/www.portbase.com\/de\/responsible-disclosure\/#breadcrumb"},"inLanguage":"de","potentialAction":[{"@type":"ReadAction","target":["https:\/\/www.portbase.com\/de\/responsible-disclosure\/"]}]},{"@type":"ImageObject","inLanguage":"de","@id":"https:\/\/www.portbase.com\/de\/responsible-disclosure\/#primaryimage","url":"https:\/\/www.portbase.com\/wp-content\/uploads\/2024\/04\/20180206-_H4A8907-1-scaled.jpg","contentUrl":"https:\/\/www.portbase.com\/wp-content\/uploads\/2024\/04\/20180206-_H4A8907-1-scaled.jpg"},{"@type":"BreadcrumbList","@id":"https:\/\/www.portbase.com\/de\/responsible-disclosure\/#breadcrumb","itemListElement":[{"@type":"ListItem","position":1,"name":"Home","item":"https:\/\/www.portbase.com\/de\/"},{"@type":"ListItem","position":2,"name":"Responsible Disclosure"}]},{"@type":"WebSite","@id":"https:\/\/www.portbase.com\/de\/#website","url":"https:\/\/www.portbase.com\/de\/","name":"Portbase","description":"","publisher":{"@id":"https:\/\/www.portbase.com\/de\/#organization"},"potentialAction":[{"@type":"SearchAction","target":{"@type":"EntryPoint","urlTemplate":"https:\/\/www.portbase.com\/de\/?s={search_term_string}"},"query-input":{"@type":"PropertyValueSpecification","valueRequired":true,"valueName":"search_term_string"}}],"inLanguage":"de"},{"@type":"Organization","@id":"https:\/\/www.portbase.com\/de\/#organization","name":"Portbase","url":"https:\/\/www.portbase.com\/de\/","logo":{"@type":"ImageObject","inLanguage":"de","@id":"https:\/\/www.portbase.com\/de\/#\/schema\/logo\/image\/","url":"https:\/\/www.portbase.com\/wp-content\/uploads\/2024\/03\/portbase-logo.svg","contentUrl":"https:\/\/www.portbase.com\/wp-content\/uploads\/2024\/03\/portbase-logo.svg","width":1,"height":1,"caption":"Portbase"},"image":{"@id":"https:\/\/www.portbase.com\/de\/#\/schema\/logo\/image\/"},"sameAs":["https:\/\/www.facebook.com\/portbase","https:\/\/www.linkedin.com\/company\/portbase","https:\/\/www.instagram.com\/portbase\/","https:\/\/www.youtube.com\/user\/PortbaseOnline"]}]}},"_links":{"self":[{"href":"https:\/\/www.portbase.com\/de\/wp-json\/wp\/v2\/pages\/15371","targetHints":{"allow":["GET"]}}],"collection":[{"href":"https:\/\/www.portbase.com\/de\/wp-json\/wp\/v2\/pages"}],"about":[{"href":"https:\/\/www.portbase.com\/de\/wp-json\/wp\/v2\/types\/page"}],"author":[{"embeddable":true,"href":"https:\/\/www.portbase.com\/de\/wp-json\/wp\/v2\/users\/15"}],"replies":[{"embeddable":true,"href":"https:\/\/www.portbase.com\/de\/wp-json\/wp\/v2\/comments?post=15371"}],"version-history":[{"count":5,"href":"https:\/\/www.portbase.com\/de\/wp-json\/wp\/v2\/pages\/15371\/revisions"}],"predecessor-version":[{"id":15386,"href":"https:\/\/www.portbase.com\/de\/wp-json\/wp\/v2\/pages\/15371\/revisions\/15386"}],"wp:attachment":[{"href":"https:\/\/www.portbase.com\/de\/wp-json\/wp\/v2\/media?parent=15371"}],"curies":[{"name":"wp","href":"https:\/\/api.w.org\/{rel}","templated":true}]}}