{"id":17621,"date":"2024-11-14T14:53:21","date_gmt":"2024-11-14T13:53:21","guid":{"rendered":"https:\/\/www.portbase.com\/?page_id=17621"},"modified":"2026-01-28T14:30:52","modified_gmt":"2026-01-28T13:30:52","slug":"registrieren","status":"publish","type":"page","link":"https:\/\/www.portbase.com\/de\/registrieren\/","title":{"rendered":"Registrieren"},"content":{"rendered":"\n<div class=\"wp-block-group alignfull is-layout-constrained wp-block-group-is-layout-constrained\" style=\"padding-top:0;padding-bottom:0\">\n<div class=\"wp-block-group alignwide has-grey-100-background-color has-background is-layout-constrained wp-container-core-group-is-layout-7c5f82da wp-block-group-is-layout-constrained\" style=\"padding-top:var(--wp--preset--spacing--80);padding-bottom:var(--wp--preset--spacing--80)\">\n<div class=\"wp-block-group is-layout-constrained wp-container-core-group-is-layout-f0bcb177 wp-block-group-is-layout-constrained\">\n<p class=\"has-text-align-center has-blue-color has-text-color has-link-color wp-elements-248a007c344616a8a5a3456c3c7bd58c\">Registrieren<\/p>\n\n\n\n<h1 class=\"wp-block-heading has-text-align-center\">Ein einziges Konto f\u00fcr alle Ihre <mark style=\"background-color:rgba(0, 0, 0, 0)\" class=\"has-inline-color has-orange-color\">Portbase-Dienste<\/mark><\/h1>\n<\/div>\n<\/div>\n\n\n\n<div style=\"height:20px\" aria-hidden=\"true\" class=\"wp-block-spacer\"><\/div>\n\n\n\n<div class=\"wp-block-group alignwide has-grey-100-background-color has-background is-layout-flow wp-block-group-is-layout-flow\" id=\"aanvragen\">\n<h3 class=\"wp-block-heading\" id=\"anfordern\" style=\"margin-top:0\">Erste Schritte mit <mark style=\"background-color:rgba(0, 0, 0, 0)\" class=\"has-inline-color has-orange-color\">Portbase<\/mark><\/h3>\n\n\n\n<p class=\"has-text-align-left\">Portbase bietet verschiedene Dienste an. Ermitteln Sie daher vor der Registrierung zun\u00e4chst, welchen Service Sie ben\u00f6tigen. So k\u00f6nnen Sie Ihre Bestellung direkt nach der Registrierung aufgeben.<\/p>\n\n\n\n<div class=\"wp-block-columns is-layout-flex wp-container-core-columns-is-layout-159f51c6 wp-block-columns-is-layout-flex\" style=\"margin-top:0\">\n<div class=\"wp-block-column has-light-blue-background-color has-background is-layout-flow wp-block-column-is-layout-flow\">\n<div style=\"line-height:1.4; margin-top:0;margin-bottom:0;\" class=\"align wp-elements-c44275526eac717831d9af512b841b68 wp-block-sowmedia-icon has-text-color has-dark-blue-color has-h-3-font-size\">\n\n    \n    <i class=\"icon-pb-services\"><\/i>\n    \n    \n<\/div>\n\n\n\n\n<h3 class=\"wp-block-heading has-dark-blue-color has-text-color has-link-color wp-elements-246bc4e02745706399e7a34a6ae6cec8\" style=\"padding-top:0\">Hilfe bei der Registrierung<\/h3>\n\n\n\n<div class=\"wp-block-buttons is-layout-flex wp-block-buttons-is-layout-flex\">\n<div class=\"wp-block-button is-style-outline is-style-outline--2\"><a class=\"wp-block-button__link has-white-background-color has-background wp-element-button\" href=\"https:\/\/www.portbase.com\/de\/service-selector\/\">Finden Sie Ihren Service<\/a><\/div>\n\n\n\n<div class=\"wp-block-button is-style-text\"><a class=\"wp-block-button__link wp-element-button\" href=\"https:\/\/www.portbase.com\/de\/community-solutions\/erste-schritte-mit-portbase\/\">Alles rund um die Registrierung<\/a><\/div>\n<\/div>\n\n\n\n<p>Mit unserem <strong>Service Selector<\/strong> finden Sie schnell den Portbase-Service, der zu Ihrer Organisation und den T\u00e4tigkeiten passt, die Sie \u00fcber Portbase durchf\u00fchren m\u00f6chten. Oder lesen Sie zuerst mehr \u00fcber die Schritte im Registrierungsprozess.<\/p>\n<\/div>\n\n\n\n<div class=\"wp-block-column has-light-blue-background-color has-background is-layout-flow wp-block-column-is-layout-flow\">\n<figure class=\"wp-block-image size-full is-resized\"><img decoding=\"async\" src=\"https:\/\/www.portbase.com\/wp-content\/uploads\/2024\/12\/logo-IAM-1-1.svg\" alt=\"\" class=\"wp-image-17401\" style=\"width:96px\"\/><\/figure>\n\n\n\n<h3 class=\"wp-block-heading has-dark-blue-color has-text-color has-link-color wp-elements-05f4ad2336b13bde772fb0e7b758f559\" style=\"margin-top:0\">Ich wei\u00df, welchen Dienst ich m\u00f6chte<\/h3>\n\n\n\n<div class=\"wp-block-buttons is-layout-flex wp-block-buttons-is-layout-flex\">\n<div class=\"wp-block-button is-style-fill\"><a class=\"wp-block-button__link has-blue-background-color has-background wp-element-button\" href=\"https:\/\/www.iamconnected.eu\/register\" target=\"_blank\" rel=\"noreferrer noopener\">Erstellen Sie ein IAMconnected-Konto<\/a><\/div>\n\n\n\n<div class=\"wp-block-button is-style-fill\"><a class=\"wp-block-button__link has-blue-background-color has-background wp-element-button\" href=\"https:\/\/login.iamconnected.eu\/?client_id=0oa335x7u67OPrX1y0i7&amp;response_type=code&amp;redirect_uri=https:%2F%2Fwww.iamconnected.eu%2Fauth%2Fcallback&amp;lang=de\" target=\"_blank\" rel=\"noreferrer noopener\">Einloggen<\/a><\/div>\n<\/div>\n\n\n\n<p>IAMconnected ist das zentrale Anmeldesystem von Portbase. Als Neukunde erstellen Sie zun\u00e4chst ein IAMconnected-Konto und registrieren Ihr Unternehmen. Dann fordern Sie Ihren ersten Dienst an.<\/p>\n<\/div>\n<\/div>\n<\/div>\n<\/div>\n\n\n\n<p><\/p>\n\n\n\n<hr class=\"wp-block-separator has-alpha-channel-opacity\"\/>\n","protected":false},"excerpt":{"rendered":"<p>M\u00f6chten Sie sich bei Portbase registrieren? Bestimmen Sie zun\u00e4chst, welchen Service Sie ben\u00f6tigen, bevor Sie sich registrieren.<\/p>\n","protected":false},"author":15,"featured_media":8117,"parent":0,"menu_order":0,"comment_status":"closed","ping_status":"closed","template":"","meta":{"_acf_changed":false,"_searchwp_excluded":"","site-sidebar-layout":"default","site-content-layout":"","ast-site-content-layout":"default","site-content-style":"default","site-sidebar-style":"default","ast-global-header-display":"","ast-banner-title-visibility":"","ast-main-header-display":"","ast-hfb-above-header-display":"","ast-hfb-below-header-display":"","ast-hfb-mobile-header-display":"","site-post-title":"","ast-breadcrumbs-content":"","ast-featured-img":"","footer-sml-layout":"","ast-disable-related-posts":"","theme-transparent-header-meta":"","adv-header-id-meta":"","stick-header-meta":"","header-above-stick-meta":"","header-main-stick-meta":"","header-below-stick-meta":"","astra-migrate-meta-layouts":"default","ast-page-background-enabled":"default","ast-page-background-meta":{"desktop":{"background-color":"var(--ast-global-color-4)","background-image":"","background-repeat":"repeat","background-position":"center center","background-size":"auto","background-attachment":"scroll","background-type":"","background-media":"","overlay-type":"","overlay-color":"","overlay-opacity":"","overlay-gradient":""},"tablet":{"background-color":"","background-image":"","background-repeat":"repeat","background-position":"center center","background-size":"auto","background-attachment":"scroll","background-type":"","background-media":"","overlay-type":"","overlay-color":"","overlay-opacity":"","overlay-gradient":""},"mobile":{"background-color":"","background-image":"","background-repeat":"repeat","background-position":"center center","background-size":"auto","background-attachment":"scroll","background-type":"","background-media":"","overlay-type":"","overlay-color":"","overlay-opacity":"","overlay-gradient":""}},"ast-content-background-meta":{"desktop":{"background-color":"var(--ast-global-color-5)","background-image":"","background-repeat":"repeat","background-position":"center center","background-size":"auto","background-attachment":"scroll","background-type":"","background-media":"","overlay-type":"","overlay-color":"","overlay-opacity":"","overlay-gradient":""},"tablet":{"background-color":"var(--ast-global-color-5)","background-image":"","background-repeat":"repeat","background-position":"center center","background-size":"auto","background-attachment":"scroll","background-type":"","background-media":"","overlay-type":"","overlay-color":"","overlay-opacity":"","overlay-gradient":""},"mobile":{"background-color":"var(--ast-global-color-5)","background-image":"","background-repeat":"repeat","background-position":"center center","background-size":"auto","background-attachment":"scroll","background-type":"","background-media":"","overlay-type":"","overlay-color":"","overlay-opacity":"","overlay-gradient":""}},"footnotes":""},"class_list":["post-17621","page","type-page","status-publish","has-post-thumbnail","hentry"],"acf":[],"yoast_head":"<!-- This site is optimized with the Yoast SEO plugin v27.2 - https:\/\/yoast.com\/product\/yoast-seo-wordpress\/ -->\n<title>Registrieren - Portbase<\/title>\n<meta name=\"description\" content=\"Registrieren Sie sich ganz einfach bei Portbase und greifen Sie \u00fcber ein einziges IAMconnected-Konto auf alle Dienste zu. Finden Sie heraus, welchen Dienst Sie ben\u00f6tigen und starten Sie direkt nach der Registrierung. Sehen Sie sich die \u00dcbersicht unserer Dienste an.\" \/>\n<meta name=\"robots\" content=\"index, follow, max-snippet:-1, max-image-preview:large, max-video-preview:-1\" \/>\n<link rel=\"canonical\" href=\"https:\/\/www.portbase.com\/de\/registrieren\/\" \/>\n<meta property=\"og:locale\" content=\"de_DE\" \/>\n<meta property=\"og:type\" content=\"article\" \/>\n<meta property=\"og:title\" content=\"Registrieren - Portbase\" \/>\n<meta property=\"og:description\" content=\"Registrieren Sie sich ganz einfach bei Portbase und greifen Sie \u00fcber ein einziges IAMconnected-Konto auf alle Dienste zu. Finden Sie heraus, welchen Dienst Sie ben\u00f6tigen und starten Sie direkt nach der Registrierung. Sehen Sie sich die \u00dcbersicht unserer Dienste an.\" \/>\n<meta property=\"og:url\" content=\"https:\/\/www.portbase.com\/de\/registrieren\/\" \/>\n<meta property=\"og:site_name\" content=\"Portbase\" \/>\n<meta property=\"article:publisher\" content=\"https:\/\/www.facebook.com\/portbase\" \/>\n<meta property=\"article:modified_time\" content=\"2026-01-28T13:30:52+00:00\" \/>\n<meta property=\"og:image\" content=\"https:\/\/www.portbase.com\/wp-content\/uploads\/2024\/04\/20180206-_H4A8907-scaled.jpg\" \/>\n\t<meta property=\"og:image:width\" content=\"2560\" \/>\n\t<meta property=\"og:image:height\" content=\"1707\" \/>\n\t<meta property=\"og:image:type\" content=\"image\/jpeg\" \/>\n<meta name=\"twitter:card\" content=\"summary_large_image\" \/>\n<meta name=\"twitter:label1\" content=\"Gesch\u00e4tzte Lesezeit\" \/>\n\t<meta name=\"twitter:data1\" content=\"1\u00a0Minute\" \/>\n<script type=\"application\/ld+json\" class=\"yoast-schema-graph\">{\"@context\":\"https:\/\/schema.org\",\"@graph\":[{\"@type\":\"WebPage\",\"@id\":\"https:\/\/www.portbase.com\/de\/registrieren\/\",\"url\":\"https:\/\/www.portbase.com\/de\/registrieren\/\",\"name\":\"Registrieren - Portbase\",\"isPartOf\":{\"@id\":\"https:\/\/www.portbase.com\/de\/#website\"},\"primaryImageOfPage\":{\"@id\":\"https:\/\/www.portbase.com\/de\/registrieren\/#primaryimage\"},\"image\":{\"@id\":\"https:\/\/www.portbase.com\/de\/registrieren\/#primaryimage\"},\"thumbnailUrl\":\"https:\/\/www.portbase.com\/wp-content\/uploads\/2024\/04\/20180206-_H4A8907-scaled.jpg\",\"datePublished\":\"2024-11-14T13:53:21+00:00\",\"dateModified\":\"2026-01-28T13:30:52+00:00\",\"description\":\"Registrieren Sie sich ganz einfach bei Portbase und greifen Sie \u00fcber ein einziges IAMconnected-Konto auf alle Dienste zu. Finden Sie heraus, welchen Dienst Sie ben\u00f6tigen und starten Sie direkt nach der Registrierung. Sehen Sie sich die \u00dcbersicht unserer Dienste an.\",\"breadcrumb\":{\"@id\":\"https:\/\/www.portbase.com\/de\/registrieren\/#breadcrumb\"},\"inLanguage\":\"de\",\"potentialAction\":[{\"@type\":\"ReadAction\",\"target\":[\"https:\/\/www.portbase.com\/de\/registrieren\/\"]}]},{\"@type\":\"ImageObject\",\"inLanguage\":\"de\",\"@id\":\"https:\/\/www.portbase.com\/de\/registrieren\/#primaryimage\",\"url\":\"https:\/\/www.portbase.com\/wp-content\/uploads\/2024\/04\/20180206-_H4A8907-scaled.jpg\",\"contentUrl\":\"https:\/\/www.portbase.com\/wp-content\/uploads\/2024\/04\/20180206-_H4A8907-scaled.jpg\",\"width\":2560,\"height\":1707,\"caption\":\"portbase\"},{\"@type\":\"BreadcrumbList\",\"@id\":\"https:\/\/www.portbase.com\/de\/registrieren\/#breadcrumb\",\"itemListElement\":[{\"@type\":\"ListItem\",\"position\":1,\"name\":\"Home\",\"item\":\"https:\/\/www.portbase.com\/de\/\"},{\"@type\":\"ListItem\",\"position\":2,\"name\":\"Registrieren\"}]},{\"@type\":\"WebSite\",\"@id\":\"https:\/\/www.portbase.com\/de\/#website\",\"url\":\"https:\/\/www.portbase.com\/de\/\",\"name\":\"Portbase\",\"description\":\"\",\"publisher\":{\"@id\":\"https:\/\/www.portbase.com\/de\/#organization\"},\"potentialAction\":[{\"@type\":\"SearchAction\",\"target\":{\"@type\":\"EntryPoint\",\"urlTemplate\":\"https:\/\/www.portbase.com\/de\/?s={search_term_string}\"},\"query-input\":{\"@type\":\"PropertyValueSpecification\",\"valueRequired\":true,\"valueName\":\"search_term_string\"}}],\"inLanguage\":\"de\"},{\"@type\":\"Organization\",\"@id\":\"https:\/\/www.portbase.com\/de\/#organization\",\"name\":\"Portbase\",\"url\":\"https:\/\/www.portbase.com\/de\/\",\"logo\":{\"@type\":\"ImageObject\",\"inLanguage\":\"de\",\"@id\":\"https:\/\/www.portbase.com\/de\/#\/schema\/logo\/image\/\",\"url\":\"https:\/\/www.portbase.com\/wp-content\/uploads\/2024\/03\/portbase-logo.svg\",\"contentUrl\":\"https:\/\/www.portbase.com\/wp-content\/uploads\/2024\/03\/portbase-logo.svg\",\"width\":1,\"height\":1,\"caption\":\"Portbase\"},\"image\":{\"@id\":\"https:\/\/www.portbase.com\/de\/#\/schema\/logo\/image\/\"},\"sameAs\":[\"https:\/\/www.facebook.com\/portbase\",\"https:\/\/www.linkedin.com\/company\/portbase\",\"https:\/\/www.instagram.com\/portbase\/\",\"https:\/\/www.youtube.com\/user\/PortbaseOnline\"]}]}<\/script>\n<!-- \/ Yoast SEO plugin. -->","yoast_head_json":{"title":"Registrieren - Portbase","description":"Registrieren Sie sich ganz einfach bei Portbase und greifen Sie \u00fcber ein einziges IAMconnected-Konto auf alle Dienste zu. Finden Sie heraus, welchen Dienst Sie ben\u00f6tigen und starten Sie direkt nach der Registrierung. Sehen Sie sich die \u00dcbersicht unserer Dienste an.","robots":{"index":"index","follow":"follow","max-snippet":"max-snippet:-1","max-image-preview":"max-image-preview:large","max-video-preview":"max-video-preview:-1"},"canonical":"https:\/\/www.portbase.com\/de\/registrieren\/","og_locale":"de_DE","og_type":"article","og_title":"Registrieren - Portbase","og_description":"Registrieren Sie sich ganz einfach bei Portbase und greifen Sie \u00fcber ein einziges IAMconnected-Konto auf alle Dienste zu. Finden Sie heraus, welchen Dienst Sie ben\u00f6tigen und starten Sie direkt nach der Registrierung. Sehen Sie sich die \u00dcbersicht unserer Dienste an.","og_url":"https:\/\/www.portbase.com\/de\/registrieren\/","og_site_name":"Portbase","article_publisher":"https:\/\/www.facebook.com\/portbase","article_modified_time":"2026-01-28T13:30:52+00:00","og_image":[{"width":2560,"height":1707,"url":"https:\/\/www.portbase.com\/wp-content\/uploads\/2024\/04\/20180206-_H4A8907-scaled.jpg","type":"image\/jpeg"}],"twitter_card":"summary_large_image","twitter_misc":{"Gesch\u00e4tzte Lesezeit":"1\u00a0Minute"},"schema":{"@context":"https:\/\/schema.org","@graph":[{"@type":"WebPage","@id":"https:\/\/www.portbase.com\/de\/registrieren\/","url":"https:\/\/www.portbase.com\/de\/registrieren\/","name":"Registrieren - Portbase","isPartOf":{"@id":"https:\/\/www.portbase.com\/de\/#website"},"primaryImageOfPage":{"@id":"https:\/\/www.portbase.com\/de\/registrieren\/#primaryimage"},"image":{"@id":"https:\/\/www.portbase.com\/de\/registrieren\/#primaryimage"},"thumbnailUrl":"https:\/\/www.portbase.com\/wp-content\/uploads\/2024\/04\/20180206-_H4A8907-scaled.jpg","datePublished":"2024-11-14T13:53:21+00:00","dateModified":"2026-01-28T13:30:52+00:00","description":"Registrieren Sie sich ganz einfach bei Portbase und greifen Sie \u00fcber ein einziges IAMconnected-Konto auf alle Dienste zu. Finden Sie heraus, welchen Dienst Sie ben\u00f6tigen und starten Sie direkt nach der Registrierung. Sehen Sie sich die \u00dcbersicht unserer Dienste an.","breadcrumb":{"@id":"https:\/\/www.portbase.com\/de\/registrieren\/#breadcrumb"},"inLanguage":"de","potentialAction":[{"@type":"ReadAction","target":["https:\/\/www.portbase.com\/de\/registrieren\/"]}]},{"@type":"ImageObject","inLanguage":"de","@id":"https:\/\/www.portbase.com\/de\/registrieren\/#primaryimage","url":"https:\/\/www.portbase.com\/wp-content\/uploads\/2024\/04\/20180206-_H4A8907-scaled.jpg","contentUrl":"https:\/\/www.portbase.com\/wp-content\/uploads\/2024\/04\/20180206-_H4A8907-scaled.jpg","width":2560,"height":1707,"caption":"portbase"},{"@type":"BreadcrumbList","@id":"https:\/\/www.portbase.com\/de\/registrieren\/#breadcrumb","itemListElement":[{"@type":"ListItem","position":1,"name":"Home","item":"https:\/\/www.portbase.com\/de\/"},{"@type":"ListItem","position":2,"name":"Registrieren"}]},{"@type":"WebSite","@id":"https:\/\/www.portbase.com\/de\/#website","url":"https:\/\/www.portbase.com\/de\/","name":"Portbase","description":"","publisher":{"@id":"https:\/\/www.portbase.com\/de\/#organization"},"potentialAction":[{"@type":"SearchAction","target":{"@type":"EntryPoint","urlTemplate":"https:\/\/www.portbase.com\/de\/?s={search_term_string}"},"query-input":{"@type":"PropertyValueSpecification","valueRequired":true,"valueName":"search_term_string"}}],"inLanguage":"de"},{"@type":"Organization","@id":"https:\/\/www.portbase.com\/de\/#organization","name":"Portbase","url":"https:\/\/www.portbase.com\/de\/","logo":{"@type":"ImageObject","inLanguage":"de","@id":"https:\/\/www.portbase.com\/de\/#\/schema\/logo\/image\/","url":"https:\/\/www.portbase.com\/wp-content\/uploads\/2024\/03\/portbase-logo.svg","contentUrl":"https:\/\/www.portbase.com\/wp-content\/uploads\/2024\/03\/portbase-logo.svg","width":1,"height":1,"caption":"Portbase"},"image":{"@id":"https:\/\/www.portbase.com\/de\/#\/schema\/logo\/image\/"},"sameAs":["https:\/\/www.facebook.com\/portbase","https:\/\/www.linkedin.com\/company\/portbase","https:\/\/www.instagram.com\/portbase\/","https:\/\/www.youtube.com\/user\/PortbaseOnline"]}]}},"_links":{"self":[{"href":"https:\/\/www.portbase.com\/de\/wp-json\/wp\/v2\/pages\/17621","targetHints":{"allow":["GET"]}}],"collection":[{"href":"https:\/\/www.portbase.com\/de\/wp-json\/wp\/v2\/pages"}],"about":[{"href":"https:\/\/www.portbase.com\/de\/wp-json\/wp\/v2\/types\/page"}],"author":[{"embeddable":true,"href":"https:\/\/www.portbase.com\/de\/wp-json\/wp\/v2\/users\/15"}],"replies":[{"embeddable":true,"href":"https:\/\/www.portbase.com\/de\/wp-json\/wp\/v2\/comments?post=17621"}],"version-history":[{"count":5,"href":"https:\/\/www.portbase.com\/de\/wp-json\/wp\/v2\/pages\/17621\/revisions"}],"predecessor-version":[{"id":26614,"href":"https:\/\/www.portbase.com\/de\/wp-json\/wp\/v2\/pages\/17621\/revisions\/26614"}],"wp:featuredmedia":[{"embeddable":true,"href":"https:\/\/www.portbase.com\/de\/wp-json\/wp\/v2\/media\/8117"}],"wp:attachment":[{"href":"https:\/\/www.portbase.com\/de\/wp-json\/wp\/v2\/media?parent=17621"}],"curies":[{"name":"wp","href":"https:\/\/api.w.org\/{rel}","templated":true}]}}