{"id":19097,"date":"2025-05-13T16:16:37","date_gmt":"2025-05-13T14:16:37","guid":{"rendered":"https:\/\/www.portbase.com\/?page_id=19097"},"modified":"2026-03-05T16:14:48","modified_gmt":"2026-03-05T15:14:48","slug":"notfallverfahren","status":"publish","type":"page","link":"https:\/\/www.portbase.com\/de\/community-solutions\/sicherheit-au-einen-blick\/notfallverfahren\/","title":{"rendered":"Notfallverfahren"},"content":{"rendered":"\n<div class=\"wp-block-group alignfull has-white-background-color has-background is-layout-constrained wp-block-group-is-layout-constrained\" style=\"padding-top:0;padding-bottom:0\">\n<div class=\"wp-block-cover alignwide is-light has-dark-blue-color has-text-color has-link-color wp-elements-272af896f175ec963fb4437d1f408ef8\" style=\"min-height:45vh;aspect-ratio:unset;\"><img decoding=\"async\" width=\"1824\" height=\"869\" class=\"wp-block-cover__image-background wp-image-11419\" alt=\"\" src=\"https:\/\/www.portbase.com\/wp-content\/uploads\/2024\/05\/Community-solutions.jpg\" style=\"object-position:50% 80%\" data-object-fit=\"cover\" data-object-position=\"50% 80%\" srcset=\"https:\/\/www.portbase.com\/wp-content\/uploads\/2024\/05\/Community-solutions.jpg 1824w, https:\/\/www.portbase.com\/wp-content\/uploads\/2024\/05\/Community-solutions-300x143.jpg 300w, https:\/\/www.portbase.com\/wp-content\/uploads\/2024\/05\/Community-solutions-1024x488.jpg 1024w, https:\/\/www.portbase.com\/wp-content\/uploads\/2024\/05\/Community-solutions-768x366.jpg 768w, https:\/\/www.portbase.com\/wp-content\/uploads\/2024\/05\/Community-solutions-1536x732.jpg 1536w\" sizes=\"(max-width: 1824px) 100vw, 1824px\" \/><span aria-hidden=\"true\" class=\"wp-block-cover__background has-white-background-color has-background-dim-0 has-background-dim\"><\/span><div class=\"wp-block-cover__inner-container is-layout-constrained wp-container-core-cover-is-layout-18af65a0 wp-block-cover-is-layout-constrained\">\n<p class=\"has-text-align-center has-blue-color has-text-color has-link-color wp-elements-c652b2f02f36fcc57413e68c6e2dae09\">Sicherheit<\/p>\n\n\n\n<h1 class=\"wp-block-heading has-text-align-center\"><strong><mark style=\"background-color:rgba(0, 0, 0, 0)\" class=\"has-inline-color has-orange-color\">Notfallverfahren <\/mark><\/strong><br><strong>bei Portbase<\/strong><\/h1>\n<\/div><\/div>\n\n\n\n<div style=\"height:56px\" aria-hidden=\"true\" class=\"wp-block-spacer\"><\/div>\n<\/div>\n\n\n\n<div class=\"wp-block-group alignfull has-white-background-color has-background is-layout-constrained wp-container-core-group-is-layout-a7c27be1 wp-block-group-is-layout-constrained\">\n<h2 class=\"wp-block-heading\"><strong>Auch in schwierigen Situationen sorgen wir <mark style=\"background-color:rgba(0, 0, 0, 0)\" class=\"has-inline-color has-orange-color\">gemeinsam <\/mark>f\u00fcr Kontinuit\u00e4t.<\/strong><\/h2>\n\n\n\n<p>Die durchschnittliche Verf\u00fcgbarkeit unseres Port Community Systems (PCS) liegt bei 99,95&nbsp;%. Nat\u00fcrlich streben wir eine 100%ige Verf\u00fcgbarkeit an, aber aufgrund von  Ausf\u00e4llen innerhalb unserer Dienste, k\u00f6nnen wir dies nicht immer garantieren.<\/p>\n\n\n\n<p>Innerhalb von Portbase haben wir mehrere Notfallverfahren, auch Back-up-Verfahren genannt. Es h\u00e4ngt n\u00e4mlich vom jeweiligen Dienst ab, wie das Notfallverfahren aussieht. Wenn ein Notfallverfahren eingeleitet wird, erhalten die Nutzer des Webbildschirms im entsprechenden Dienst oder den entsprechenden Diensten eine Benachrichtigung. <\/p>\n\n\n\n<div class=\"wp-block-buttons is-layout-flex wp-block-buttons-is-layout-flex\">\n<div class=\"wp-block-button\"><a class=\"wp-block-button__link wp-element-button\" href=\"https:\/\/support.portbase.com\/hc\/de\/sections\/26798152013970\" target=\"_blank\" rel=\"noreferrer noopener\">Notfallverfahren anzeigen<\/a><\/div>\n<\/div>\n<\/div>\n\n\n\n<div class=\"wp-block-group alignfull has-white-background-color has-background is-layout-constrained wp-block-group-is-layout-constrained\">\n<div class=\"wp-block-columns alignwide are-vertically-aligned-center has-light-blue-background-color has-background is-layout-flex wp-container-core-columns-is-layout-9350a821 wp-block-columns-is-layout-flex\" style=\"padding-top:var(--wp--preset--spacing--60);padding-right:var(--wp--preset--spacing--60);padding-bottom:var(--wp--preset--spacing--60);padding-left:var(--wp--preset--spacing--60)\">\n<div class=\"wp-block-column is-vertically-aligned-center is-layout-flow wp-block-column-is-layout-flow\">\n<div class=\"wp-block-sowmedia-frame wp-block-sowmedia-frame--left-bottom align wp-block-sowmedia-frame\">\n\n    <div class=\"frame__image frame__image--ar-1\">\n                    <img decoding=\"async\" width=\"2121\" height=\"1414\" src=\"https:\/\/www.portbase.com\/wp-content\/uploads\/2025\/01\/GettyImages-2006314756.jpg\" class=\"attachment-full size-full\" alt=\"man_woman_operator\" style=\"object-position: 25% 50%;\" srcset=\"https:\/\/www.portbase.com\/wp-content\/uploads\/2025\/01\/GettyImages-2006314756.jpg 2121w, https:\/\/www.portbase.com\/wp-content\/uploads\/2025\/01\/GettyImages-2006314756-300x200.jpg 300w, https:\/\/www.portbase.com\/wp-content\/uploads\/2025\/01\/GettyImages-2006314756-1024x683.jpg 1024w, https:\/\/www.portbase.com\/wp-content\/uploads\/2025\/01\/GettyImages-2006314756-768x512.jpg 768w, https:\/\/www.portbase.com\/wp-content\/uploads\/2025\/01\/GettyImages-2006314756-1536x1024.jpg 1536w, https:\/\/www.portbase.com\/wp-content\/uploads\/2025\/01\/GettyImages-2006314756-2048x1365.jpg 2048w\" sizes=\"(max-width: 2121px) 100vw, 2121px\" \/>            <\/div>\n\n    <div class=\"frame__small-image\">\n                    <img decoding=\"async\" width=\"161\" height=\"161\" src=\"https:\/\/www.portbase.com\/wp-content\/uploads\/2024\/05\/orange-visual-edited.png\" class=\"attachment-full size-full\" alt=\"\" srcset=\"https:\/\/www.portbase.com\/wp-content\/uploads\/2024\/05\/orange-visual-edited.png 161w, https:\/\/www.portbase.com\/wp-content\/uploads\/2024\/05\/orange-visual-edited-150x150.png 150w\" sizes=\"(max-width: 161px) 100vw, 161px\" \/>            <\/div>\n\n<\/div>\n\n<\/div>\n\n\n\n<div class=\"wp-block-column is-vertically-aligned-center is-layout-flow wp-block-column-is-layout-flow\">\n<div class=\"wp-block-group is-content-justification-right is-layout-constrained wp-container-core-group-is-layout-6bf8bd0e wp-block-group-is-layout-constrained\">\n<p class=\"has-blue-color has-text-color has-link-color wp-elements-6ef0f437c6d8ee16f87537143f4078ab\" style=\"margin-bottom:var(--wp--preset--spacing--20)\">Erhalten Sie eine Benachrichtigung im Falle einer St\u00f6rung<\/p>\n\n\n\n<h2 class=\"wp-block-heading has-dark-blue-color has-text-color has-link-color has-h-1-font-size wp-elements-3cfc34b32f89aedf35d5c05734c98920\" style=\"margin-top:0\"><strong>Stets <mark style=\"background-color:rgba(0, 0, 0, 0)\" class=\"has-inline-color has-orange-color\">auf dem Laufenden <\/mark>\u00fcber St\u00f6rungen<\/strong><\/h2>\n\n\n\n<p>Auf unserer Statusseite finden Sie den Status der einzelnen Dienste. Sollte eine St\u00f6rung vorliegen, k\u00f6nnen Sie diese dort finden.<\/p>\n\n\n\n<p>M\u00f6chten Sie im Falle einer St\u00f6rung oder einer (geplanten) Wartung per E-Mail benachrichtigt werden? Klicken Sie dann auf die Schaltfl\u00e4che oben rechts auf der Statusseite, um diese Benachrichtigungen zu abonnieren.<\/p>\n\n\n\n<div class=\"wp-block-buttons is-layout-flex wp-block-buttons-is-layout-flex\" style=\"margin-top:var(--wp--preset--spacing--60)\">\n<div class=\"wp-block-button\"><a class=\"wp-block-button__link wp-element-button\" href=\"https:\/\/status.portbase.com\/\" target=\"_blank\" rel=\"noreferrer noopener\">F\u00fcr Benachrichtigungen anmelden<\/a><\/div>\n<\/div>\n<\/div>\n<\/div>\n<\/div>\n<\/div>\n","protected":false},"excerpt":{"rendered":"<p>Auch in schwierigen Situationen sorgen wir gemeinsam f\u00fcr Kontinuit\u00e4t. Die durchschnittliche Verf\u00fcgbarkeit unseres Port Community Systems (PCS) liegt bei 99,95&nbsp;%. Nat\u00fcrlich streben wir eine 100%ige Verf\u00fcgbarkeit an, aber aufgrund von Ausf\u00e4llen innerhalb unserer Dienste, k\u00f6nnen wir dies nicht immer garantieren. Innerhalb von Portbase haben wir mehrere Notfallverfahren, auch Back-up-Verfahren genannt. Es h\u00e4ngt n\u00e4mlich vom jeweiligen [&hellip;]<\/p>\n","protected":false},"author":3,"featured_media":0,"parent":11052,"menu_order":0,"comment_status":"closed","ping_status":"closed","template":"","meta":{"_acf_changed":false,"_searchwp_excluded":"","site-sidebar-layout":"default","site-content-layout":"","ast-site-content-layout":"default","site-content-style":"default","site-sidebar-style":"default","ast-global-header-display":"","ast-banner-title-visibility":"","ast-main-header-display":"","ast-hfb-above-header-display":"","ast-hfb-below-header-display":"","ast-hfb-mobile-header-display":"","site-post-title":"","ast-breadcrumbs-content":"","ast-featured-img":"","footer-sml-layout":"","ast-disable-related-posts":"","theme-transparent-header-meta":"","adv-header-id-meta":"","stick-header-meta":"","header-above-stick-meta":"","header-main-stick-meta":"","header-below-stick-meta":"","astra-migrate-meta-layouts":"default","ast-page-background-enabled":"default","ast-page-background-meta":{"desktop":{"background-color":"var(--ast-global-color-4)","background-image":"","background-repeat":"repeat","background-position":"center center","background-size":"auto","background-attachment":"scroll","background-type":"","background-media":"","overlay-type":"","overlay-color":"","overlay-opacity":"","overlay-gradient":""},"tablet":{"background-color":"","background-image":"","background-repeat":"repeat","background-position":"center center","background-size":"auto","background-attachment":"scroll","background-type":"","background-media":"","overlay-type":"","overlay-color":"","overlay-opacity":"","overlay-gradient":""},"mobile":{"background-color":"","background-image":"","background-repeat":"repeat","background-position":"center center","background-size":"auto","background-attachment":"scroll","background-type":"","background-media":"","overlay-type":"","overlay-color":"","overlay-opacity":"","overlay-gradient":""}},"ast-content-background-meta":{"desktop":{"background-color":"var(--ast-global-color-5)","background-image":"","background-repeat":"repeat","background-position":"center center","background-size":"auto","background-attachment":"scroll","background-type":"","background-media":"","overlay-type":"","overlay-color":"","overlay-opacity":"","overlay-gradient":""},"tablet":{"background-color":"var(--ast-global-color-5)","background-image":"","background-repeat":"repeat","background-position":"center center","background-size":"auto","background-attachment":"scroll","background-type":"","background-media":"","overlay-type":"","overlay-color":"","overlay-opacity":"","overlay-gradient":""},"mobile":{"background-color":"var(--ast-global-color-5)","background-image":"","background-repeat":"repeat","background-position":"center center","background-size":"auto","background-attachment":"scroll","background-type":"","background-media":"","overlay-type":"","overlay-color":"","overlay-opacity":"","overlay-gradient":""}},"footnotes":""},"class_list":["post-19097","page","type-page","status-publish","hentry"],"acf":[],"yoast_head":"<!-- This site is optimized with the Yoast SEO plugin v27.3 - https:\/\/yoast.com\/product\/yoast-seo-wordpress\/ -->\n<title>Notfallverfahren - Portbase<\/title>\n<meta name=\"robots\" content=\"index, follow, max-snippet:-1, max-image-preview:large, max-video-preview:-1\" \/>\n<link rel=\"canonical\" href=\"https:\/\/www.portbase.com\/de\/community-solutions\/sicherheit-au-einen-blick\/notfallverfahren\/\" \/>\n<meta property=\"og:locale\" content=\"de_DE\" \/>\n<meta property=\"og:type\" content=\"article\" \/>\n<meta property=\"og:title\" content=\"Notfallverfahren - Portbase\" \/>\n<meta property=\"og:description\" content=\"Auch in schwierigen Situationen sorgen wir gemeinsam f\u00fcr Kontinuit\u00e4t. Die durchschnittliche Verf\u00fcgbarkeit unseres Port Community Systems (PCS) liegt bei 99,95&nbsp;%. Nat\u00fcrlich streben wir eine 100%ige Verf\u00fcgbarkeit an, aber aufgrund von Ausf\u00e4llen innerhalb unserer Dienste, k\u00f6nnen wir dies nicht immer garantieren. Innerhalb von Portbase haben wir mehrere Notfallverfahren, auch Back-up-Verfahren genannt. Es h\u00e4ngt n\u00e4mlich vom jeweiligen [&hellip;]\" \/>\n<meta property=\"og:url\" content=\"https:\/\/www.portbase.com\/de\/community-solutions\/sicherheit-au-einen-blick\/notfallverfahren\/\" \/>\n<meta property=\"og:site_name\" content=\"Portbase\" \/>\n<meta property=\"article:publisher\" content=\"https:\/\/www.facebook.com\/portbase\" \/>\n<meta property=\"article:modified_time\" content=\"2026-03-05T15:14:48+00:00\" \/>\n<meta property=\"og:image\" content=\"https:\/\/www.portbase.com\/wp-content\/uploads\/2024\/05\/Community-solutions.jpg\" \/>\n\t<meta property=\"og:image:width\" content=\"1824\" \/>\n\t<meta property=\"og:image:height\" content=\"869\" \/>\n\t<meta property=\"og:image:type\" content=\"image\/jpeg\" \/>\n<meta name=\"twitter:card\" content=\"summary_large_image\" \/>\n<meta name=\"twitter:label1\" content=\"Gesch\u00e4tzte Lesezeit\" \/>\n\t<meta name=\"twitter:data1\" content=\"1\u00a0Minute\" \/>\n<script type=\"application\/ld+json\" class=\"yoast-schema-graph\">{\"@context\":\"https:\\\/\\\/schema.org\",\"@graph\":[{\"@type\":\"WebPage\",\"@id\":\"https:\\\/\\\/www.portbase.com\\\/de\\\/community-solutions\\\/sicherheit-au-einen-blick\\\/notfallverfahren\\\/\",\"url\":\"https:\\\/\\\/www.portbase.com\\\/de\\\/community-solutions\\\/sicherheit-au-einen-blick\\\/notfallverfahren\\\/\",\"name\":\"Notfallverfahren - Portbase\",\"isPartOf\":{\"@id\":\"https:\\\/\\\/www.portbase.com\\\/de\\\/#website\"},\"primaryImageOfPage\":{\"@id\":\"https:\\\/\\\/www.portbase.com\\\/de\\\/community-solutions\\\/sicherheit-au-einen-blick\\\/notfallverfahren\\\/#primaryimage\"},\"image\":{\"@id\":\"https:\\\/\\\/www.portbase.com\\\/de\\\/community-solutions\\\/sicherheit-au-einen-blick\\\/notfallverfahren\\\/#primaryimage\"},\"thumbnailUrl\":\"https:\\\/\\\/www.portbase.com\\\/wp-content\\\/uploads\\\/2024\\\/05\\\/Community-solutions.jpg\",\"datePublished\":\"2025-05-13T14:16:37+00:00\",\"dateModified\":\"2026-03-05T15:14:48+00:00\",\"breadcrumb\":{\"@id\":\"https:\\\/\\\/www.portbase.com\\\/de\\\/community-solutions\\\/sicherheit-au-einen-blick\\\/notfallverfahren\\\/#breadcrumb\"},\"inLanguage\":\"de\",\"potentialAction\":[{\"@type\":\"ReadAction\",\"target\":[\"https:\\\/\\\/www.portbase.com\\\/de\\\/community-solutions\\\/sicherheit-au-einen-blick\\\/notfallverfahren\\\/\"]}]},{\"@type\":\"ImageObject\",\"inLanguage\":\"de\",\"@id\":\"https:\\\/\\\/www.portbase.com\\\/de\\\/community-solutions\\\/sicherheit-au-einen-blick\\\/notfallverfahren\\\/#primaryimage\",\"url\":\"https:\\\/\\\/www.portbase.com\\\/wp-content\\\/uploads\\\/2024\\\/05\\\/Community-solutions.jpg\",\"contentUrl\":\"https:\\\/\\\/www.portbase.com\\\/wp-content\\\/uploads\\\/2024\\\/05\\\/Community-solutions.jpg\"},{\"@type\":\"BreadcrumbList\",\"@id\":\"https:\\\/\\\/www.portbase.com\\\/de\\\/community-solutions\\\/sicherheit-au-einen-blick\\\/notfallverfahren\\\/#breadcrumb\",\"itemListElement\":[{\"@type\":\"ListItem\",\"position\":1,\"name\":\"Home\",\"item\":\"https:\\\/\\\/www.portbase.com\\\/de\\\/\"},{\"@type\":\"ListItem\",\"position\":2,\"name\":\"Community Solutions\",\"item\":\"https:\\\/\\\/www.portbase.com\\\/de\\\/community-solutions\\\/\"},{\"@type\":\"ListItem\",\"position\":3,\"name\":\"Sicherheit auf einen blick\",\"item\":\"https:\\\/\\\/www.portbase.com\\\/de\\\/community-solutions\\\/sicherheit-au-einen-blick\\\/\"},{\"@type\":\"ListItem\",\"position\":4,\"name\":\"Notfallverfahren\"}]},{\"@type\":\"WebSite\",\"@id\":\"https:\\\/\\\/www.portbase.com\\\/de\\\/#website\",\"url\":\"https:\\\/\\\/www.portbase.com\\\/de\\\/\",\"name\":\"Portbase\",\"description\":\"\",\"publisher\":{\"@id\":\"https:\\\/\\\/www.portbase.com\\\/de\\\/#organization\"},\"potentialAction\":[{\"@type\":\"SearchAction\",\"target\":{\"@type\":\"EntryPoint\",\"urlTemplate\":\"https:\\\/\\\/www.portbase.com\\\/de\\\/?s={search_term_string}\"},\"query-input\":{\"@type\":\"PropertyValueSpecification\",\"valueRequired\":true,\"valueName\":\"search_term_string\"}}],\"inLanguage\":\"de\"},{\"@type\":\"Organization\",\"@id\":\"https:\\\/\\\/www.portbase.com\\\/de\\\/#organization\",\"name\":\"Portbase\",\"url\":\"https:\\\/\\\/www.portbase.com\\\/de\\\/\",\"logo\":{\"@type\":\"ImageObject\",\"inLanguage\":\"de\",\"@id\":\"https:\\\/\\\/www.portbase.com\\\/de\\\/#\\\/schema\\\/logo\\\/image\\\/\",\"url\":\"https:\\\/\\\/www.portbase.com\\\/wp-content\\\/uploads\\\/2024\\\/03\\\/portbase-logo.svg\",\"contentUrl\":\"https:\\\/\\\/www.portbase.com\\\/wp-content\\\/uploads\\\/2024\\\/03\\\/portbase-logo.svg\",\"width\":1,\"height\":1,\"caption\":\"Portbase\"},\"image\":{\"@id\":\"https:\\\/\\\/www.portbase.com\\\/de\\\/#\\\/schema\\\/logo\\\/image\\\/\"},\"sameAs\":[\"https:\\\/\\\/www.facebook.com\\\/portbase\",\"https:\\\/\\\/www.linkedin.com\\\/company\\\/portbase\",\"https:\\\/\\\/www.instagram.com\\\/portbase\\\/\",\"https:\\\/\\\/www.youtube.com\\\/user\\\/PortbaseOnline\"]}]}<\/script>\n<!-- \/ Yoast SEO plugin. -->","yoast_head_json":{"title":"Notfallverfahren - Portbase","robots":{"index":"index","follow":"follow","max-snippet":"max-snippet:-1","max-image-preview":"max-image-preview:large","max-video-preview":"max-video-preview:-1"},"canonical":"https:\/\/www.portbase.com\/de\/community-solutions\/sicherheit-au-einen-blick\/notfallverfahren\/","og_locale":"de_DE","og_type":"article","og_title":"Notfallverfahren - Portbase","og_description":"Auch in schwierigen Situationen sorgen wir gemeinsam f\u00fcr Kontinuit\u00e4t. Die durchschnittliche Verf\u00fcgbarkeit unseres Port Community Systems (PCS) liegt bei 99,95&nbsp;%. Nat\u00fcrlich streben wir eine 100%ige Verf\u00fcgbarkeit an, aber aufgrund von Ausf\u00e4llen innerhalb unserer Dienste, k\u00f6nnen wir dies nicht immer garantieren. Innerhalb von Portbase haben wir mehrere Notfallverfahren, auch Back-up-Verfahren genannt. Es h\u00e4ngt n\u00e4mlich vom jeweiligen [&hellip;]","og_url":"https:\/\/www.portbase.com\/de\/community-solutions\/sicherheit-au-einen-blick\/notfallverfahren\/","og_site_name":"Portbase","article_publisher":"https:\/\/www.facebook.com\/portbase","article_modified_time":"2026-03-05T15:14:48+00:00","og_image":[{"width":1824,"height":869,"url":"https:\/\/www.portbase.com\/wp-content\/uploads\/2024\/05\/Community-solutions.jpg","type":"image\/jpeg"}],"twitter_card":"summary_large_image","twitter_misc":{"Gesch\u00e4tzte Lesezeit":"1\u00a0Minute"},"schema":{"@context":"https:\/\/schema.org","@graph":[{"@type":"WebPage","@id":"https:\/\/www.portbase.com\/de\/community-solutions\/sicherheit-au-einen-blick\/notfallverfahren\/","url":"https:\/\/www.portbase.com\/de\/community-solutions\/sicherheit-au-einen-blick\/notfallverfahren\/","name":"Notfallverfahren - Portbase","isPartOf":{"@id":"https:\/\/www.portbase.com\/de\/#website"},"primaryImageOfPage":{"@id":"https:\/\/www.portbase.com\/de\/community-solutions\/sicherheit-au-einen-blick\/notfallverfahren\/#primaryimage"},"image":{"@id":"https:\/\/www.portbase.com\/de\/community-solutions\/sicherheit-au-einen-blick\/notfallverfahren\/#primaryimage"},"thumbnailUrl":"https:\/\/www.portbase.com\/wp-content\/uploads\/2024\/05\/Community-solutions.jpg","datePublished":"2025-05-13T14:16:37+00:00","dateModified":"2026-03-05T15:14:48+00:00","breadcrumb":{"@id":"https:\/\/www.portbase.com\/de\/community-solutions\/sicherheit-au-einen-blick\/notfallverfahren\/#breadcrumb"},"inLanguage":"de","potentialAction":[{"@type":"ReadAction","target":["https:\/\/www.portbase.com\/de\/community-solutions\/sicherheit-au-einen-blick\/notfallverfahren\/"]}]},{"@type":"ImageObject","inLanguage":"de","@id":"https:\/\/www.portbase.com\/de\/community-solutions\/sicherheit-au-einen-blick\/notfallverfahren\/#primaryimage","url":"https:\/\/www.portbase.com\/wp-content\/uploads\/2024\/05\/Community-solutions.jpg","contentUrl":"https:\/\/www.portbase.com\/wp-content\/uploads\/2024\/05\/Community-solutions.jpg"},{"@type":"BreadcrumbList","@id":"https:\/\/www.portbase.com\/de\/community-solutions\/sicherheit-au-einen-blick\/notfallverfahren\/#breadcrumb","itemListElement":[{"@type":"ListItem","position":1,"name":"Home","item":"https:\/\/www.portbase.com\/de\/"},{"@type":"ListItem","position":2,"name":"Community Solutions","item":"https:\/\/www.portbase.com\/de\/community-solutions\/"},{"@type":"ListItem","position":3,"name":"Sicherheit auf einen blick","item":"https:\/\/www.portbase.com\/de\/community-solutions\/sicherheit-au-einen-blick\/"},{"@type":"ListItem","position":4,"name":"Notfallverfahren"}]},{"@type":"WebSite","@id":"https:\/\/www.portbase.com\/de\/#website","url":"https:\/\/www.portbase.com\/de\/","name":"Portbase","description":"","publisher":{"@id":"https:\/\/www.portbase.com\/de\/#organization"},"potentialAction":[{"@type":"SearchAction","target":{"@type":"EntryPoint","urlTemplate":"https:\/\/www.portbase.com\/de\/?s={search_term_string}"},"query-input":{"@type":"PropertyValueSpecification","valueRequired":true,"valueName":"search_term_string"}}],"inLanguage":"de"},{"@type":"Organization","@id":"https:\/\/www.portbase.com\/de\/#organization","name":"Portbase","url":"https:\/\/www.portbase.com\/de\/","logo":{"@type":"ImageObject","inLanguage":"de","@id":"https:\/\/www.portbase.com\/de\/#\/schema\/logo\/image\/","url":"https:\/\/www.portbase.com\/wp-content\/uploads\/2024\/03\/portbase-logo.svg","contentUrl":"https:\/\/www.portbase.com\/wp-content\/uploads\/2024\/03\/portbase-logo.svg","width":1,"height":1,"caption":"Portbase"},"image":{"@id":"https:\/\/www.portbase.com\/de\/#\/schema\/logo\/image\/"},"sameAs":["https:\/\/www.facebook.com\/portbase","https:\/\/www.linkedin.com\/company\/portbase","https:\/\/www.instagram.com\/portbase\/","https:\/\/www.youtube.com\/user\/PortbaseOnline"]}]}},"_links":{"self":[{"href":"https:\/\/www.portbase.com\/de\/wp-json\/wp\/v2\/pages\/19097","targetHints":{"allow":["GET"]}}],"collection":[{"href":"https:\/\/www.portbase.com\/de\/wp-json\/wp\/v2\/pages"}],"about":[{"href":"https:\/\/www.portbase.com\/de\/wp-json\/wp\/v2\/types\/page"}],"author":[{"embeddable":true,"href":"https:\/\/www.portbase.com\/de\/wp-json\/wp\/v2\/users\/3"}],"replies":[{"embeddable":true,"href":"https:\/\/www.portbase.com\/de\/wp-json\/wp\/v2\/comments?post=19097"}],"version-history":[{"count":6,"href":"https:\/\/www.portbase.com\/de\/wp-json\/wp\/v2\/pages\/19097\/revisions"}],"predecessor-version":[{"id":27630,"href":"https:\/\/www.portbase.com\/de\/wp-json\/wp\/v2\/pages\/19097\/revisions\/27630"}],"up":[{"embeddable":true,"href":"https:\/\/www.portbase.com\/de\/wp-json\/wp\/v2\/pages\/11052"}],"wp:attachment":[{"href":"https:\/\/www.portbase.com\/de\/wp-json\/wp\/v2\/media?parent=19097"}],"curies":[{"name":"wp","href":"https:\/\/api.w.org\/{rel}","templated":true}]}}