{"id":25192,"date":"2026-01-26T11:35:34","date_gmt":"2026-01-26T10:35:34","guid":{"rendered":"https:\/\/www.portbase.com\/release-notes\/"},"modified":"2026-01-28T11:43:18","modified_gmt":"2026-01-28T10:43:18","slug":"release-notes","status":"publish","type":"page","link":"https:\/\/www.portbase.com\/de\/release-notes\/","title":{"rendered":"Release Notes"},"content":{"rendered":"\n<div class=\"wp-block-group alignfull is-layout-constrained wp-block-group-is-layout-constrained\">\n<div class=\"wp-block-group has-light-blue-background-color has-background is-layout-constrained wp-block-group-is-layout-constrained\">\n<div class=\"wp-block-group is-vertical is-content-justification-center is-layout-flex wp-container-core-group-is-layout-335b1c95 wp-block-group-is-layout-flex\">\n<p class=\"has-text-align-center has-blue-color has-text-color has-link-color wp-elements-de0dc8bdbbd212a569b17faf889b4e62\" style=\"font-style:normal;font-weight:600\">Software-Updates<\/p>\n\n\n\n<h1 class=\"wp-block-heading has-text-align-center\">Release Notes<\/h1>\n<\/div>\n<\/div>\n\n\n\n<div class=\"wp-block-sowmedia-tabbladnavigatie alignfull wp-block-sowmedia-tabbladnavigatie\" id=\"sowmedia-tabnavigatie\">\n    <nav class=\"no-wrap is-fallback alignfull wp-block-navigation is-nowrap is-layout-flex wp-container-core-navigation-layout-1 wp-block-navigation-is-layout-flex\">\n        <ul class=\"wp-block-navigation__container  no-wrap is-fallback alignfull wp-block-navigation\"><li class=\"wp-block-navigation-item\" ><a href=\"https:\/\/www.portbase.com\/de\/softwareanbieter\/\">Softwareanbieter<\/a><\/li><li class=\"wp-block-navigation-item\" ><a href=\"https:\/\/www.portbase.com\/de\/softwareanbieter\/werden-sie-softwareanbieter\/\">Werden Sie Softwareanbieter<\/a><\/li><li class=\"wp-block-navigation-item\" ><a href=\"https:\/\/www.portbase.com\/de\/softwareanbieter\/events\/\">Events<\/a><\/li><li class=\"wp-block-navigation-item\" ><a href=\"https:\/\/www.portbase.com\/de\/release-calendar\/\">Release Calender<\/a><\/li><li class=\"wp-block-navigation-item current-menu-item\" >Release Notes<\/li><li class=\"wp-block-navigation-item\" ><a href=\"https:\/\/support.portbase.com\/hc\/de\/categories\/26797994131858-APIs-und-Systemverbind\"target=\"_blank\">Developer portal<\/a><\/li><\/ul>    <\/nav>\n<\/div>\n\n\n<section id=\"release-notes-block_9ce060929d527e6ec18ea9504a82cac8\" class=\"release-notes-block\" data-release-notes-block>\n\n    <div class=\"release-notes-block__filters\">\n        <div class=\"release-notes-block__filter release-notes-block__filter--inhoud\">\n            <div class=\"facetwp-facet facetwp-facet-search_in_notes facetwp-type-search\" data-name=\"search_in_notes\" data-type=\"search\"><\/div>        <\/div>\n        <div class=\"release-notes-block__filter release-notes-block__filter--service\">\n            <div class=\"facetwp-facet facetwp-facet-filter_service_note facetwp-type-dropdown\" data-name=\"filter_service_note\" data-type=\"dropdown\"><\/div>        <\/div>\n\n        <div class=\"release-notes-block__filter release-notes-block__filter--release_date\">\n            <div class=\"facetwp-facet facetwp-facet-filter_note_release_date facetwp-type-date_range\" data-name=\"filter_note_release_date\" data-type=\"date_range\"><\/div>        <\/div>\n\n    <\/div>\n\n    <!-- \u2705 FacetWP updates ONLY elements within .facetwp-template on AJAX -->\n    <div class=\"release-notes-block__results facetwp-template\" data-release-notes-results id=\"release-notes-results\">\n        <div class=\"release-notes-grid\" data-release-notes-grid><div class=\"release-year\"><h3 class=\"release-year__title\">2025<\/h3><div class=\"release-year__list\"><div class=\"release-item\"><div class=\"release-item__icon-wrap\"><img decoding=\"async\" width=\"1\" height=\"1\" src=\"https:\/\/www.portbase.com\/wp-content\/uploads\/2024\/04\/Cargo-Controller.svg\" class=\"release-item__icon\" alt=\"cargo_controller\" loading=\"lazy\" \/><\/div><div class=\"release-item__content\"><h3 class=\"release-item__title\"><a href=\"https:\/\/www.portbase.com\/de\/release-notes\/commercial-release-container-status-in-the-secure-chain\/\">Commercial release container status in the Secure Chain<\/a><\/h3><div class=\"release-item__meta\"><div class=\"release-item__services\"><span class=\"release-item__service\">Cargo Controller<\/span><span class=\"release-item__service\">Cargo Release Manager<\/span><\/div><div class=\"release-item__date\">22 Dezember 2025<\/div><\/div><div class=\"release-item__content-text\">Since the launch of the Secure Chain, we have been working on improving the release process. This is in consultation with the port community. A long-awaited update has been available in Cargo Controller and Cargo Release Manager since December 2025:&#8230;<\/div><\/div><\/div><div class=\"release-item\"><div class=\"release-item__icon-wrap\"><img decoding=\"async\" width=\"1\" height=\"1\" src=\"https:\/\/www.portbase.com\/wp-content\/uploads\/2024\/04\/Melding-Container-Achterland-Rail.svg\" class=\"release-item__icon\" alt=\"Melding Container Achterland Rail in Portbase\" loading=\"lazy\" \/><\/div><div class=\"release-item__content\"><h3 class=\"release-item__title\"><a href=\"https:\/\/www.portbase.com\/de\/release-notes\/neue-felder-eta-zug-funktionalitaet\/\">Neue Felder ETA-Zug-Funktionalit\u00e4t<\/a><\/h3><div class=\"release-item__meta\"><div class=\"release-item__services\"><span class=\"release-item__service\">Hinterland Container Notification Rail<\/span><\/div><div class=\"release-item__date\">27 Oktober 2025<\/div><\/div><div class=\"release-item__content-text\">Portbasee is bezig met het ontwikkelen van een nieuwe functionaliteit binnen Melding Container Achterland (MCA) Rail, namelijk ETA Trein. Dit is ontwikkeld om inzicht te cre\u00ebren in de locatie van de trein vanaf het vertrekpunt in het achterland tot aan&#8230;<\/div><\/div><\/div><div class=\"release-item\"><div class=\"release-item__icon-wrap\"><img decoding=\"async\" width=\"1\" height=\"1\" src=\"https:\/\/www.portbase.com\/wp-content\/uploads\/2024\/04\/Melding-Export-Documentatie.svg\" class=\"release-item__icon\" alt=\"Melding Export Documentatie\" loading=\"lazy\" \/><\/div><div class=\"release-item__content\"><h3 class=\"release-item__title\"><a href=\"https:\/\/www.portbase.com\/de\/release-notes\/erneuerung-der-booking-subscription-nachrichten-der-notification-export-documentation-ned\/\">Erneuerung der Booking Subscription-Nachrichten der Notification Export Documentation (NED)<\/a><\/h3><div class=\"release-item__meta\"><div class=\"release-item__services\"><span class=\"release-item__service\">Notification Export Documentation<\/span><\/div><div class=\"release-item__date\">17 Juli 2025<\/div><\/div><div class=\"release-item__content-text\">Portbase arbeitet an der technischen Aktualisierung der Booking Subscription-Funktionalit\u00e4t. F\u00fcr Terminals bedeutet dies eine \u00c4nderung im Inhalt der Booking Subscription Reply-Nachricht (M129). Die technischen Spezifikationen bleiben unver\u00e4ndert. Diese Release Note beschreibt die weiteren Details. Technische Spezifikationen unver\u00e4ndert Unser Ziel ist&#8230;<\/div><\/div><\/div><div class=\"release-item\"><div class=\"release-item__icon-wrap\"><img decoding=\"async\" width=\"1\" height=\"1\" src=\"https:\/\/www.portbase.com\/wp-content\/uploads\/2024\/04\/Cargo-Controller.svg\" class=\"release-item__icon\" alt=\"cargo_controller\" loading=\"lazy\" \/><\/div><div class=\"release-item__content\"><h3 class=\"release-item__title\"><a href=\"https:\/\/www.portbase.com\/de\/release-notes\/der-abholstatus-ihres-spediteurs-ist-jetzt-fuer-sie-sichtbar\/\">Der Abholstatus Ihres Spediteurs ist jetzt f\u00fcr Sie sichtbar!<\/a><\/h3><div class=\"release-item__meta\"><div class=\"release-item__services\"><span class=\"release-item__service\">Cargo Controller<\/span><\/div><div class=\"release-item__date\">23 Juni 2025<\/div><\/div><div class=\"release-item__content-text\">Innerhalb von Cargo Controller ist es ab dem 30. Juni m\u00f6glich, den gleichen Status der Voranmeldung am Terminal einzusehen, den Ihr Spediteur in seinem Service Container Hinterland Notification (MCA) sieht. Einzige Voraussetzung hierf\u00fcr ist, dass Ihr Unternehmen an der sicheren&#8230;<\/div><\/div><\/div><div class=\"release-item\"><div class=\"release-item__icon-wrap\"><img decoding=\"async\" width=\"1\" height=\"1\" src=\"https:\/\/www.portbase.com\/wp-content\/uploads\/2024\/04\/Cargo-Controller.svg\" class=\"release-item__icon\" alt=\"cargo_controller\" loading=\"lazy\" \/><\/div><div class=\"release-item__content\"><h3 class=\"release-item__title\"><a href=\"https:\/\/www.portbase.com\/de\/release-notes\/verbesserte-secure-chain-filter\/\">Verbesserte Secure Chain-Filter<\/a><\/h3><div class=\"release-item__meta\"><div class=\"release-item__services\"><span class=\"release-item__service\">Cargo Controller<\/span><\/div><div class=\"release-item__date\">26 Mai 2025<\/div><\/div><div class=\"release-item__content-text\">Ab Mittwoch, dem 26. Mai, f\u00fchrt Portbase verschiedene Verbesserungen im Cargo Controller und Cargo Release Manager f\u00fcr die Funktionalit\u00e4ten der Secure Chain ein. Portbase f\u00fchrt kontinuierlich Umfragen und Anfragen von Community-Mitgliedern durch, um unsere Dienste zu verbessern. Eine h\u00e4ufige Beschwerde&#8230;<\/div><\/div><\/div><div class=\"release-item\"><div class=\"release-item__icon-wrap\"><img decoding=\"async\" width=\"1\" height=\"1\" src=\"https:\/\/www.portbase.com\/wp-content\/uploads\/2024\/04\/Melding-Container-Achterland-Road.svg\" class=\"release-item__icon\" alt=\"Melding Container Achterland Road\" loading=\"lazy\" \/><\/div><div class=\"release-item__content\"><h3 class=\"release-item__title\"><a href=\"https:\/\/www.portbase.com\/de\/release-notes\/ab-dem-2-juni-2025-voranmeldung-ueber-hcn-road-bei-qterminals-kramer-moeglich\/\">Ab dem 2. Juni 2025: Voranmeldung \u00fcber HCN Road bei QTerminals-Kramer m\u00f6glich<\/a><\/h3><div class=\"release-item__meta\"><div class=\"release-item__services\"><span class=\"release-item__service\">Hinterland Container Notification Road<\/span><\/div><div class=\"release-item__date\">21 Mai 2025<\/div><\/div><div class=\"release-item__content-text\">Vanaf\u00a002-06-2025\u00a0is voormelden via de Portbase service Melding Container Achterland Road (MCA Road) mogelijk bij QTerminals locaties Kramer Distripark Depot (KDD) en Kramer City Depot (KCD). Na de voormelding ontvang je automatisch de statusinformatie van de containers en een TAR-code. Voormelden&#8230;<\/div><\/div><\/div><div class=\"release-item\"><div class=\"release-item__icon-wrap\"><img decoding=\"async\" width=\"1\" height=\"1\" src=\"https:\/\/www.portbase.com\/wp-content\/uploads\/2024\/04\/Cargo-Controller.svg\" class=\"release-item__icon\" alt=\"cargo_controller\" loading=\"lazy\" \/><\/div><div class=\"release-item__content\"><h3 class=\"release-item__title\"><a href=\"https:\/\/www.portbase.com\/de\/release-notes\/beschraenkung-der-weitergabe-von-wareninformationen-aufgehoben\/\">Beschr\u00e4nkung der Weitergabe von Wareninformationen aufgehoben<\/a><\/h3><div class=\"release-item__meta\"><div class=\"release-item__services\"><span class=\"release-item__service\">Cargo Controller<\/span><\/div><div class=\"release-item__date\">14 Mai 2025<\/div><\/div><div class=\"release-item__content-text\">Der Inhalt \u201eWareninformationen\u201c eines B\/L steht allen Benutzern von Cargo Controller kostenlos zur Verf\u00fcgung. Diese seit 2010 geltende restriktive Ma\u00dfnahme wird bis Ende Mai auslaufen. Was bedeutet das f\u00fcr Sie? Vereinfacht ausgedr\u00fcckt stehen die Wareninformationen aus dem B\/L ab Ende&#8230;<\/div><\/div><\/div><div class=\"release-item\"><div class=\"release-item__icon-wrap\"><img decoding=\"async\" width=\"1\" height=\"1\" src=\"https:\/\/www.portbase.com\/wp-content\/uploads\/2024\/04\/Cargo-Controller.svg\" class=\"release-item__icon\" alt=\"cargo_controller\" loading=\"lazy\" \/><\/div><div class=\"release-item__content\"><h3 class=\"release-item__title\"><a href=\"https:\/\/www.portbase.com\/de\/release-notes\/neu-der-estimated-discharge-time-ist-verfuegbar-fuer-apm-terminals-mvii-cargo-controller\/\">Neu: Der Estimated Discharge Time ist verf\u00fcgbar f\u00fcr APM Terminals MVII<\/a><\/h3><div class=\"release-item__meta\"><div class=\"release-item__services\"><span class=\"release-item__service\">Cargo Controller<\/span><\/div><div class=\"release-item__date\">8 April 2025<\/div><\/div><div class=\"release-item__content-text\">Dieses Update betrifft einen neuen Datenpunkt im Cargo Controller-Dienst. Der aufmerksame Benutzer wird es bereits gesehen haben. Der Estimated Discharge Time f\u00fcr die Cargo \u00fcber APM Terminals Maasvlakte II (MVII) ist jetzt im Cargo Controller verf\u00fcgbar.\u00a0\u00a0\u00a0\u00a0 Was bedeutet das f\u00fcr&#8230;<\/div><\/div><\/div><\/div><\/div><\/div>    <\/div>\n\n    <div class=\"release-notes-block__filter release-notes-block__filter--pager\">\n        <div class=\"facetwp-facet facetwp-facet-release_notes_pager facetwp-type-pager\" data-name=\"release_notes_pager\" data-type=\"pager\"><\/div>    <\/div>\n\n<\/section>\n<\/div>\n","protected":false},"excerpt":{"rendered":"<p>In dieser \u00dcbersicht finden Sie alle Release Notes zu unseren Services. Filtern Sie nach Datum und Service und finden Sie die f\u00fcr Ihre Situation relevanten Informationen. <\/p>\n","protected":false},"author":1,"featured_media":0,"parent":0,"menu_order":0,"comment_status":"closed","ping_status":"closed","template":"","meta":{"_acf_changed":false,"_searchwp_excluded":"","site-sidebar-layout":"default","site-content-layout":"","ast-site-content-layout":"default","site-content-style":"default","site-sidebar-style":"default","ast-global-header-display":"","ast-banner-title-visibility":"","ast-main-header-display":"","ast-hfb-above-header-display":"","ast-hfb-below-header-display":"","ast-hfb-mobile-header-display":"","site-post-title":"","ast-breadcrumbs-content":"","ast-featured-img":"","footer-sml-layout":"","ast-disable-related-posts":"","theme-transparent-header-meta":"","adv-header-id-meta":"","stick-header-meta":"","header-above-stick-meta":"","header-main-stick-meta":"","header-below-stick-meta":"","astra-migrate-meta-layouts":"default","ast-page-background-enabled":"default","ast-page-background-meta":{"desktop":{"background-color":"var(--ast-global-color-4)","background-image":"","background-repeat":"repeat","background-position":"center center","background-size":"auto","background-attachment":"scroll","background-type":"","background-media":"","overlay-type":"","overlay-color":"","overlay-opacity":"","overlay-gradient":""},"tablet":{"background-color":"","background-image":"","background-repeat":"repeat","background-position":"center center","background-size":"auto","background-attachment":"scroll","background-type":"","background-media":"","overlay-type":"","overlay-color":"","overlay-opacity":"","overlay-gradient":""},"mobile":{"background-color":"","background-image":"","background-repeat":"repeat","background-position":"center center","background-size":"auto","background-attachment":"scroll","background-type":"","background-media":"","overlay-type":"","overlay-color":"","overlay-opacity":"","overlay-gradient":""}},"ast-content-background-meta":{"desktop":{"background-color":"var(--ast-global-color-5)","background-image":"","background-repeat":"repeat","background-position":"center center","background-size":"auto","background-attachment":"scroll","background-type":"","background-media":"","overlay-type":"","overlay-color":"","overlay-opacity":"","overlay-gradient":""},"tablet":{"background-color":"var(--ast-global-color-5)","background-image":"","background-repeat":"repeat","background-position":"center center","background-size":"auto","background-attachment":"scroll","background-type":"","background-media":"","overlay-type":"","overlay-color":"","overlay-opacity":"","overlay-gradient":""},"mobile":{"background-color":"var(--ast-global-color-5)","background-image":"","background-repeat":"repeat","background-position":"center center","background-size":"auto","background-attachment":"scroll","background-type":"","background-media":"","overlay-type":"","overlay-color":"","overlay-opacity":"","overlay-gradient":""}},"footnotes":""},"class_list":["post-25192","page","type-page","status-publish","hentry"],"acf":[],"yoast_head":"<!-- This site is optimized with the Yoast SEO plugin v27.3 - https:\/\/yoast.com\/product\/yoast-seo-wordpress\/ -->\n<title>Release Notes - Portbase<\/title>\n<meta name=\"robots\" content=\"index, follow, max-snippet:-1, max-image-preview:large, max-video-preview:-1\" \/>\n<link rel=\"canonical\" href=\"https:\/\/www.portbase.com\/de\/release-notes\/\" \/>\n<meta property=\"og:locale\" content=\"de_DE\" \/>\n<meta property=\"og:type\" content=\"article\" \/>\n<meta property=\"og:title\" content=\"Release Notes - Portbase\" \/>\n<meta property=\"og:description\" content=\"In dieser \u00dcbersicht finden Sie alle Release Notes zu unseren Services. Filtern Sie nach Datum und Service und finden Sie die f\u00fcr Ihre Situation relevanten Informationen.\" \/>\n<meta property=\"og:url\" content=\"https:\/\/www.portbase.com\/de\/release-notes\/\" \/>\n<meta property=\"og:site_name\" content=\"Portbase\" \/>\n<meta property=\"article:publisher\" content=\"https:\/\/www.facebook.com\/portbase\" \/>\n<meta property=\"article:modified_time\" content=\"2026-01-28T10:43:18+00:00\" \/>\n<meta name=\"twitter:card\" content=\"summary_large_image\" \/>\n<meta name=\"twitter:label1\" content=\"Gesch\u00e4tzte Lesezeit\" \/>\n\t<meta name=\"twitter:data1\" content=\"1\u00a0Minute\" \/>\n<script type=\"application\/ld+json\" class=\"yoast-schema-graph\">{\"@context\":\"https:\\\/\\\/schema.org\",\"@graph\":[{\"@type\":\"WebPage\",\"@id\":\"https:\\\/\\\/www.portbase.com\\\/de\\\/release-notes\\\/\",\"url\":\"https:\\\/\\\/www.portbase.com\\\/de\\\/release-notes\\\/\",\"name\":\"Release Notes - Portbase\",\"isPartOf\":{\"@id\":\"https:\\\/\\\/www.portbase.com\\\/de\\\/#website\"},\"datePublished\":\"2026-01-26T10:35:34+00:00\",\"dateModified\":\"2026-01-28T10:43:18+00:00\",\"breadcrumb\":{\"@id\":\"https:\\\/\\\/www.portbase.com\\\/de\\\/release-notes\\\/#breadcrumb\"},\"inLanguage\":\"de\",\"potentialAction\":[{\"@type\":\"ReadAction\",\"target\":[\"https:\\\/\\\/www.portbase.com\\\/de\\\/release-notes\\\/\"]}]},{\"@type\":\"BreadcrumbList\",\"@id\":\"https:\\\/\\\/www.portbase.com\\\/de\\\/release-notes\\\/#breadcrumb\",\"itemListElement\":[{\"@type\":\"ListItem\",\"position\":1,\"name\":\"Home\",\"item\":\"https:\\\/\\\/www.portbase.com\\\/de\\\/\"},{\"@type\":\"ListItem\",\"position\":2,\"name\":\"Release Notes\"}]},{\"@type\":\"WebSite\",\"@id\":\"https:\\\/\\\/www.portbase.com\\\/de\\\/#website\",\"url\":\"https:\\\/\\\/www.portbase.com\\\/de\\\/\",\"name\":\"Portbase\",\"description\":\"\",\"publisher\":{\"@id\":\"https:\\\/\\\/www.portbase.com\\\/de\\\/#organization\"},\"potentialAction\":[{\"@type\":\"SearchAction\",\"target\":{\"@type\":\"EntryPoint\",\"urlTemplate\":\"https:\\\/\\\/www.portbase.com\\\/de\\\/?s={search_term_string}\"},\"query-input\":{\"@type\":\"PropertyValueSpecification\",\"valueRequired\":true,\"valueName\":\"search_term_string\"}}],\"inLanguage\":\"de\"},{\"@type\":\"Organization\",\"@id\":\"https:\\\/\\\/www.portbase.com\\\/de\\\/#organization\",\"name\":\"Portbase\",\"url\":\"https:\\\/\\\/www.portbase.com\\\/de\\\/\",\"logo\":{\"@type\":\"ImageObject\",\"inLanguage\":\"de\",\"@id\":\"https:\\\/\\\/www.portbase.com\\\/de\\\/#\\\/schema\\\/logo\\\/image\\\/\",\"url\":\"https:\\\/\\\/www.portbase.com\\\/wp-content\\\/uploads\\\/2024\\\/03\\\/portbase-logo.svg\",\"contentUrl\":\"https:\\\/\\\/www.portbase.com\\\/wp-content\\\/uploads\\\/2024\\\/03\\\/portbase-logo.svg\",\"width\":1,\"height\":1,\"caption\":\"Portbase\"},\"image\":{\"@id\":\"https:\\\/\\\/www.portbase.com\\\/de\\\/#\\\/schema\\\/logo\\\/image\\\/\"},\"sameAs\":[\"https:\\\/\\\/www.facebook.com\\\/portbase\",\"https:\\\/\\\/www.linkedin.com\\\/company\\\/portbase\",\"https:\\\/\\\/www.instagram.com\\\/portbase\\\/\",\"https:\\\/\\\/www.youtube.com\\\/user\\\/PortbaseOnline\"]}]}<\/script>\n<!-- \/ Yoast SEO plugin. -->","yoast_head_json":{"title":"Release Notes - Portbase","robots":{"index":"index","follow":"follow","max-snippet":"max-snippet:-1","max-image-preview":"max-image-preview:large","max-video-preview":"max-video-preview:-1"},"canonical":"https:\/\/www.portbase.com\/de\/release-notes\/","og_locale":"de_DE","og_type":"article","og_title":"Release Notes - Portbase","og_description":"In dieser \u00dcbersicht finden Sie alle Release Notes zu unseren Services. Filtern Sie nach Datum und Service und finden Sie die f\u00fcr Ihre Situation relevanten Informationen.","og_url":"https:\/\/www.portbase.com\/de\/release-notes\/","og_site_name":"Portbase","article_publisher":"https:\/\/www.facebook.com\/portbase","article_modified_time":"2026-01-28T10:43:18+00:00","twitter_card":"summary_large_image","twitter_misc":{"Gesch\u00e4tzte Lesezeit":"1\u00a0Minute"},"schema":{"@context":"https:\/\/schema.org","@graph":[{"@type":"WebPage","@id":"https:\/\/www.portbase.com\/de\/release-notes\/","url":"https:\/\/www.portbase.com\/de\/release-notes\/","name":"Release Notes - Portbase","isPartOf":{"@id":"https:\/\/www.portbase.com\/de\/#website"},"datePublished":"2026-01-26T10:35:34+00:00","dateModified":"2026-01-28T10:43:18+00:00","breadcrumb":{"@id":"https:\/\/www.portbase.com\/de\/release-notes\/#breadcrumb"},"inLanguage":"de","potentialAction":[{"@type":"ReadAction","target":["https:\/\/www.portbase.com\/de\/release-notes\/"]}]},{"@type":"BreadcrumbList","@id":"https:\/\/www.portbase.com\/de\/release-notes\/#breadcrumb","itemListElement":[{"@type":"ListItem","position":1,"name":"Home","item":"https:\/\/www.portbase.com\/de\/"},{"@type":"ListItem","position":2,"name":"Release Notes"}]},{"@type":"WebSite","@id":"https:\/\/www.portbase.com\/de\/#website","url":"https:\/\/www.portbase.com\/de\/","name":"Portbase","description":"","publisher":{"@id":"https:\/\/www.portbase.com\/de\/#organization"},"potentialAction":[{"@type":"SearchAction","target":{"@type":"EntryPoint","urlTemplate":"https:\/\/www.portbase.com\/de\/?s={search_term_string}"},"query-input":{"@type":"PropertyValueSpecification","valueRequired":true,"valueName":"search_term_string"}}],"inLanguage":"de"},{"@type":"Organization","@id":"https:\/\/www.portbase.com\/de\/#organization","name":"Portbase","url":"https:\/\/www.portbase.com\/de\/","logo":{"@type":"ImageObject","inLanguage":"de","@id":"https:\/\/www.portbase.com\/de\/#\/schema\/logo\/image\/","url":"https:\/\/www.portbase.com\/wp-content\/uploads\/2024\/03\/portbase-logo.svg","contentUrl":"https:\/\/www.portbase.com\/wp-content\/uploads\/2024\/03\/portbase-logo.svg","width":1,"height":1,"caption":"Portbase"},"image":{"@id":"https:\/\/www.portbase.com\/de\/#\/schema\/logo\/image\/"},"sameAs":["https:\/\/www.facebook.com\/portbase","https:\/\/www.linkedin.com\/company\/portbase","https:\/\/www.instagram.com\/portbase\/","https:\/\/www.youtube.com\/user\/PortbaseOnline"]}]}},"_links":{"self":[{"href":"https:\/\/www.portbase.com\/de\/wp-json\/wp\/v2\/pages\/25192","targetHints":{"allow":["GET"]}}],"collection":[{"href":"https:\/\/www.portbase.com\/de\/wp-json\/wp\/v2\/pages"}],"about":[{"href":"https:\/\/www.portbase.com\/de\/wp-json\/wp\/v2\/types\/page"}],"author":[{"embeddable":true,"href":"https:\/\/www.portbase.com\/de\/wp-json\/wp\/v2\/users\/1"}],"replies":[{"embeddable":true,"href":"https:\/\/www.portbase.com\/de\/wp-json\/wp\/v2\/comments?post=25192"}],"version-history":[{"count":4,"href":"https:\/\/www.portbase.com\/de\/wp-json\/wp\/v2\/pages\/25192\/revisions"}],"predecessor-version":[{"id":26568,"href":"https:\/\/www.portbase.com\/de\/wp-json\/wp\/v2\/pages\/25192\/revisions\/26568"}],"wp:attachment":[{"href":"https:\/\/www.portbase.com\/de\/wp-json\/wp\/v2\/media?parent=25192"}],"curies":[{"name":"wp","href":"https:\/\/api.w.org\/{rel}","templated":true}]}}