{"id":9877,"date":"2024-02-22T06:55:24","date_gmt":"2024-02-22T05:55:24","guid":{"rendered":"https:\/\/www.portbase.com\/community-solutions\/kosten\/"},"modified":"2025-12-23T14:32:24","modified_gmt":"2025-12-23T13:32:24","slug":"kosten","status":"publish","type":"page","link":"https:\/\/www.portbase.com\/de\/community-solutions\/kosten\/","title":{"rendered":"Kosten"},"content":{"rendered":"\n<div class=\"wp-block-group alignfull has-white-background-color has-background is-layout-constrained wp-block-group-is-layout-constrained\" style=\"padding-top:0\">\n<div class=\"wp-block-cover alignwide is-light has-dark-blue-color has-text-color has-link-color wp-elements-d4ea3f9842b0c84e66d66d1dfac71c2a\" style=\"min-height:45vh;aspect-ratio:unset;\"><img decoding=\"async\" width=\"1824\" height=\"869\" class=\"wp-block-cover__image-background wp-image-11811\" alt=\"\" src=\"https:\/\/www.portbase.com\/wp-content\/uploads\/2024\/05\/Community-solutions-1.jpg\" style=\"object-position:50% 80%\" data-object-fit=\"cover\" data-object-position=\"50% 80%\" srcset=\"https:\/\/www.portbase.com\/wp-content\/uploads\/2024\/05\/Community-solutions-1.jpg 1824w, https:\/\/www.portbase.com\/wp-content\/uploads\/2024\/05\/Community-solutions-1-300x143.jpg 300w, https:\/\/www.portbase.com\/wp-content\/uploads\/2024\/05\/Community-solutions-1-1024x488.jpg 1024w, https:\/\/www.portbase.com\/wp-content\/uploads\/2024\/05\/Community-solutions-1-768x366.jpg 768w, https:\/\/www.portbase.com\/wp-content\/uploads\/2024\/05\/Community-solutions-1-1536x732.jpg 1536w\" sizes=\"(max-width: 1824px) 100vw, 1824px\" \/><span aria-hidden=\"true\" class=\"wp-block-cover__background has-light-blue-background-color has-background-dim-0 has-background-dim\"><\/span><div class=\"wp-block-cover__inner-container is-layout-constrained wp-container-core-cover-is-layout-18af65a0 wp-block-cover-is-layout-constrained\">\n<p class=\"has-text-align-center has-blue-color has-text-color has-link-color wp-elements-791797bdcd9351fb9491832480879259\">Community Solutions<\/p>\n\n\n\n<h1 class=\"wp-block-heading has-text-align-center\">Kosten<\/h1>\n\n\n\n<div class=\"wp-block-buttons is-content-justification-center is-layout-flex wp-container-core-buttons-is-layout-a89b3969 wp-block-buttons-is-layout-flex\">\n<div class=\"wp-block-button is-style-fill\"><a class=\"wp-block-button__link wp-element-button\" href=\"#Preisliste\">Fordern Sie die Preisliste an<\/a><\/div>\n<\/div>\n<\/div><\/div>\n\n\n\n<div class=\"wp-block-sowmedia-tabbladnavigatie alignfull wp-block-sowmedia-tabbladnavigatie\" id=\"sowmedia-tabnavigatie\">\n    <nav class=\"no-wrap is-fallback alignfull wp-block-navigation is-nowrap is-layout-flex wp-container-core-navigation-layout-1 wp-block-navigation-is-layout-flex\">\n        <ul class=\"wp-block-navigation__container  no-wrap is-fallback alignfull wp-block-navigation\"><li class=\"wp-block-navigation-item\" ><a href=\"https:\/\/www.portbase.com\/de\/community-solutions\/\">Was ist es<\/a><\/li><li class=\"wp-block-navigation-item\" ><a href=\"https:\/\/www.portbase.com\/de\/community-solutions\/industrien\/\">Industrien<\/a><\/li><li class=\"wp-block-navigation-item\" ><a href=\"https:\/\/www.portbase.com\/de\/services\/\">Dienste<\/a><\/li><li class=\"wp-block-navigation-item\" ><a href=\"https:\/\/www.portbase.com\/de\/community-solutions\/erste-schritte-mit-portbase\/\">Erste Schritte mit Portbase<\/a><\/li><li class=\"wp-block-navigation-item\" ><a href=\"https:\/\/www.portbase.com\/de\/community-solutions\/vorteile\/\">Vorteile<\/a><\/li><li class=\"wp-block-navigation-item current-menu-item\" >Kosten<\/li><li class=\"wp-block-navigation-item\" ><a href=\"https:\/\/www.portbase.com\/de\/community-solutions\/sicherheit-au-einen-blick\/\">Sicherheit<\/a><\/li><\/ul>    <\/nav>\n<\/div>\n\n\n<h5 class=\"wp-block-heading alignwide has-h-5-font-size\">Die Kosten f\u00fcr alle Portbase-Dienste werden von den Nutzern \u00fcber ein Kostendeckungsmodell getragen. Die Arbeitsweise von Portbase l\u00e4sst sich anhand eines Drei-Schichten-Modells beschreiben, wobei alle Schichten finanziert werden. Das Modell besteht aus der Infrastruktur, Diensten zur Unterst\u00fctzung der Kernprozesse des Hafens und einer Plattform zum Datenaustausch f\u00fcr Innovationen und ma\u00dfgeschneiderte L\u00f6sungen.&nbsp;<\/h5>\n\n\n\n<div class=\"wp-block-columns alignwide is-layout-flex wp-container-core-columns-is-layout-28f84493 wp-block-columns-is-layout-flex\">\n<div class=\"wp-block-column is-layout-flow wp-block-column-is-layout-flow\">\n<div class=\"wp-block-group is-nowrap is-layout-flex wp-container-core-group-is-layout-6c531013 wp-block-group-is-layout-flex\">\n<div class=\"align wp-elements-fcf443e44136d7437cec712149b6990e wp-block-sowmedia-icon has-text-color has-orange-color\">\n\n    \n    <i class=\"icon-pb-services\"><\/i>\n    \n    \n<\/div>\n\n\n\n\n<h3 class=\"wp-block-heading has-h-4-font-size\">Abonnementtypen<\/h3>\n<\/div>\n\n\n\n<p>Bei einigen Diensten haben Sie die Wahl zwischen zwei Abonnementtypen: Basis (nur Transaktionsgeb\u00fchr) oder Basis Plus (feste monatliche Geb\u00fchr und Transaktionsgeb\u00fchr). In einigen F\u00e4llen berechnen wir sowohl f\u00fcr das Basis- als auch f\u00fcr das Basis-Plus-Abonnement eine einmalige Anschlussgeb\u00fchr von 249,50 \u20ac. Weitere Informationen finden Sie auf den Seiten der jeweiligen Dienste. &nbsp;<\/p>\n\n\n\n<p>Wenn Sie einen Dienst \u00fcber eine Systemverbindung abonnieren, erhalten Sie das Abonnement f\u00fcr die Internetversion kostenlos dazu. Unser Team von Interface-Spezialisten bietet Ihnen Unterst\u00fctzung bei der Realisierung dieser Systemverkbindung. Hierf\u00fcr berechnen wir eine einmalige Geb\u00fchr von 249,50 \u20ac pro Dienst. Entscheiden Sie sich f\u00fcr ein Basis-Abonnement \u00fcber eine Systemverbindung? Dann zahlen Sie lediglich eine einmalige Anschlussgeb\u00fchr von 249,50 \u20ac.&nbsp;<\/p>\n<\/div>\n\n\n\n<div class=\"wp-block-column is-layout-flow wp-block-column-is-layout-flow\">\n<div class=\"wp-block-group is-nowrap is-layout-flex wp-container-core-group-is-layout-6c531013 wp-block-group-is-layout-flex\">\n<div class=\"align wp-elements-fcf443e44136d7437cec712149b6990e wp-block-sowmedia-icon has-text-color has-orange-color\">\n\n    \n    <i class=\"icon-pb-services\"><\/i>\n    \n    \n<\/div>\n\n\n\n\n<h3 class=\"wp-block-heading has-h-4-font-size\">Rechnungsstellung<\/h3>\n<\/div>\n\n\n\n<p>Zu Beginn des Folgemonats sendet Portbase eine Rechnung f\u00fcr den Vormonat auf der Grundlage der tats\u00e4chlichen Nutzung und des entsprechenden Abonnementzeitraums. Auf dieser Rechnung sind Ihr(e) Abonnement(s) und die Anzahl der Transaktionen aufgef\u00fchrt.<\/p>\n\n\n\n<p>Hinweis: Eine Anpassung des Abonnementtyps oder eine nachtr\u00e4gliche Verrechnung ist w\u00e4hrend des Kalenderjahres nicht m\u00f6glich. Sind Sie neu bei Portbase? Wir beraten Sie gerne bei der Wahl zwischen unserem Basis- oder Basis-Plus-Abonnement. Kontaktieren Sie uns dazu unter <a href=\"mailto:sales@portbase.com\" target=\"_blank\" rel=\"noreferrer noopener\">sales@portbase.com<\/a>.&nbsp;<\/p>\n<\/div>\n<\/div>\n\n\n\n<div class=\"wp-block-cover alignwide is-light banner\" style=\"padding-top:var(--wp--preset--spacing--60);padding-right:var(--wp--preset--spacing--60);padding-bottom:var(--wp--preset--spacing--60);padding-left:var(--wp--preset--spacing--60);min-height:50px;aspect-ratio:unset;\"><img decoding=\"async\" width=\"1024\" height=\"583\" class=\"wp-block-cover__image-background wp-image-24343 size-large\" alt=\"\" src=\"https:\/\/www.portbase.com\/wp-content\/uploads\/2025\/12\/Background-1-1024x583.png\" data-object-fit=\"cover\" srcset=\"https:\/\/www.portbase.com\/wp-content\/uploads\/2025\/12\/Background-1-1024x583.png 1024w, https:\/\/www.portbase.com\/wp-content\/uploads\/2025\/12\/Background-1-300x171.png 300w, https:\/\/www.portbase.com\/wp-content\/uploads\/2025\/12\/Background-1-768x438.png 768w, https:\/\/www.portbase.com\/wp-content\/uploads\/2025\/12\/Background-1.png 1348w\" sizes=\"(max-width: 1024px) 100vw, 1024px\" \/><span aria-hidden=\"true\" class=\"wp-block-cover__background has-background-dim wp-block-cover__gradient-background has-background-gradient has-linear-lightblue-to-alpha-gradient-background\" style=\"background-color:#eaeaee\"><\/span><div class=\"wp-block-cover__inner-container is-layout-constrained wp-container-core-cover-is-layout-db32e940 wp-block-cover-is-layout-constrained\">\n<div class=\"wp-block-columns alignwide is-layout-flex wp-container-core-columns-is-layout-28f84493 wp-block-columns-is-layout-flex\">\n<div class=\"wp-block-column is-content-justification-left is-layout-constrained wp-container-core-column-is-layout-f3298e88 wp-block-column-is-layout-constrained\">\n<h2 class=\"wp-block-heading has-text-align-left has-h-3-font-size\"><mark style=\"background-color:rgba(0, 0, 0, 0)\" class=\"has-inline-color has-orange-color\">Die Preisliste&nbsp;<\/mark><\/h2>\n\n\n\n<p class=\"has-mid-grey-color has-text-color has-link-color wp-elements-ee3a4572bf9e4ec7f7b9b101f8122216\">In der Preisliste finden Sie alle Kosten des Portbase-Dienstes \u00fcbersichtlich aufgelistet, sowohl f\u00fcr Dienste, die Sie \u00fcber das Internet als auch f\u00fcr solche, die Sie \u00fcber eine Systemverbindung nutzen wollen . Die aktuelle Preisliste k\u00f6nnen Sie hier anfordern. Wir indexieren die Preise j\u00e4hrlich gem\u00e4\u00df den Allgemeinen Gesch\u00e4ftsbedingungen.&nbsp;<\/p>\n\n\n\n<div class=\"wp-block-buttons is-layout-flex wp-block-buttons-is-layout-flex\">\n<div class=\"wp-block-button is-style-outline is-style-outline--2\"><a class=\"wp-block-button__link wp-element-button\" href=\"#Preisliste\">Fordern Sie die Preisliste an<\/a><\/div>\n<\/div>\n<\/div>\n\n\n\n<div class=\"wp-block-column is-vertically-aligned-center is-layout-flow wp-block-column-is-layout-flow\" style=\"flex-basis:35%\"><\/div>\n<\/div>\n<\/div><\/div>\n<\/div>\n\n\n\n<div class=\"wp-block-group alignfull has-white-background-color has-background is-layout-constrained wp-container-core-group-is-layout-a7c27be1 wp-block-group-is-layout-constrained\">\n<hr class=\"wp-block-separator has-alpha-channel-opacity\"\/>\n\n\n\n<div class=\"wp-block-columns alignwide is-layout-flex wp-container-core-columns-is-layout-28f84493 wp-block-columns-is-layout-flex\">\n<div class=\"wp-block-column is-layout-flow wp-block-column-is-layout-flow\">\n<h2 class=\"wp-block-heading\"><mark style=\"background-color:rgba(0, 0, 0, 0)\" class=\"has-inline-color has-orange-color\">H\u00e4ufig gestellte Fragen <\/mark><br>zu Zahlungen<\/h2>\n<\/div>\n\n\n\n<div class=\"wp-block-column is-layout-flow wp-block-column-is-layout-flow\"><\/div>\n<\/div>\n\n\n\n<hr class=\"wp-block-separator has-alpha-channel-opacity\"\/>\n\n\n\n<div id=\"Preisliste\" class=\"wp-block-group has-light-blue-background-color has-background is-layout-flow wp-block-group-is-layout-flow\">\n<h3 class=\"wp-block-heading has-h-4-font-size\" id=\"Preisliste\" style=\"margin-bottom:40px\">Fordern Sie die Preisliste an<\/h3>\n\n\n\n<script src=\"\/\/go.portbase.com\/js\/forms2\/js\/forms2.min.js\"><\/script> <form id=\"mktoForm_1921\"><\/form> <script>MktoForms2.loadForm(\"\/\/go.portbase.com\", \"843-ITW-312\", 1921);<\/script>\n<\/div>\n<\/div>\n\n\n\n<hr class=\"wp-block-separator has-alpha-channel-opacity\"\/>\n","protected":false},"excerpt":{"rendered":"<p>Die Kosten f\u00fcr alle Portbase-Dienste werden von den Nutzern \u00fcber ein Kostendeckungsmodell getragen. Die Arbeitsweise von Portbase l\u00e4sst sich anhand eines Drei-Schichten-Modells beschreiben, wobei alle Schichten finanziert werden. Das Modell besteht aus der Infrastruktur, Diensten zur Unterst\u00fctzung der Kernprozesse des Hafens und einer Plattform zum Datenaustausch f\u00fcr Innovationen und ma\u00dfgeschneiderte L\u00f6sungen.&nbsp; Abonnementtypen Bei einigen Diensten [&hellip;]<\/p>\n","protected":false},"author":1,"featured_media":2485,"parent":9801,"menu_order":0,"comment_status":"closed","ping_status":"closed","template":"","meta":{"_acf_changed":false,"_searchwp_excluded":"","site-sidebar-layout":"default","site-content-layout":"","ast-site-content-layout":"default","site-content-style":"default","site-sidebar-style":"default","ast-global-header-display":"","ast-banner-title-visibility":"","ast-main-header-display":"","ast-hfb-above-header-display":"","ast-hfb-below-header-display":"","ast-hfb-mobile-header-display":"","site-post-title":"disabled","ast-breadcrumbs-content":"","ast-featured-img":"","footer-sml-layout":"","ast-disable-related-posts":"","theme-transparent-header-meta":"","adv-header-id-meta":"","stick-header-meta":"","header-above-stick-meta":"","header-main-stick-meta":"","header-below-stick-meta":"","astra-migrate-meta-layouts":"default","ast-page-background-enabled":"default","ast-page-background-meta":{"desktop":{"background-color":"var(--ast-global-color-4)","background-image":"","background-repeat":"repeat","background-position":"center center","background-size":"auto","background-attachment":"scroll","background-type":"","background-media":"","overlay-type":"","overlay-color":"","overlay-opacity":"","overlay-gradient":""},"tablet":{"background-color":"","background-image":"","background-repeat":"repeat","background-position":"center center","background-size":"auto","background-attachment":"scroll","background-type":"","background-media":"","overlay-type":"","overlay-color":"","overlay-opacity":"","overlay-gradient":""},"mobile":{"background-color":"","background-image":"","background-repeat":"repeat","background-position":"center center","background-size":"auto","background-attachment":"scroll","background-type":"","background-media":"","overlay-type":"","overlay-color":"","overlay-opacity":"","overlay-gradient":""}},"ast-content-background-meta":{"desktop":{"background-color":"var(--ast-global-color-5)","background-image":"","background-repeat":"repeat","background-position":"center center","background-size":"auto","background-attachment":"scroll","background-type":"","background-media":"","overlay-type":"","overlay-color":"","overlay-opacity":"","overlay-gradient":""},"tablet":{"background-color":"var(--ast-global-color-5)","background-image":"","background-repeat":"repeat","background-position":"center center","background-size":"auto","background-attachment":"scroll","background-type":"","background-media":"","overlay-type":"","overlay-color":"","overlay-opacity":"","overlay-gradient":""},"mobile":{"background-color":"var(--ast-global-color-5)","background-image":"","background-repeat":"repeat","background-position":"center center","background-size":"auto","background-attachment":"scroll","background-type":"","background-media":"","overlay-type":"","overlay-color":"","overlay-opacity":"","overlay-gradient":""}},"footnotes":""},"class_list":["post-9877","page","type-page","status-publish","has-post-thumbnail","hentry"],"acf":[],"yoast_head":"<!-- This site is optimized with the Yoast SEO plugin v27.3 - https:\/\/yoast.com\/product\/yoast-seo-wordpress\/ -->\n<title>Kosten - Portbase<\/title>\n<meta name=\"description\" content=\"Die Kosten f\u00fcr alle Portbase-Dienste werden von den Nutzern \u00fcber ein Kostendeckungsmodell getragen.\" \/>\n<meta name=\"robots\" content=\"index, follow, max-snippet:-1, max-image-preview:large, max-video-preview:-1\" \/>\n<link rel=\"canonical\" href=\"https:\/\/www.portbase.com\/de\/community-solutions\/kosten\/\" \/>\n<meta property=\"og:locale\" content=\"de_DE\" \/>\n<meta property=\"og:type\" content=\"article\" \/>\n<meta property=\"og:title\" content=\"Kosten - Portbase\" \/>\n<meta property=\"og:description\" content=\"Die Kosten f\u00fcr alle Portbase-Dienste werden von den Nutzern \u00fcber ein Kostendeckungsmodell getragen.\" \/>\n<meta property=\"og:url\" content=\"https:\/\/www.portbase.com\/de\/community-solutions\/kosten\/\" \/>\n<meta property=\"og:site_name\" content=\"Portbase\" \/>\n<meta property=\"article:publisher\" content=\"https:\/\/www.facebook.com\/portbase\" \/>\n<meta property=\"article:modified_time\" content=\"2025-12-23T13:32:24+00:00\" \/>\n<meta property=\"og:image\" content=\"https:\/\/www.portbase.com\/wp-content\/uploads\/2024\/03\/Frame-63191334.png\" \/>\n\t<meta property=\"og:image:width\" content=\"1344\" \/>\n\t<meta property=\"og:image:height\" content=\"640\" \/>\n\t<meta property=\"og:image:type\" content=\"image\/png\" \/>\n<meta name=\"twitter:card\" content=\"summary_large_image\" \/>\n<meta name=\"twitter:label1\" content=\"Gesch\u00e4tzte Lesezeit\" \/>\n\t<meta name=\"twitter:data1\" content=\"5\u00a0Minuten\" \/>\n<script type=\"application\/ld+json\" class=\"yoast-schema-graph\">{\"@context\":\"https:\\\/\\\/schema.org\",\"@graph\":[{\"@type\":\"WebPage\",\"@id\":\"https:\\\/\\\/www.portbase.com\\\/de\\\/community-solutions\\\/kosten\\\/\",\"url\":\"https:\\\/\\\/www.portbase.com\\\/de\\\/community-solutions\\\/kosten\\\/\",\"name\":\"Kosten - Portbase\",\"isPartOf\":{\"@id\":\"https:\\\/\\\/www.portbase.com\\\/de\\\/#website\"},\"primaryImageOfPage\":{\"@id\":\"https:\\\/\\\/www.portbase.com\\\/de\\\/community-solutions\\\/kosten\\\/#primaryimage\"},\"image\":{\"@id\":\"https:\\\/\\\/www.portbase.com\\\/de\\\/community-solutions\\\/kosten\\\/#primaryimage\"},\"thumbnailUrl\":\"https:\\\/\\\/www.portbase.com\\\/wp-content\\\/uploads\\\/2024\\\/03\\\/Frame-63191334.png\",\"datePublished\":\"2024-02-22T05:55:24+00:00\",\"dateModified\":\"2025-12-23T13:32:24+00:00\",\"description\":\"Die Kosten f\u00fcr alle Portbase-Dienste werden von den Nutzern \u00fcber ein Kostendeckungsmodell getragen.\",\"breadcrumb\":{\"@id\":\"https:\\\/\\\/www.portbase.com\\\/de\\\/community-solutions\\\/kosten\\\/#breadcrumb\"},\"inLanguage\":\"de\",\"potentialAction\":[{\"@type\":\"ReadAction\",\"target\":[\"https:\\\/\\\/www.portbase.com\\\/de\\\/community-solutions\\\/kosten\\\/\"]}]},{\"@type\":\"ImageObject\",\"inLanguage\":\"de\",\"@id\":\"https:\\\/\\\/www.portbase.com\\\/de\\\/community-solutions\\\/kosten\\\/#primaryimage\",\"url\":\"https:\\\/\\\/www.portbase.com\\\/wp-content\\\/uploads\\\/2024\\\/03\\\/Frame-63191334.png\",\"contentUrl\":\"https:\\\/\\\/www.portbase.com\\\/wp-content\\\/uploads\\\/2024\\\/03\\\/Frame-63191334.png\",\"width\":1344,\"height\":640},{\"@type\":\"BreadcrumbList\",\"@id\":\"https:\\\/\\\/www.portbase.com\\\/de\\\/community-solutions\\\/kosten\\\/#breadcrumb\",\"itemListElement\":[{\"@type\":\"ListItem\",\"position\":1,\"name\":\"Home\",\"item\":\"https:\\\/\\\/www.portbase.com\\\/de\\\/\"},{\"@type\":\"ListItem\",\"position\":2,\"name\":\"Community Solutions\",\"item\":\"https:\\\/\\\/www.portbase.com\\\/de\\\/community-solutions\\\/\"},{\"@type\":\"ListItem\",\"position\":3,\"name\":\"Kosten\"}]},{\"@type\":\"WebSite\",\"@id\":\"https:\\\/\\\/www.portbase.com\\\/de\\\/#website\",\"url\":\"https:\\\/\\\/www.portbase.com\\\/de\\\/\",\"name\":\"Portbase\",\"description\":\"\",\"publisher\":{\"@id\":\"https:\\\/\\\/www.portbase.com\\\/de\\\/#organization\"},\"potentialAction\":[{\"@type\":\"SearchAction\",\"target\":{\"@type\":\"EntryPoint\",\"urlTemplate\":\"https:\\\/\\\/www.portbase.com\\\/de\\\/?s={search_term_string}\"},\"query-input\":{\"@type\":\"PropertyValueSpecification\",\"valueRequired\":true,\"valueName\":\"search_term_string\"}}],\"inLanguage\":\"de\"},{\"@type\":\"Organization\",\"@id\":\"https:\\\/\\\/www.portbase.com\\\/de\\\/#organization\",\"name\":\"Portbase\",\"url\":\"https:\\\/\\\/www.portbase.com\\\/de\\\/\",\"logo\":{\"@type\":\"ImageObject\",\"inLanguage\":\"de\",\"@id\":\"https:\\\/\\\/www.portbase.com\\\/de\\\/#\\\/schema\\\/logo\\\/image\\\/\",\"url\":\"https:\\\/\\\/www.portbase.com\\\/wp-content\\\/uploads\\\/2024\\\/03\\\/portbase-logo.svg\",\"contentUrl\":\"https:\\\/\\\/www.portbase.com\\\/wp-content\\\/uploads\\\/2024\\\/03\\\/portbase-logo.svg\",\"width\":1,\"height\":1,\"caption\":\"Portbase\"},\"image\":{\"@id\":\"https:\\\/\\\/www.portbase.com\\\/de\\\/#\\\/schema\\\/logo\\\/image\\\/\"},\"sameAs\":[\"https:\\\/\\\/www.facebook.com\\\/portbase\",\"https:\\\/\\\/www.linkedin.com\\\/company\\\/portbase\",\"https:\\\/\\\/www.instagram.com\\\/portbase\\\/\",\"https:\\\/\\\/www.youtube.com\\\/user\\\/PortbaseOnline\"]}]}<\/script>\n<!-- \/ Yoast SEO plugin. -->","yoast_head_json":{"title":"Kosten - Portbase","description":"Die Kosten f\u00fcr alle Portbase-Dienste werden von den Nutzern \u00fcber ein Kostendeckungsmodell getragen.","robots":{"index":"index","follow":"follow","max-snippet":"max-snippet:-1","max-image-preview":"max-image-preview:large","max-video-preview":"max-video-preview:-1"},"canonical":"https:\/\/www.portbase.com\/de\/community-solutions\/kosten\/","og_locale":"de_DE","og_type":"article","og_title":"Kosten - Portbase","og_description":"Die Kosten f\u00fcr alle Portbase-Dienste werden von den Nutzern \u00fcber ein Kostendeckungsmodell getragen.","og_url":"https:\/\/www.portbase.com\/de\/community-solutions\/kosten\/","og_site_name":"Portbase","article_publisher":"https:\/\/www.facebook.com\/portbase","article_modified_time":"2025-12-23T13:32:24+00:00","og_image":[{"width":1344,"height":640,"url":"https:\/\/www.portbase.com\/wp-content\/uploads\/2024\/03\/Frame-63191334.png","type":"image\/png"}],"twitter_card":"summary_large_image","twitter_misc":{"Gesch\u00e4tzte Lesezeit":"5\u00a0Minuten"},"schema":{"@context":"https:\/\/schema.org","@graph":[{"@type":"WebPage","@id":"https:\/\/www.portbase.com\/de\/community-solutions\/kosten\/","url":"https:\/\/www.portbase.com\/de\/community-solutions\/kosten\/","name":"Kosten - Portbase","isPartOf":{"@id":"https:\/\/www.portbase.com\/de\/#website"},"primaryImageOfPage":{"@id":"https:\/\/www.portbase.com\/de\/community-solutions\/kosten\/#primaryimage"},"image":{"@id":"https:\/\/www.portbase.com\/de\/community-solutions\/kosten\/#primaryimage"},"thumbnailUrl":"https:\/\/www.portbase.com\/wp-content\/uploads\/2024\/03\/Frame-63191334.png","datePublished":"2024-02-22T05:55:24+00:00","dateModified":"2025-12-23T13:32:24+00:00","description":"Die Kosten f\u00fcr alle Portbase-Dienste werden von den Nutzern \u00fcber ein Kostendeckungsmodell getragen.","breadcrumb":{"@id":"https:\/\/www.portbase.com\/de\/community-solutions\/kosten\/#breadcrumb"},"inLanguage":"de","potentialAction":[{"@type":"ReadAction","target":["https:\/\/www.portbase.com\/de\/community-solutions\/kosten\/"]}]},{"@type":"ImageObject","inLanguage":"de","@id":"https:\/\/www.portbase.com\/de\/community-solutions\/kosten\/#primaryimage","url":"https:\/\/www.portbase.com\/wp-content\/uploads\/2024\/03\/Frame-63191334.png","contentUrl":"https:\/\/www.portbase.com\/wp-content\/uploads\/2024\/03\/Frame-63191334.png","width":1344,"height":640},{"@type":"BreadcrumbList","@id":"https:\/\/www.portbase.com\/de\/community-solutions\/kosten\/#breadcrumb","itemListElement":[{"@type":"ListItem","position":1,"name":"Home","item":"https:\/\/www.portbase.com\/de\/"},{"@type":"ListItem","position":2,"name":"Community Solutions","item":"https:\/\/www.portbase.com\/de\/community-solutions\/"},{"@type":"ListItem","position":3,"name":"Kosten"}]},{"@type":"WebSite","@id":"https:\/\/www.portbase.com\/de\/#website","url":"https:\/\/www.portbase.com\/de\/","name":"Portbase","description":"","publisher":{"@id":"https:\/\/www.portbase.com\/de\/#organization"},"potentialAction":[{"@type":"SearchAction","target":{"@type":"EntryPoint","urlTemplate":"https:\/\/www.portbase.com\/de\/?s={search_term_string}"},"query-input":{"@type":"PropertyValueSpecification","valueRequired":true,"valueName":"search_term_string"}}],"inLanguage":"de"},{"@type":"Organization","@id":"https:\/\/www.portbase.com\/de\/#organization","name":"Portbase","url":"https:\/\/www.portbase.com\/de\/","logo":{"@type":"ImageObject","inLanguage":"de","@id":"https:\/\/www.portbase.com\/de\/#\/schema\/logo\/image\/","url":"https:\/\/www.portbase.com\/wp-content\/uploads\/2024\/03\/portbase-logo.svg","contentUrl":"https:\/\/www.portbase.com\/wp-content\/uploads\/2024\/03\/portbase-logo.svg","width":1,"height":1,"caption":"Portbase"},"image":{"@id":"https:\/\/www.portbase.com\/de\/#\/schema\/logo\/image\/"},"sameAs":["https:\/\/www.facebook.com\/portbase","https:\/\/www.linkedin.com\/company\/portbase","https:\/\/www.instagram.com\/portbase\/","https:\/\/www.youtube.com\/user\/PortbaseOnline"]}]}},"_links":{"self":[{"href":"https:\/\/www.portbase.com\/de\/wp-json\/wp\/v2\/pages\/9877","targetHints":{"allow":["GET"]}}],"collection":[{"href":"https:\/\/www.portbase.com\/de\/wp-json\/wp\/v2\/pages"}],"about":[{"href":"https:\/\/www.portbase.com\/de\/wp-json\/wp\/v2\/types\/page"}],"author":[{"embeddable":true,"href":"https:\/\/www.portbase.com\/de\/wp-json\/wp\/v2\/users\/1"}],"replies":[{"embeddable":true,"href":"https:\/\/www.portbase.com\/de\/wp-json\/wp\/v2\/comments?post=9877"}],"version-history":[{"count":6,"href":"https:\/\/www.portbase.com\/de\/wp-json\/wp\/v2\/pages\/9877\/revisions"}],"predecessor-version":[{"id":24347,"href":"https:\/\/www.portbase.com\/de\/wp-json\/wp\/v2\/pages\/9877\/revisions\/24347"}],"up":[{"embeddable":true,"href":"https:\/\/www.portbase.com\/de\/wp-json\/wp\/v2\/pages\/9801"}],"wp:featuredmedia":[{"embeddable":true,"href":"https:\/\/www.portbase.com\/de\/wp-json\/wp\/v2\/media\/2485"}],"wp:attachment":[{"href":"https:\/\/www.portbase.com\/de\/wp-json\/wp\/v2\/media?parent=9877"}],"curies":[{"name":"wp","href":"https:\/\/api.w.org\/{rel}","templated":true}]}}