{"id":9772,"date":"2024-03-20T11:15:38","date_gmt":"2024-03-20T10:15:38","guid":{"rendered":"https:\/\/www.portbase.com\/marketplace\/binnenhafengelderklaerung\/"},"modified":"2026-02-05T15:59:42","modified_gmt":"2026-02-05T14:59:42","slug":"binnenhafengelderklaerung","status":"publish","type":"product","link":"https:\/\/www.portbase.com\/de\/services\/binnenhafengelderklaerung\/","title":{"rendered":"Binnenhafengelderkl\u00e4rung"},"content":{"rendered":"\n<div class=\"wp-block-group alignfull has-white-background-color has-background is-layout-constrained wp-block-group-is-layout-constrained\" style=\"padding-top:0;padding-bottom:0\">\n<div class=\"wp-block-media-text alignwide has-media-on-the-right is-stacked-on-mobile is-image-fill-element has-light-blue-background-color has-background\" style=\"grid-template-columns:auto 49%\"><div class=\"wp-block-media-text__content\">\n<div id=\"sowmedia-iconmettitel\" class=\"align wp-block-sowmedia-iconmettitel\" >\n    <img decoding=\"async\" src=\"https:\/\/www.portbase.com\/wp-content\/uploads\/2024\/04\/Binnenhavengeld.svg\" alt=\"Binnenhafengelderkl\u00e4rung\">\n    <div class=\"text\">\n        <h1 class=\"wp-block-heading\">Binnenhafengelderkl\u00e4rung<\/h1>\n                    <span>Reibungslose Abwicklung von Binnenhafengeldern in Rotterdam.<\/span>\n            <\/div>\n    <\/div>\n\n\n\n\n<h2 class=\"wp-block-heading has-h-2-font-size\">Reibungslose <mark style=\"background-color:rgba(0, 0, 0, 0)\" class=\"has-inline-color has-orange-color\">Abwicklung von Binnenhafengeldern <\/mark>in Rotterdam<\/h2>\n\n\n\n<div class=\"wp-block-group is-content-justification-left is-layout-constrained wp-container-core-group-is-layout-1cfc8138 wp-block-group-is-layout-constrained\" style=\"margin-top:var(--wp--preset--spacing--40);margin-bottom:var(--wp--preset--spacing--40)\">\n<p>Jedes Binnenschiff, das die Dienste und Einrichtungen im weitl\u00e4ufigen Rotterdamer Binnenhafengebiet nutzt, muss Binnenhafengeld entrichten. Zu diesem Zweck hat die Hafenbeh\u00f6rde Rotterdam Portbase mit der Entwicklung und Verwaltung des Dienstes Binnenhafengelderkl\u00e4rung beauftragt.<\/p>\n<\/div>\n\n\n\n<div class=\"wp-block-buttons is-layout-flex wp-block-buttons-is-layout-flex\" style=\"margin-top:var(--wp--preset--spacing--50)\">\n<div class=\"wp-block-button\"><a class=\"wp-block-button__link wp-element-button\" href=\"https:\/\/www.portofrotterdam.com\/de\/binnenschifffahrt\/binnenhafengebuehren\">Dienst anfordern<\/a><\/div>\n\n\n\n<div class=\"wp-block-button is-style-text\"><a class=\"wp-block-button__link wp-element-button\" href=\"https:\/\/www.portbase.com\/de\/kontakt-3\/\">Pers\u00f6nliche Beratung<\/a><\/div>\n<\/div>\n<\/div><figure class=\"wp-block-media-text__media\"><img decoding=\"async\" width=\"1024\" height=\"683\" src=\"https:\/\/www.portbase.com\/wp-content\/uploads\/2024\/04\/1321-web-bewerkt-1024x683.png\" alt=\"\" class=\"wp-image-8041 size-full\" style=\"object-position:26% 29%\" srcset=\"https:\/\/www.portbase.com\/wp-content\/uploads\/2024\/04\/1321-web-bewerkt-1024x683.png 1024w, https:\/\/www.portbase.com\/wp-content\/uploads\/2024\/04\/1321-web-bewerkt-300x200.png 300w, https:\/\/www.portbase.com\/wp-content\/uploads\/2024\/04\/1321-web-bewerkt-768x512.png 768w, https:\/\/www.portbase.com\/wp-content\/uploads\/2024\/04\/1321-web-bewerkt-1536x1024.png 1536w, https:\/\/www.portbase.com\/wp-content\/uploads\/2024\/04\/1321-web-bewerkt.png 1920w\" sizes=\"(max-width: 1024px) 100vw, 1024px\" \/><\/figure><\/div>\n<\/div>\n\n\n\n<div class=\"wp-block-group alignfull has-white-background-color has-background is-layout-constrained wp-container-core-group-is-layout-cda074a4 wp-block-group-is-layout-constrained\" style=\"padding-top:var(--wp--preset--spacing--60);padding-bottom:var(--wp--preset--spacing--70)\">\n<div class=\"wp-block-columns is-layout-flex wp-container-core-columns-is-layout-28f84493 wp-block-columns-is-layout-flex\">\n<div class=\"wp-block-column is-layout-flow wp-block-column-is-layout-flow\">\n<h2 class=\"wp-block-heading has-h-4-font-size\">Servicebeschreibung<\/h2>\n\n\n\n<p>Mit diesem Dienst k\u00f6nnen Binnenschiffer (oder ihre Agenturen) ihren Aufenthalt direkt bei der Hafenbeh\u00f6rde anmelden. \u00dcber ein Auswahlmen\u00fc und einen Kalender m\u00fcssen lediglich vier Informationen ausgef\u00fcllt und \u00fcbermittelt werden. Au\u00dferdem kann die gew\u00fcnschte Zahlungsmethode angegeben werden: manuell, einmalige Einzugserm\u00e4chtigung oder (f\u00fcr ein Jahresabonnement) Lastschrift.<\/p>\n\n\n\n<p>Der Dienst verf\u00fcgt au\u00dferdem \u00fcber eine extra Umgebung, in der Patrouillenboote der Hafenbeh\u00f6rde Rotterdam die im Hafengebiet wahrgenommenen Binnenschiffe registrieren k\u00f6nnen.<\/p>\n\n\n\n<h3 class=\"wp-block-heading has-h-4-font-size\"><strong>Festes und mobiles Internet<\/strong><\/h3>\n\n\n\n<p>Der Dienst Binnenhafengelderkl\u00e4rung funktioniert sowohl mit festem als auch mobilem Internet und steht in vier Sprachen zur Verf\u00fcgung: Niederl\u00e4ndisch, Englisch, Deutsch und Franz\u00f6sisch.<\/p>\n\n\n\n<p>Weitere Informationen:&nbsp;<a href=\"https:\/\/www.portofrotterdam.com\/nl\/binnenvaart\/binnenhavengeld\" target=\"_blank\" rel=\"noreferrer noopener\">Hier<\/a>&nbsp;finden Sie alle relevanten Informationen, einschlie\u00dflich der Anleitungsbrosch\u00fcren. <br>Auftraggeber:&nbsp;Hafenbeh\u00f6rde Rotterdam<br>Zielgruppe:&nbsp;Binnenschiffer<\/p>\n\n\n\n<div class=\"wp-block-buttons is-layout-flex wp-block-buttons-is-layout-flex\">\n<div class=\"wp-block-button is-style-with-arrow\"><a class=\"wp-block-button__link wp-element-button\" href=\"https:\/\/support.portbase.com\/hc\/de\/articles\/28689318560402-Start-mit-Binnenhafengelderkl%C3%A4rung\" target=\"_blank\" rel=\"noreferrer noopener\">Support<\/a><\/div>\n\n\n\n<div class=\"wp-block-button is-style-with-arrow\"><a class=\"wp-block-button__link wp-element-button\" href=\"https:\/\/support.portbase.com\/hc\/de\/articles\/28689036606098-Back-up-Verfahren-Binnenhafengelderkl%C3%A4rung\" target=\"_blank\" rel=\"noreferrer noopener\">Back-up-Verfahren<\/a><\/div>\n<\/div>\n<\/div>\n\n\n\n<div class=\"wp-block-column is-layout-flow wp-block-column-is-layout-flow\">\n<div class=\"wp-block-sowmedia-product-attributes\">\n            <div class=\"wp-block-group has-light-blue-background-color has-background is-layout-constrained wp-block-group-is-layout-constrained\">\n            <h2 class=\"wp-block-heading has-h-4-font-size\">Servicefunktionen<\/h2>\n            <ul class=\"product-attributes\">\n                <li class=\"term term-betaald-de\"><div class=\"item has-body-small-font-size\"><i class=\"icon-euro-sign\"><\/i> <div><span class=\"has-body-font-size\">Bezahlt<\/span>Es f\u00e4llt eine Abonnementgeb\u00fchr und\/oder Transaktionsgeb\u00fchr an.<\/div><\/div><\/li><li class=\"term term-webscherm-de\"><div class=\"item has-body-small-font-size\"><i class=\"icon-desktop\"><\/i> <div><span class=\"has-body-font-size\">Webumgebung<\/span>Nutzung des Dienstes ist \u00fcber eine Webumgebung m\u00f6glich.<\/div><\/div><\/li>            <\/ul>\n        <\/div>\n    <\/div>\n<\/div>\n<\/div>\n\n\n\n<hr class=\"wp-block-separator has-alpha-channel-opacity\"\/>\n\n\n\n<div class=\"wp-block-cover alignwide banner is-style-banner-light-blue has-dark-blue-color has-text-color has-link-color wp-elements-428cff8b132d18bf6df74eca3f50dea6\" style=\"padding-top:var(--wp--preset--spacing--60);padding-right:var(--wp--preset--spacing--60);padding-bottom:var(--wp--preset--spacing--60);padding-left:var(--wp--preset--spacing--60);min-height:239px;aspect-ratio:unset;\"><img decoding=\"async\" width=\"800\" height=\"500\" class=\"wp-block-cover__image-background wp-image-1636\" alt=\"\" src=\"https:\/\/www.portbase.com\/wp-content\/uploads\/2024\/02\/example-image.png\" data-object-fit=\"cover\" srcset=\"https:\/\/www.portbase.com\/wp-content\/uploads\/2024\/02\/example-image.png 800w, https:\/\/www.portbase.com\/wp-content\/uploads\/2024\/02\/example-image-300x188.png 300w, https:\/\/www.portbase.com\/wp-content\/uploads\/2024\/02\/example-image-768x480.png 768w\" sizes=\"(max-width: 800px) 100vw, 800px\" \/><span aria-hidden=\"true\" class=\"wp-block-cover__background has-background-dim wp-block-cover__gradient-background has-background-gradient has-linear-lightblue-to-alpha-gradient-background\"><\/span><div class=\"wp-block-cover__inner-container is-layout-constrained wp-container-core-cover-is-layout-db32e940 wp-block-cover-is-layout-constrained\">\n<div class=\"wp-block-columns alignwide is-layout-flex wp-container-core-columns-is-layout-28f84493 wp-block-columns-is-layout-flex\">\n<div class=\"wp-block-column is-layout-flow wp-block-column-is-layout-flow\">\n<h3 class=\"wp-block-heading has-white-color has-text-color has-link-color wp-elements-a69b759f4b53dbaf61c80bdf1903cd60\"><mark style=\"background-color:rgba(0, 0, 0, 0)\" class=\"has-inline-color has-orange-color\">Vorteile f\u00fcr Ihr Unternehmen:<\/mark><\/h3>\n\n\n\n<ul class=\"wp-block-list\">\n<li>Niedrigschwelliger, benutzerfreundlicher Webdienst.<\/li>\n\n\n\n<li>Zuverl\u00e4ssiges Hosting.<\/li>\n\n\n\n<li>Entspricht der bestehenden Infrastruktur im Rahmen des hafenweiten Informationsaustauschs.<\/li>\n<\/ul>\n<\/div>\n\n\n\n<div class=\"wp-block-column is-vertically-aligned-center is-layout-flow wp-block-column-is-layout-flow\" style=\"flex-basis:35%\"><\/div>\n<\/div>\n<\/div><\/div>\n\n\n\n<hr class=\"wp-block-separator has-alpha-channel-opacity\"\/>\n\n\n\n<div class=\"wp-block-columns is-layout-flex wp-container-core-columns-is-layout-28f84493 wp-block-columns-is-layout-flex\">\n<div class=\"wp-block-column is-layout-flow wp-block-column-is-layout-flow\">\n<h4 class=\"wp-block-heading\">Kosten<\/h4>\n\n\n\n<p>Unter dem Namen \u201eEnabled-by-Dienste\u201c entwickelt, verwaltet und hostet Portbase auch Dienste f\u00fcr Dritte innerhalb des Port Community Systems. Dabei handelt es sich um Dienste mit einem allgemeinen logistischen Interesse und einem Mehrwert f\u00fcr die Hafencommunity. Dabei tr\u00e4gt der Auftraggeber alle Kosten. Der Auftraggeber ist zudem f\u00fcr die Verteilung und Nutzung des Dienstes verantwortlich. Teilnehmer an einem \u201eEnabled-by-Dienst\u201c haben keine direkte Kundenbeziehung zu Portbase.<\/p>\n<\/div>\n<\/div>\n\n\n\n<hr class=\"wp-block-separator has-alpha-channel-opacity\"\/>\n\n\n\n<div class=\"wp-block-media-text alignwide has-media-on-the-right is-stacked-on-mobile is-image-fill-element has-light-blue-background-color has-background\" style=\"grid-template-columns:auto 49%\" id=\"contact\"><div class=\"wp-block-media-text__content\">\n<p class=\"has-blue-color has-text-color has-link-color wp-elements-0258c223dee8a36236e8c960ceafd762\">Kontakt<\/p>\n\n\n\n<h4 class=\"wp-block-heading\"><mark style=\"background-color:rgba(0, 0, 0, 0)\" class=\"has-inline-color has-dark-blue-color\">Dienst anfordern<\/mark><\/h4>\n\n\n\n<p>Bereit, Ihre Logistikprozesse zu optimieren? Fordern Sie den Service direkt an oder kontaktieren Sie uns. Unsere Experten stehen bereit, um all Ihre Fragen zu beantworten und Sie bei der Beantragung des gew\u00fcnschten Services zu unterst\u00fctzen.<\/p>\n\n\n\n<div class=\"wp-block-buttons is-layout-flex wp-block-buttons-is-layout-flex\" style=\"margin-top:var(--wp--preset--spacing--50)\">\n<div class=\"wp-block-button\"><a class=\"wp-block-button__link wp-element-button\" href=\"https:\/\/www.portofrotterdam.com\/de\/binnenschifffahrt\/binnenhafengebuehren\">Dienst anfordern<\/a><\/div>\n\n\n\n<div class=\"wp-block-button is-style-text\"><a class=\"wp-block-button__link wp-element-button\" href=\"https:\/\/www.portbase.com\/de\/kontakt-3\/\">Pers\u00f6nlicher Kontakt<\/a><\/div>\n<\/div>\n<\/div><figure class=\"wp-block-media-text__media\"><img decoding=\"async\" width=\"787\" height=\"716\" src=\"https:\/\/www.portbase.com\/wp-content\/uploads\/2024\/04\/Scherm\u00adafbeelding-2024-04-10-om-17.58.32.png\" alt=\"\" class=\"wp-image-6148 size-full\" style=\"object-position:50% 50%\" srcset=\"https:\/\/www.portbase.com\/wp-content\/uploads\/2024\/04\/Scherm\u00adafbeelding-2024-04-10-om-17.58.32.png 787w, https:\/\/www.portbase.com\/wp-content\/uploads\/2024\/04\/Scherm\u00adafbeelding-2024-04-10-om-17.58.32-300x273.png 300w, https:\/\/www.portbase.com\/wp-content\/uploads\/2024\/04\/Scherm\u00adafbeelding-2024-04-10-om-17.58.32-768x699.png 768w\" sizes=\"(max-width: 787px) 100vw, 787px\" \/><\/figure><\/div>\n\n\n\n<hr class=\"wp-block-separator has-alpha-channel-opacity\"\/>\n<\/div>\n","protected":false},"excerpt":{"rendered":"<p>Maecenas pellentesque elit dolor, ac blandit justo commodo sed. In condimentum, urna a semper consectetur, augue dui posuere elit, eu vestibulum tellus lectus finibus felis.<\/p>\n","protected":false},"featured_media":7370,"parent":0,"menu_order":7,"template":"","meta":{"_acf_changed":false,"_searchwp_excluded":"","site-sidebar-layout":"default","site-content-layout":"","ast-site-content-layout":"default","site-content-style":"default","site-sidebar-style":"default","ast-global-header-display":"","ast-banner-title-visibility":"","ast-main-header-display":"","ast-hfb-above-header-display":"","ast-hfb-below-header-display":"","ast-hfb-mobile-header-display":"","site-post-title":"","ast-breadcrumbs-content":"","ast-featured-img":"","footer-sml-layout":"","ast-disable-related-posts":"","theme-transparent-header-meta":"","adv-header-id-meta":"","stick-header-meta":"","header-above-stick-meta":"","header-main-stick-meta":"","header-below-stick-meta":"","astra-migrate-meta-layouts":"default","ast-page-background-enabled":"default","ast-page-background-meta":{"desktop":{"background-color":"var(--ast-global-color-4)","background-image":"","background-repeat":"repeat","background-position":"center center","background-size":"auto","background-attachment":"scroll","background-type":"","background-media":"","overlay-type":"","overlay-color":"","overlay-opacity":"","overlay-gradient":""},"tablet":{"background-color":"","background-image":"","background-repeat":"repeat","background-position":"center center","background-size":"auto","background-attachment":"scroll","background-type":"","background-media":"","overlay-type":"","overlay-color":"","overlay-opacity":"","overlay-gradient":""},"mobile":{"background-color":"","background-image":"","background-repeat":"repeat","background-position":"center center","background-size":"auto","background-attachment":"scroll","background-type":"","background-media":"","overlay-type":"","overlay-color":"","overlay-opacity":"","overlay-gradient":""}},"ast-content-background-meta":{"desktop":{"background-color":"var(--ast-global-color-5)","background-image":"","background-repeat":"repeat","background-position":"center center","background-size":"auto","background-attachment":"scroll","background-type":"","background-media":"","overlay-type":"","overlay-color":"","overlay-opacity":"","overlay-gradient":""},"tablet":{"background-color":"var(--ast-global-color-5)","background-image":"","background-repeat":"repeat","background-position":"center center","background-size":"auto","background-attachment":"scroll","background-type":"","background-media":"","overlay-type":"","overlay-color":"","overlay-opacity":"","overlay-gradient":""},"mobile":{"background-color":"var(--ast-global-color-5)","background-image":"","background-repeat":"repeat","background-position":"center center","background-size":"auto","background-attachment":"scroll","background-type":"","background-media":"","overlay-type":"","overlay-color":"","overlay-opacity":"","overlay-gradient":""}},"footnotes":""},"class_list":["post-9772","product","type-product","status-publish","has-post-thumbnail","hentry","product_attributes-betaald-de","product_attributes-webscherm-de","product_provider-portbase-de"],"acf":{"icon":7370,"subtitle":"Reibungslose Abwicklung von Binnenhafengeldern in Rotterdam.","sku":"23","banner_color":"light","screenshots":[{"image":1515,"background_color":"default"},{"image":1511,"background_color":"default"},{"image":1513,"background_color":"default"},{"image":1511,"background_color":"default"},{"image":1541,"background_color":"default"}],"product_type":false,"product_attributes":[160,166],"product_provider":[263],"related_supplier":"","related_collection":"","related_support":"","related_partner":"","related_target_audience":[9758,13327],"search_exclude":false,"marketplace_exclude":false,"is_hidden":false,"product_is_featured":false},"yoast_head":"<!-- This site is optimized with the Yoast SEO plugin v27.3 - https:\/\/yoast.com\/product\/yoast-seo-wordpress\/ -->\n<title>Binnenhafengelderkl\u00e4rung - Portbase<\/title>\n<meta name=\"description\" content=\"\u00dcber den Dienst Binnenhafengelderkl\u00e4rung k\u00f6nnen Binnenschiffer ihren Aufenthalt direkt an die Hafenbeh\u00f6rde Rotterdam melden.\" \/>\n<meta name=\"robots\" content=\"index, follow, max-snippet:-1, max-image-preview:large, max-video-preview:-1\" \/>\n<link rel=\"canonical\" href=\"https:\/\/www.portbase.com\/de\/services\/binnenhafengelderklaerung\/\" \/>\n<meta property=\"og:locale\" content=\"de_DE\" \/>\n<meta property=\"og:type\" content=\"article\" \/>\n<meta property=\"og:title\" content=\"Binnenhafengelderkl\u00e4rung - Portbase\" \/>\n<meta property=\"og:description\" content=\"\u00dcber den Dienst Binnenhafengelderkl\u00e4rung k\u00f6nnen Binnenschiffer ihren Aufenthalt direkt an die Hafenbeh\u00f6rde Rotterdam melden.\" \/>\n<meta property=\"og:url\" content=\"https:\/\/www.portbase.com\/de\/services\/binnenhafengelderklaerung\/\" \/>\n<meta property=\"og:site_name\" content=\"Portbase\" \/>\n<meta property=\"article:publisher\" content=\"https:\/\/www.facebook.com\/portbase\" \/>\n<meta property=\"article:modified_time\" content=\"2026-02-05T14:59:42+00:00\" \/>\n<meta property=\"og:image\" content=\"https:\/\/www.portbase.com\/wp-content\/uploads\/2024\/03\/pexels-frank-reppold-12903574-scaled.jpg\" \/>\n\t<meta property=\"og:image:width\" content=\"1707\" \/>\n\t<meta property=\"og:image:height\" content=\"2560\" \/>\n\t<meta property=\"og:image:type\" content=\"image\/jpeg\" \/>\n<meta name=\"twitter:card\" content=\"summary_large_image\" \/>\n<meta name=\"twitter:label1\" content=\"Gesch\u00e4tzte Lesezeit\" \/>\n\t<meta name=\"twitter:data1\" content=\"3\u00a0Minuten\" \/>\n<script type=\"application\/ld+json\" class=\"yoast-schema-graph\">{\"@context\":\"https:\\\/\\\/schema.org\",\"@graph\":[{\"@type\":\"WebPage\",\"@id\":\"https:\\\/\\\/www.portbase.com\\\/de\\\/services\\\/binnenhafengelderklaerung\\\/\",\"url\":\"https:\\\/\\\/www.portbase.com\\\/de\\\/services\\\/binnenhafengelderklaerung\\\/\",\"name\":\"Binnenhafengelderkl\u00e4rung - Portbase\",\"isPartOf\":{\"@id\":\"https:\\\/\\\/www.portbase.com\\\/de\\\/#website\"},\"primaryImageOfPage\":{\"@id\":\"https:\\\/\\\/www.portbase.com\\\/de\\\/services\\\/binnenhafengelderklaerung\\\/#primaryimage\"},\"image\":{\"@id\":\"https:\\\/\\\/www.portbase.com\\\/de\\\/services\\\/binnenhafengelderklaerung\\\/#primaryimage\"},\"thumbnailUrl\":\"https:\\\/\\\/www.portbase.com\\\/wp-content\\\/uploads\\\/2024\\\/04\\\/Binnenhavengeld.svg\",\"datePublished\":\"2024-03-20T10:15:38+00:00\",\"dateModified\":\"2026-02-05T14:59:42+00:00\",\"description\":\"\u00dcber den Dienst Binnenhafengelderkl\u00e4rung k\u00f6nnen Binnenschiffer ihren Aufenthalt direkt an die Hafenbeh\u00f6rde Rotterdam melden.\",\"breadcrumb\":{\"@id\":\"https:\\\/\\\/www.portbase.com\\\/de\\\/services\\\/binnenhafengelderklaerung\\\/#breadcrumb\"},\"inLanguage\":\"de\",\"potentialAction\":[{\"@type\":\"ReadAction\",\"target\":[\"https:\\\/\\\/www.portbase.com\\\/de\\\/services\\\/binnenhafengelderklaerung\\\/\"]}]},{\"@type\":\"ImageObject\",\"inLanguage\":\"de\",\"@id\":\"https:\\\/\\\/www.portbase.com\\\/de\\\/services\\\/binnenhafengelderklaerung\\\/#primaryimage\",\"url\":\"https:\\\/\\\/www.portbase.com\\\/wp-content\\\/uploads\\\/2024\\\/04\\\/Binnenhavengeld.svg\",\"contentUrl\":\"https:\\\/\\\/www.portbase.com\\\/wp-content\\\/uploads\\\/2024\\\/04\\\/Binnenhavengeld.svg\",\"caption\":\"Binnenhavengeld\"},{\"@type\":\"BreadcrumbList\",\"@id\":\"https:\\\/\\\/www.portbase.com\\\/de\\\/services\\\/binnenhafengelderklaerung\\\/#breadcrumb\",\"itemListElement\":[{\"@type\":\"ListItem\",\"position\":1,\"name\":\"Home\",\"item\":\"https:\\\/\\\/www.portbase.com\\\/de\\\/\"},{\"@type\":\"ListItem\",\"position\":2,\"name\":\"Binnenhafengelderkl\u00e4rung\"}]},{\"@type\":\"WebSite\",\"@id\":\"https:\\\/\\\/www.portbase.com\\\/de\\\/#website\",\"url\":\"https:\\\/\\\/www.portbase.com\\\/de\\\/\",\"name\":\"Portbase\",\"description\":\"\",\"publisher\":{\"@id\":\"https:\\\/\\\/www.portbase.com\\\/de\\\/#organization\"},\"potentialAction\":[{\"@type\":\"SearchAction\",\"target\":{\"@type\":\"EntryPoint\",\"urlTemplate\":\"https:\\\/\\\/www.portbase.com\\\/de\\\/?s={search_term_string}\"},\"query-input\":{\"@type\":\"PropertyValueSpecification\",\"valueRequired\":true,\"valueName\":\"search_term_string\"}}],\"inLanguage\":\"de\"},{\"@type\":\"Organization\",\"@id\":\"https:\\\/\\\/www.portbase.com\\\/de\\\/#organization\",\"name\":\"Portbase\",\"url\":\"https:\\\/\\\/www.portbase.com\\\/de\\\/\",\"logo\":{\"@type\":\"ImageObject\",\"inLanguage\":\"de\",\"@id\":\"https:\\\/\\\/www.portbase.com\\\/de\\\/#\\\/schema\\\/logo\\\/image\\\/\",\"url\":\"https:\\\/\\\/www.portbase.com\\\/wp-content\\\/uploads\\\/2024\\\/03\\\/portbase-logo.svg\",\"contentUrl\":\"https:\\\/\\\/www.portbase.com\\\/wp-content\\\/uploads\\\/2024\\\/03\\\/portbase-logo.svg\",\"width\":1,\"height\":1,\"caption\":\"Portbase\"},\"image\":{\"@id\":\"https:\\\/\\\/www.portbase.com\\\/de\\\/#\\\/schema\\\/logo\\\/image\\\/\"},\"sameAs\":[\"https:\\\/\\\/www.facebook.com\\\/portbase\",\"https:\\\/\\\/www.linkedin.com\\\/company\\\/portbase\",\"https:\\\/\\\/www.instagram.com\\\/portbase\\\/\",\"https:\\\/\\\/www.youtube.com\\\/user\\\/PortbaseOnline\"]}]}<\/script>\n<!-- \/ Yoast SEO plugin. -->","yoast_head_json":{"title":"Binnenhafengelderkl\u00e4rung - Portbase","description":"\u00dcber den Dienst Binnenhafengelderkl\u00e4rung k\u00f6nnen Binnenschiffer ihren Aufenthalt direkt an die Hafenbeh\u00f6rde Rotterdam melden.","robots":{"index":"index","follow":"follow","max-snippet":"max-snippet:-1","max-image-preview":"max-image-preview:large","max-video-preview":"max-video-preview:-1"},"canonical":"https:\/\/www.portbase.com\/de\/services\/binnenhafengelderklaerung\/","og_locale":"de_DE","og_type":"article","og_title":"Binnenhafengelderkl\u00e4rung - Portbase","og_description":"\u00dcber den Dienst Binnenhafengelderkl\u00e4rung k\u00f6nnen Binnenschiffer ihren Aufenthalt direkt an die Hafenbeh\u00f6rde Rotterdam melden.","og_url":"https:\/\/www.portbase.com\/de\/services\/binnenhafengelderklaerung\/","og_site_name":"Portbase","article_publisher":"https:\/\/www.facebook.com\/portbase","article_modified_time":"2026-02-05T14:59:42+00:00","og_image":[{"width":1707,"height":2560,"url":"https:\/\/www.portbase.com\/wp-content\/uploads\/2024\/03\/pexels-frank-reppold-12903574-scaled.jpg","type":"image\/jpeg"}],"twitter_card":"summary_large_image","twitter_misc":{"Gesch\u00e4tzte Lesezeit":"3\u00a0Minuten"},"schema":{"@context":"https:\/\/schema.org","@graph":[{"@type":"WebPage","@id":"https:\/\/www.portbase.com\/de\/services\/binnenhafengelderklaerung\/","url":"https:\/\/www.portbase.com\/de\/services\/binnenhafengelderklaerung\/","name":"Binnenhafengelderkl\u00e4rung - Portbase","isPartOf":{"@id":"https:\/\/www.portbase.com\/de\/#website"},"primaryImageOfPage":{"@id":"https:\/\/www.portbase.com\/de\/services\/binnenhafengelderklaerung\/#primaryimage"},"image":{"@id":"https:\/\/www.portbase.com\/de\/services\/binnenhafengelderklaerung\/#primaryimage"},"thumbnailUrl":"https:\/\/www.portbase.com\/wp-content\/uploads\/2024\/04\/Binnenhavengeld.svg","datePublished":"2024-03-20T10:15:38+00:00","dateModified":"2026-02-05T14:59:42+00:00","description":"\u00dcber den Dienst Binnenhafengelderkl\u00e4rung k\u00f6nnen Binnenschiffer ihren Aufenthalt direkt an die Hafenbeh\u00f6rde Rotterdam melden.","breadcrumb":{"@id":"https:\/\/www.portbase.com\/de\/services\/binnenhafengelderklaerung\/#breadcrumb"},"inLanguage":"de","potentialAction":[{"@type":"ReadAction","target":["https:\/\/www.portbase.com\/de\/services\/binnenhafengelderklaerung\/"]}]},{"@type":"ImageObject","inLanguage":"de","@id":"https:\/\/www.portbase.com\/de\/services\/binnenhafengelderklaerung\/#primaryimage","url":"https:\/\/www.portbase.com\/wp-content\/uploads\/2024\/04\/Binnenhavengeld.svg","contentUrl":"https:\/\/www.portbase.com\/wp-content\/uploads\/2024\/04\/Binnenhavengeld.svg","caption":"Binnenhavengeld"},{"@type":"BreadcrumbList","@id":"https:\/\/www.portbase.com\/de\/services\/binnenhafengelderklaerung\/#breadcrumb","itemListElement":[{"@type":"ListItem","position":1,"name":"Home","item":"https:\/\/www.portbase.com\/de\/"},{"@type":"ListItem","position":2,"name":"Binnenhafengelderkl\u00e4rung"}]},{"@type":"WebSite","@id":"https:\/\/www.portbase.com\/de\/#website","url":"https:\/\/www.portbase.com\/de\/","name":"Portbase","description":"","publisher":{"@id":"https:\/\/www.portbase.com\/de\/#organization"},"potentialAction":[{"@type":"SearchAction","target":{"@type":"EntryPoint","urlTemplate":"https:\/\/www.portbase.com\/de\/?s={search_term_string}"},"query-input":{"@type":"PropertyValueSpecification","valueRequired":true,"valueName":"search_term_string"}}],"inLanguage":"de"},{"@type":"Organization","@id":"https:\/\/www.portbase.com\/de\/#organization","name":"Portbase","url":"https:\/\/www.portbase.com\/de\/","logo":{"@type":"ImageObject","inLanguage":"de","@id":"https:\/\/www.portbase.com\/de\/#\/schema\/logo\/image\/","url":"https:\/\/www.portbase.com\/wp-content\/uploads\/2024\/03\/portbase-logo.svg","contentUrl":"https:\/\/www.portbase.com\/wp-content\/uploads\/2024\/03\/portbase-logo.svg","width":1,"height":1,"caption":"Portbase"},"image":{"@id":"https:\/\/www.portbase.com\/de\/#\/schema\/logo\/image\/"},"sameAs":["https:\/\/www.facebook.com\/portbase","https:\/\/www.linkedin.com\/company\/portbase","https:\/\/www.instagram.com\/portbase\/","https:\/\/www.youtube.com\/user\/PortbaseOnline"]}]}},"_links":{"self":[{"href":"https:\/\/www.portbase.com\/de\/wp-json\/wp\/v2\/product\/9772","targetHints":{"allow":["GET"]}}],"collection":[{"href":"https:\/\/www.portbase.com\/de\/wp-json\/wp\/v2\/product"}],"about":[{"href":"https:\/\/www.portbase.com\/de\/wp-json\/wp\/v2\/types\/product"}],"version-history":[{"count":2,"href":"https:\/\/www.portbase.com\/de\/wp-json\/wp\/v2\/product\/9772\/revisions"}],"predecessor-version":[{"id":26954,"href":"https:\/\/www.portbase.com\/de\/wp-json\/wp\/v2\/product\/9772\/revisions\/26954"}],"acf:post":[{"embeddable":true,"href":"https:\/\/www.portbase.com\/de\/wp-json\/wp\/v2\/target_audience\/13327"},{"embeddable":true,"href":"https:\/\/www.portbase.com\/de\/wp-json\/wp\/v2\/target_audience\/9758"}],"acf:term":[{"embeddable":true,"taxonomy":"product_provider","href":"https:\/\/www.portbase.com\/de\/wp-json\/wp\/v2\/product_provider\/263"},{"embeddable":true,"taxonomy":"product_attributes","href":"https:\/\/www.portbase.com\/de\/wp-json\/wp\/v2\/product_attributes\/166"},{"embeddable":true,"taxonomy":"product_attributes","href":"https:\/\/www.portbase.com\/de\/wp-json\/wp\/v2\/product_attributes\/160"}],"wp:featuredmedia":[{"embeddable":true,"href":"https:\/\/www.portbase.com\/de\/wp-json\/wp\/v2\/media\/7370"}],"wp:attachment":[{"href":"https:\/\/www.portbase.com\/de\/wp-json\/wp\/v2\/media?parent=9772"}],"curies":[{"name":"wp","href":"https:\/\/api.w.org\/{rel}","templated":true}]}}